{"id":268,"date":"2014-07-24T16:37:36","date_gmt":"2014-07-24T15:37:36","guid":{"rendered":"http:\/\/www.lesmonts.ch\/wp_fr\/?page_id=268"},"modified":"2014-08-22T12:45:43","modified_gmt":"2014-08-22T11:45:43","slug":"europaweg-grachen-zermatt","status":"publish","type":"page","link":"https:\/\/www.lesmonts.ch\/wp_fr\/randonnees\/randonnees-estivales\/europaweg-grachen-zermatt\/","title":{"rendered":"Europaweg (Gr\u00e4chen-Zermatt)"},"content":{"rendered":"<p><a href=\"http:\/\/www.lesmonts.ch\/wp_fr\/wp-content\/uploads\/2014\/07\/rothorn.jpg\"><img loading=\"lazy\" decoding=\"async\" class=\"aligncenter size-medium wp-image-199\" src=\"http:\/\/www.lesmonts.ch\/wp_fr\/wp-content\/uploads\/2014\/07\/rothorn-300x199.jpg\" alt=\"rothorn\" width=\"300\" height=\"199\" srcset=\"https:\/\/www.lesmonts.ch\/wp_fr\/wp-content\/uploads\/2014\/07\/rothorn-300x199.jpg 300w, https:\/\/www.lesmonts.ch\/wp_fr\/wp-content\/uploads\/2014\/07\/rothorn-1024x680.jpg 1024w, https:\/\/www.lesmonts.ch\/wp_fr\/wp-content\/uploads\/2014\/07\/rothorn.jpg 1400w\" sizes=\"auto, (max-width: 300px) 100vw, 300px\" \/><\/a> La randonn\u00e9e de Gr\u00e4chen \u00e0 Zermatt constitue une entreprise cons\u00e9quente de randonn\u00e9e p\u00e9destre. Si cons\u00e9quente qu&rsquo;il est probablement plus raisonnable d&rsquo;envisager de diviser le parcours en deux; les panneaux indicateurs au d\u00e9part de Gr\u00e4chen indiquent tant\u00f4t 10 heures 30, tant\u00f4t 11 heures pour rejoindre Zermatt. Ces deux horaires ne sont accessibles qu&rsquo;\u00e0 des gens bien entra\u00een\u00e9s, et ne tiennent que m\u00e9diocrement compte des haltes pique-nique ou rafra\u00eechissement indispensables dans une telle entreprise. Et puis parlons-en, de ces haltes : \u00e0 part ce que vous aurez ficel\u00e9 dans votre sac, peu de possibilit\u00e9s en chemin; m\u00eame les torrents sont relativement rares, en ao\u00fbt, sur la premi\u00e8re partie de l&rsquo;itin\u00e9raire.<br \/>\nUne cabane a \u00e9t\u00e9 am\u00e9nag\u00e9e exactement \u00e0 mi-chemin, sur les hauteurs de Randa, qui permet d&rsquo;effectuer ce mini-trek de mani\u00e8re tr\u00e9s confortable; n&rsquo;ayant pas personnellement profit\u00e9 de l&rsquo;accueil de l'\u00a0\u00bb<a title=\"Europah\u00fctte\" href=\"http:\/\/www.randa.ch\/tourismus\/berghuetten\/europahuette\/\" target=\"_blank\">Europah\u00fctte<\/a>\u00ab\u00a0, je n&rsquo;ai rien \u00e0 en dire, sinon qu&rsquo;elle est id\u00e9alement situ\u00e9e, et qu&rsquo;elle propose des chambres pour petits groupes (4 ou 6 personnes) \u00e0 la condition imp\u00e9rative de r\u00e9server. Les prix semblent raisonnables (une quarantaine de Frs en moyenne pour chambre plus petit d\u00e9jeuner), mais je serais heureux d&rsquo;avoir une opinion d&rsquo;un visiteur \u00e0 l&rsquo;occasion !<br \/>\nLa promenade s&rsquo;appelle Europaweg, mais <b>Matterhornweg<\/b> serait plus indiqu\u00e9. En effet, cette promenade semble faite \u00e0 la gloire du Cervin que l&rsquo;on rejoint en un long travelling. Les nombreux 4000 entrevus au passage (Weisshorn, Dom, Taeschorn, Zinalrothorn, Bishorn, Obergabelhorn, Lyskamm, Castor, Pollux, Breithorn, Dent d&rsquo;H\u00e9rens, Rimpfischhorn, Alphubel, et d&rsquo;autres encore), dont certains sont nettement plus \u00e9lev\u00e9s que le Cervin, sont tous irr\u00e9m\u00e9diablement \u00e9clips\u00e9s par le Cervin qui reste, en bout de vall\u00e9e comme l&rsquo;objectif inexprim\u00e9 de la rando.<br \/>\nSignalons que pour ceux qui rechignent aux sacs un peu lourds et \u00e0 l&rsquo;inconfort relatif d&rsquo;une nuit en dortoir, il est possible de diviser l&rsquo;itin\u00e9raire en deux parties largement ind\u00e9pendantes : on partira de Graechen pour la premi\u00e8re partie, et l&rsquo;on redescendra sur St. Niklaus ou Herbriggen apr\u00e8s trois ou quatre heures de route. On entreprendra la deuxi\u00e8me partie au d\u00e9part de Zermatt, ou de Sunnegga plus pr\u00e9cis\u00e9ment, et l&rsquo;on redescendra sur Taesch une heure apr\u00e8s avoir pass\u00e9 par Ottawan o\u00f9 on se sera restaur\u00e9 avec une assiette valaisanne et un pot de D\u00f4le Blanche.<\/p>\n<h3>Situation :<\/h3>\n<p>Gr\u00e4chen, vall\u00e9e de la Vispa. De Vi\u00e8ge (VS), utiliser le train Brig-Visp-Zermatt jusqu&rsquo;\u00e0 St. Nicolas, et depuis l\u00e0, une automobile postale jusqu&rsquo;\u00e0 Gr\u00e4chen.<\/p>\n<h3>Difficult\u00e9, altitude :<\/h3>\n<p>PE (Pi\u00e9ton exp\u00e9riment\u00e9). De bons souliers sont indispensables; en d\u00e9but de saison, gros risques d&rsquo;avalanches et chutes de pierre sur TOUT le parcours. Avant le mois de juillet, une petite corde et un piolet semblent indispensables. En cas de doute, il faut s&rsquo;abstenir.<\/p>\n<h3>Horaire :<\/h3>\n<p>Compter 11 \u00e0 13 heures de Gr\u00e4chen. Il est possible de partir de Gasenried, mais les 30 minutes gagn\u00e9es sont insignifiantes. L&rsquo;itin\u00e9raire propos\u00e9 ici \u00e9vite totalement Gasenried, mais est \u00e0 mon avis plus sympa.<\/p>\n<h3>Itin\u00e9raire :<\/h3>\n<p>Il est bien s\u00fbr possible de faire cet itin\u00e9raire de Zermatt \u00e0 Graechen, ce qui est probablement moins p\u00e9nible, surtout si on part de Sunnegga; mais comme dit plus haut, la rando ne prend tout son sens que de <b>Graechen VERS Zermatt<\/b>, alors&#8230;<br \/>\nDe Graechen, arriv\u00e9e du car postal (Visp, puis train Brig Visp Zermatt jusqu&rsquo;\u00e0 St. Niklaus, puis car postal pour Graechen), ne pas se pr\u00e9cipiter sur les panneaux indiquant \u00ab\u00a0Europaweg Graechen Zermatt\u00a0\u00bb avec des indications horaires fantaisistes, mais rep\u00e9rer des panneaux de tourisme p\u00e9destre indiquant \u00ab\u00a0Seetalhorn\u00a0\u00bb, et les suivre (on traverse un petit parc d&rsquo;attractions pour enfants tr\u00e8s sympa, puis une for\u00eat avec un petit lac artificiel (Z&rsquo;Seeuw) en remontant de 150 m\u00e8tres environ; on arrive \u00e0 un bisse, avec des panneaux indicateurs nombreux, mais assez fantaisistes, indiquant tant\u00f4t \u00ab\u00a0Bordierh\u00fctte\u00a0\u00bb, puis \u00ab\u00a0Alpja\u00a0\u00bb, puis \u00ab\u00a0Riedbach\u00a0\u00bb, puis \u00ab\u00a0Riedgletscher\u00a0\u00bb, ou encore \u00ab\u00a0Gletschertor\u00a0\u00bb et j&rsquo;en oublie certainement. Suivre la direction de Bordierh\u00fctte ou de Alpja jusqu&rsquo;\u00e0 un panneau indicateur marquant le lieu-dit \u00ab\u00a0Gletschertor\u00a0\u00bb; on aura apr\u00e8s une petite heure de marche quitt\u00e9 le bisse pour entamer une mont\u00e9e tranquille vers le bas du Riedgletscher. Traverser le torrent, et suivre les panneaux \u00ab\u00a0Bordierh\u00fctte\u00a0\u00bb jusqu&rsquo;\u00e0 un panneau indiquant \u00ab\u00a0zum Europaweg\u00a0\u00bb, et redescendre (environ 10 minutes de descente) pour rejoindre le chemin \u00ab\u00a0officiel\u00a0\u00bb mais nettement moins pittoresque que l&rsquo;on va d\u00e9sormais suivre pour une dizaine d&rsquo;heures encore.<\/p>\n<p><center><a href=\"http:\/\/www.lesmonts.ch\/wp_fr\/wp-content\/uploads\/2014\/07\/IMGP0836.jpg\"><img loading=\"lazy\" decoding=\"async\" class=\"aligncenter size-medium wp-image-3293\" src=\"http:\/\/www.lesmonts.ch\/wp_fr\/wp-content\/uploads\/2014\/07\/IMGP0836-300x225.jpg\" alt=\"IMGP0836\" width=\"300\" height=\"225\" srcset=\"https:\/\/www.lesmonts.ch\/wp_fr\/wp-content\/uploads\/2014\/07\/IMGP0836-300x225.jpg 300w, https:\/\/www.lesmonts.ch\/wp_fr\/wp-content\/uploads\/2014\/07\/IMGP0836-1024x768.jpg 1024w, https:\/\/www.lesmonts.ch\/wp_fr\/wp-content\/uploads\/2014\/07\/IMGP0836.jpg 1400w\" sizes=\"auto, (max-width: 300px) 100vw, 300px\" \/><\/a><\/center><center><a href=\"http:\/\/www.lesmonts.ch\/wp_fr\/wp-content\/uploads\/2014\/07\/IMGP0834.jpg\"><img loading=\"lazy\" decoding=\"async\" class=\"aligncenter size-medium wp-image-3294\" src=\"http:\/\/www.lesmonts.ch\/wp_fr\/wp-content\/uploads\/2014\/07\/IMGP0834-300x225.jpg\" alt=\"IMGP0834\" width=\"300\" height=\"225\" srcset=\"https:\/\/www.lesmonts.ch\/wp_fr\/wp-content\/uploads\/2014\/07\/IMGP0834-300x225.jpg 300w, https:\/\/www.lesmonts.ch\/wp_fr\/wp-content\/uploads\/2014\/07\/IMGP0834-1024x768.jpg 1024w, https:\/\/www.lesmonts.ch\/wp_fr\/wp-content\/uploads\/2014\/07\/IMGP0834.jpg 1400w\" sizes=\"auto, (max-width: 300px) 100vw, 300px\" \/><\/a><\/center>La mont\u00e9e tr\u00e8s s\u00e8che qui s&rsquo;ensuit m\u00e8ne au Grathorn: courage, c&rsquo;est le plus important d\u00e9nivel\u00e9 du parcours ! Ensuite, le chemin se fait plus horizontal, encore que toujours montant et descendant; de nombreux c\u00e2bles et cordes fixes facilitent les passages d\u00e9licats. A ce sujet, il peut \u00eatre prudent de se renseigner \u00e0 l&rsquo;office du tourisme de Graechen sur l&rsquo;\u00e9tat de l&rsquo;itin\u00e9raire : on traverse en effet de nombreux couloirs tr\u00e8s escarp\u00e9s, et au printemps, il n&rsquo;est pas \u00e9vident que le chemin soit encore praticable&#8230;<br \/>\nL&rsquo;itin\u00e9raire est ensuite \u00e9vident; mais peut devenir d\u00e9licat par mauvais temps; se souvenir qu&rsquo;il n&rsquo;est pas possible de redescendre n&rsquo;importe o\u00f9 sur cet itin\u00e9raire; l&rsquo;apparition de la neige pourrait rendre certains tron\u00e7ons assez p\u00e9rilleux; par ailleurs, l&rsquo;itin\u00e9raire est fort bien \u00e9quip\u00e9. En fin de route, le chemin arrive \u00e0 Tufteren, pr\u00e8s d&rsquo;une magnifique terrasse et d&rsquo;un chemin qui ram\u00e8ne vers Zermatt en 45 minutes. La terrasse appelle \u00e0 une bi\u00e8re, qui appelle \u00e0 une assiette valaisanne-fondue-fendant-caf\u00e9, qui ensemble imposent la descente directe vers Zermatt. Prudence, car la terrasse est certes magnifique, mais aussi hors de prix; le service est correct, sans plus. Buvez une bi\u00e8re, et continuez (au point o\u00f9 vous en \u00eates&#8230;) en direction de Sunnegga, ce qui vous donnera l&rsquo;occasion de quelques coups d&rsquo;oeil fantastiques sur Zermatt&#8230; et l&rsquo;omnipr\u00e9sent Cervin. Arriv\u00e9s \u00e0 Sunnegga, avec ce que vous aurez \u00e9conomis\u00e9 sur la terrasse, vous pouvez prendre le m\u00e9tro pour \u00e9pargner vos genoux, ou aller manger la fameuse fondue \u00e0 Findeln (nettement plus sympa !)\u00a0 si toutefois il fait encore jour&#8230;<\/p>\n<p><center><a href=\"http:\/\/www.lesmonts.ch\/wp_fr\/wp-content\/uploads\/2014\/07\/IMGP0816.jpg\"><img loading=\"lazy\" decoding=\"async\" class=\"aligncenter size-medium wp-image-3295\" src=\"http:\/\/www.lesmonts.ch\/wp_fr\/wp-content\/uploads\/2014\/07\/IMGP0816-300x225.jpg\" alt=\"IMGP0816\" width=\"300\" height=\"225\" srcset=\"https:\/\/www.lesmonts.ch\/wp_fr\/wp-content\/uploads\/2014\/07\/IMGP0816-300x225.jpg 300w, https:\/\/www.lesmonts.ch\/wp_fr\/wp-content\/uploads\/2014\/07\/IMGP0816-1024x768.jpg 1024w, https:\/\/www.lesmonts.ch\/wp_fr\/wp-content\/uploads\/2014\/07\/IMGP0816.jpg 1400w\" sizes=\"auto, (max-width: 300px) 100vw, 300px\" \/><\/a><\/center><\/p>\n","protected":false},"excerpt":{"rendered":"<p>La randonn\u00e9e de Gr\u00e4chen \u00e0 Zermatt constitue une entreprise cons\u00e9quente de randonn\u00e9e p\u00e9destre. Si cons\u00e9quente qu&rsquo;il est probablement plus raisonnable d&rsquo;envisager de diviser le parcours en deux; les panneaux indicateurs au d\u00e9part de Gr\u00e4chen indiquent tant\u00f4t 10 heures 30, tant\u00f4t 11 heures pour rejoindre Zermatt. Ces deux horaires ne sont accessibles qu&rsquo;\u00e0 des gens bien &hellip; <a href=\"https:\/\/www.lesmonts.ch\/wp_fr\/randonnees\/randonnees-estivales\/europaweg-grachen-zermatt\/\" class=\"more-link\">Continuer la lecture de <span class=\"screen-reader-text\">Europaweg (Gr\u00e4chen-Zermatt)<\/span>  <span class=\"meta-nav\">&rarr;<\/span><\/a><\/p>\n","protected":false},"author":1,"featured_media":0,"parent":40,"menu_order":0,"comment_status":"open","ping_status":"open","template":"","meta":{"_crdt_document":"","ngg_post_thumbnail":0,"footnotes":""},"class_list":["post-268","page","type-page","status-publish","hentry"],"_links":{"self":[{"href":"https:\/\/www.lesmonts.ch\/wp_fr\/wp-json\/wp\/v2\/pages\/268","targetHints":{"allow":["GET"]}}],"collection":[{"href":"https:\/\/www.lesmonts.ch\/wp_fr\/wp-json\/wp\/v2\/pages"}],"about":[{"href":"https:\/\/www.lesmonts.ch\/wp_fr\/wp-json\/wp\/v2\/types\/page"}],"author":[{"embeddable":true,"href":"https:\/\/www.lesmonts.ch\/wp_fr\/wp-json\/wp\/v2\/users\/1"}],"replies":[{"embeddable":true,"href":"https:\/\/www.lesmonts.ch\/wp_fr\/wp-json\/wp\/v2\/comments?post=268"}],"version-history":[{"count":4,"href":"https:\/\/www.lesmonts.ch\/wp_fr\/wp-json\/wp\/v2\/pages\/268\/revisions"}],"predecessor-version":[{"id":3296,"href":"https:\/\/www.lesmonts.ch\/wp_fr\/wp-json\/wp\/v2\/pages\/268\/revisions\/3296"}],"up":[{"embeddable":true,"href":"https:\/\/www.lesmonts.ch\/wp_fr\/wp-json\/wp\/v2\/pages\/40"}],"wp:attachment":[{"href":"https:\/\/www.lesmonts.ch\/wp_fr\/wp-json\/wp\/v2\/media?parent=268"}],"curies":[{"name":"wp","href":"https:\/\/api.w.org\/{rel}","templated":true}]}}