{"id":266,"date":"2014-07-24T16:26:11","date_gmt":"2014-07-24T15:26:11","guid":{"rendered":"http:\/\/www.lesmonts.ch\/wp_fr\/?page_id=266"},"modified":"2019-03-04T19:16:05","modified_gmt":"2019-03-04T18:16:05","slug":"autour-de-la-pointe-de-drone","status":"publish","type":"page","link":"https:\/\/www.lesmonts.ch\/wp_fr\/randonnees\/randonnees-estivales\/autour-de-la-pointe-de-drone\/","title":{"rendered":"Autour de la Pointe de Dr\u00f4ne"},"content":{"rendered":"<p>La r\u00e9gion du Grand St. Bernard constitue un paradis pour le randonneur, aussi bien en \u00e9t\u00e9 qu&rsquo;en hiver. De la balade \u00e9picurienne de quelques petites heures, agr\u00e9ablement interrompue par une assiette de viande s\u00e9ch\u00e9e-verre de fendant au raid de plusieurs jours comprenant la France, la Suisse et l&rsquo;Italie, (tour du Mont Blanc, par exemple) tout y est possible. Passage historique des Alpes (Napol\u00e9on, bien s\u00fbr, mais avant lui probablement les l\u00e9gions romaines, voire peut-\u00eatre m\u00eame les \u00e9l\u00e9phants d&rsquo;Hannibal, plus prosa\u00efquement les contrebandiers de tout poil), le col constitue en effet le point de passage le plus facile entre la vall\u00e9e du Rh\u00f4ne et la plaine du P\u00f4. La ballade propos\u00e9e ici permet de faire un tour d&rsquo;horizon de la r\u00e9gion, puisqu&rsquo;elle permet de voir successivement trois aspects du massif du Grand St.Bernard :<\/p>\n<ul>\n<li>A l&rsquo;Est, le massif du Grand Combin et le V\u00e9lan<\/li>\n<li>A l&rsquo;Ouest, le Mont Blanc<\/li>\n<li>Au Sud, le Grand Paradis, la Grivola et le val d&rsquo;Aoste<\/li>\n<\/ul>\n<p>Bien s\u00fbr, plus loin, on distingue les Alpes Bernoises, le plateau suisse, la vall\u00e9e du Rh\u00f4ne et le Jura, mais c&rsquo;est essentiellement les trois \u00e9l\u00e9ments ci-dessus qui font le caract\u00e8re de la r\u00e9gion du Grand St. Bernard. De plus, cette randonn\u00e9e tout de m\u00eame assez exigeante (entre 5h30 et 6 heures) passe par les lacs de Fen\u00eatre, un des plus beaux endroits de la r\u00e9gion !<\/p>\n<hr>\n<p>Difficult\u00e9 : P (pi\u00e9ton; attention aux plaques de neige en d\u00e9but de saison, surtout sous le Pas des Chevaux)<\/p>\n<p>Altitude, D\u00e9nivel\u00e9 : Hospice 2469m, Pas des Chevaux 2714m, Petit L\u00e9 2436m, Col des Chevaux 2754m, Lacs de Fen\u00eatre 2456m, Fen\u00eatre de Ferret 2698m<\/p>\n<p>Horaire : 6 heures de l&rsquo;hospice \u00e0 l&rsquo;hospice<\/p>\n<p>Mat\u00e9riel : Bons souliers, Pique-nique, \u00e0 boire; en d\u00e9but de saison, plusieurs secteurs restent enneig\u00e9s longtemps. La travers\u00e9e de certains couloirs peut d\u00e9s lors s&rsquo;av\u00e9rer d\u00e9licate. Pr\u00e9voir une cordelette de 20m en 8mm, et un piolet pour tailler l&rsquo;une ou l&rsquo;autre marche.<\/p>\n<hr>\n<p>&nbsp;<\/p>\n<p>De l&rsquo;hospice du Grand St. Bernard, accessible par automobile postale \u00e0 partir de fin juin, g\u00e9n\u00e9ralement, parfois plus t\u00f4t, redescendre une trentaine de m\u00e8tres sur la route versant suisse; on rep\u00e8re \u00e0 gauche en descendant un sentier qui quitte la route, indiqu\u00e9 d&rsquo;ailleurs un peu plus haut par un panneau indicateur jaune du tourisme p\u00e9destre suisse. Emprunter ce sentier bien marqu\u00e9, sans difficult\u00e9s, jusqu&rsquo;au passage des Chevaux (2714 m). De l\u00e0, la vue s&rsquo;ouvre sur le massif du Mont Blanc. On peut descendre directement sous le col en direction de la combe de Dr\u00f4ne (chemin bien marqu\u00e9), ou suivre un autre sentier qui part au Nord-Ouest et qui suit plus ou moins horizontalement le fond de la combe de Dr\u00f4ne. Les deux sentiers se rejoignent \u00e0 l&rsquo;altitude 2581m, mais le second permet de rester \u00e0 plus haute altitude. En revanche, si les n\u00e9v\u00e9s persistent, le premier sentier sera probablement plus confortable, bien qu&rsquo;il faille descendre plus bas.<br \/>\nDu Petit L\u00e9, remonter vers le col des Chevaux (2754m), bien visible au Sud des Monts Telliers. La descente sur les lacs de Fen\u00eatre peut \u00eatre p\u00e9rilleuse en pr\u00e9sence de neige, mais le chemin est bien marqu\u00e9 et on atteint facilement les lacs de Fen\u00eatre \u00e0 2456 m d&rsquo;altitude, d&rsquo;o\u00f9 une descente sur La Fouly en deux heures est possible.<\/p>\n<p><a href=\"http:\/\/www.lesmonts.ch\/wp_fr\/wp-content\/uploads\/2014\/07\/LacsFenetre.jpg\"><img loading=\"lazy\" decoding=\"async\" class=\"aligncenter size-medium wp-image-4347\" src=\"http:\/\/www.lesmonts.ch\/wp_fr\/wp-content\/uploads\/2014\/07\/LacsFenetre-300x60.jpg\" alt=\"LacsFenetre\" width=\"300\" height=\"60\" srcset=\"https:\/\/www.lesmonts.ch\/wp_fr\/wp-content\/uploads\/2014\/07\/LacsFenetre-300x60.jpg 300w, https:\/\/www.lesmonts.ch\/wp_fr\/wp-content\/uploads\/2014\/07\/LacsFenetre-1024x206.jpg 1024w, https:\/\/www.lesmonts.ch\/wp_fr\/wp-content\/uploads\/2014\/07\/LacsFenetre.jpg 1400w\" sizes=\"auto, (max-width: 300px) 100vw, 300px\" \/><\/a>Les trois lacs de Fen\u00eatre sont magnifiques; mais le plus beau est celui vers lequel on ne s&rsquo;arr\u00eate pas g\u00e9n\u00e9ralement, car il est situ\u00e9 \u00e0 l&rsquo;\u00e9cart du chemin. C&rsquo;est le lac sup\u00e9rieur de Fen\u00eatre (le plus \u00e9lev\u00e9 en altitude) : se d\u00e9router de quelques dizaines de m\u00e8tres pour d\u00e9couvrir ce joyau alpin est indispensable.<\/p>\n<p><a href=\"http:\/\/www.lesmonts.ch\/wp_fr\/wp-content\/uploads\/2014\/07\/LacFenetre.jpg\"><img loading=\"lazy\" decoding=\"async\" class=\"aligncenter size-medium wp-image-4344\" src=\"http:\/\/www.lesmonts.ch\/wp_fr\/wp-content\/uploads\/2014\/07\/LacFenetre-300x124.jpg\" alt=\"Lac de Fenetre\" width=\"300\" height=\"124\" srcset=\"https:\/\/www.lesmonts.ch\/wp_fr\/wp-content\/uploads\/2014\/07\/LacFenetre-300x124.jpg 300w, https:\/\/www.lesmonts.ch\/wp_fr\/wp-content\/uploads\/2014\/07\/LacFenetre-1024x424.jpg 1024w, https:\/\/www.lesmonts.ch\/wp_fr\/wp-content\/uploads\/2014\/07\/LacFenetre.jpg 1400w\" sizes=\"auto, (max-width: 300px) 100vw, 300px\" \/><\/a>Remonter ensuite vers la Fen\u00eatre de Ferret, o\u00f9 on admirera les fleurs de rocailles magnifiques et les bouquetins qui se prom\u00e8nent souvent dans les rochers au Nord du col.<\/p>\n<p><a href=\"http:\/\/www.lesmonts.ch\/wp_fr\/wp-content\/uploads\/2014\/07\/ColFenetreBouquetin.jpg\"><img loading=\"lazy\" decoding=\"async\" class=\"aligncenter size-medium wp-image-4345\" src=\"http:\/\/www.lesmonts.ch\/wp_fr\/wp-content\/uploads\/2014\/07\/ColFenetreBouquetin-300x152.jpg\" alt=\"Col de Fenetre, Bouquetin\" width=\"300\" height=\"152\" srcset=\"https:\/\/www.lesmonts.ch\/wp_fr\/wp-content\/uploads\/2014\/07\/ColFenetreBouquetin-300x152.jpg 300w, https:\/\/www.lesmonts.ch\/wp_fr\/wp-content\/uploads\/2014\/07\/ColFenetreBouquetin-1024x517.jpg 1024w, https:\/\/www.lesmonts.ch\/wp_fr\/wp-content\/uploads\/2014\/07\/ColFenetreBouquetin.jpg 1400w\" sizes=\"auto, (max-width: 300px) 100vw, 300px\" \/><\/a><\/p>\n<p><a href=\"http:\/\/www.lesmonts.ch\/wp_fr\/wp-content\/uploads\/2014\/07\/ColFenetreFleurs.jpg\"><img loading=\"lazy\" decoding=\"async\" class=\"aligncenter size-medium wp-image-4346\" src=\"http:\/\/www.lesmonts.ch\/wp_fr\/wp-content\/uploads\/2014\/07\/ColFenetreFleurs-300x200.jpg\" alt=\"Col Fenetre Fleurs\" width=\"300\" height=\"200\" srcset=\"https:\/\/www.lesmonts.ch\/wp_fr\/wp-content\/uploads\/2014\/07\/ColFenetreFleurs-300x200.jpg 300w, https:\/\/www.lesmonts.ch\/wp_fr\/wp-content\/uploads\/2014\/07\/ColFenetreFleurs-1024x682.jpg 1024w, https:\/\/www.lesmonts.ch\/wp_fr\/wp-content\/uploads\/2014\/07\/ColFenetreFleurs.jpg 1400w\" sizes=\"auto, (max-width: 300px) 100vw, 300px\" \/><\/a>Puis on revient sur l&rsquo;Italie par des chemins toujours bien marqu\u00e9s. La solution de facilit\u00e9 est de suivre le chemin qui rejoint la route du col en contrebas. Un peu au-dessus de la route, il est possible d&#8217;emprunter un sentier pas toujours bien marqu\u00e9, qui d\u00e9passe d&rsquo;abord un petit promontoire, puis rejoint le col et l&rsquo;Hospice \u00e0 l&rsquo;horizontale. Il est aussi possible d&rsquo;utiliser un sentier \u00e0 peine marqu\u00e9 qui part quelques 30 m\u00e8tres sous le col en direction g\u00e9n\u00e9rale Est-Sud-Est, franchit un petit col sur une ar\u00eate bien visible sur la gauche en descendant, et qui finit par rejoindre le sentier \u00e9voqu\u00e9 pr\u00e9c\u00e9demment. Attention tout de m\u00eame \u00e0 une travers\u00e9e de barre rocheuse n\u00e9cessaire avant de parvenir sous le col : elle peut \u00eatre dangereuse, les rochers sont glissants et d\u00e9lit\u00e9s, et le chemin est tr\u00e8s mal marqu\u00e9. Le but est bien s\u00fbr de rejoindre le col du Grand St.Bernard \u00e0 la douane italienne pour clore le p\u00e9riple.<\/p>\n<p>Le chemin \u00ab\u00a0normal\u00a0\u00bb rejoint la route pr\u00e8s de deux fermes d&rsquo;alpage au bord de la route Napol\u00e9on; apr\u00e8s avoir travers\u00e9 la route, le sentier muletier historique nous ram\u00e8ne au col en une petite vingtaine de minutes.<\/p>\n<hr>\n<p>Si l&rsquo;itin\u00e9raire propos\u00e9 plus haut vous para\u00eet trop ambitieux, il est possible d&rsquo;admirer les merveilleux lacs de Fen\u00eatre plus facilement; la m\u00e9thode la plus simple consiste \u00e0 traverser en voiture la fronti\u00e8re au col du Grand St Bernard, descendre sur l&rsquo;Italie, et parquer quelque 100 m\u00e8tres apr\u00e8s une galerie, \u00e0 proximit\u00e9 de deux fermes d&rsquo;alpage. De l\u00e0 part un chemin bien marqu\u00e9 indiqu\u00e9 par des num\u00e9ros, ainsi qu&rsquo;il est d&rsquo;usage en Italie. Le sentier \u00e0 suivre est le 13 A qui m\u00e8ne au col de Fen\u00eatre et aux lacs. Le retour se fait par le m\u00eame chemin.<\/p>\n<hr>\n<p>Il est \u00e9galement possible de r\u00e9aliser une jolie travers\u00e9e au d\u00e9part d&rsquo;Orsi\u00e8res, en empruntant le car postal (vers 09h00 au d\u00e9part de la gare d&rsquo;Orsi\u00e8res) pour l&rsquo;hospice, en rejoignant l&rsquo;itin\u00e9raire pr\u00e9c\u00e9dent depuis l&rsquo;hospice, et en continuant en direction de Ferret et de la Fouly depuis les lacs de Fen\u00eatre. Le car postal ram\u00e8ne ensuite depuis la Fouly vers Orsi\u00e8res.&nbsp;<\/p>\n","protected":false},"excerpt":{"rendered":"<p>La r\u00e9gion du Grand St. Bernard constitue un paradis pour le randonneur, aussi bien en \u00e9t\u00e9 qu&rsquo;en hiver. De la balade \u00e9picurienne de quelques petites heures, agr\u00e9ablement interrompue par une assiette de viande s\u00e9ch\u00e9e-verre de fendant au raid de plusieurs jours comprenant la France, la Suisse et l&rsquo;Italie, (tour du Mont Blanc, par exemple) tout &hellip; <a href=\"https:\/\/www.lesmonts.ch\/wp_fr\/randonnees\/randonnees-estivales\/autour-de-la-pointe-de-drone\/\" class=\"more-link\">Continuer la lecture de <span class=\"screen-reader-text\">Autour de la Pointe de Dr\u00f4ne<\/span>  <span class=\"meta-nav\">&rarr;<\/span><\/a><\/p>\n","protected":false},"author":1,"featured_media":0,"parent":40,"menu_order":0,"comment_status":"open","ping_status":"open","template":"","meta":{"_crdt_document":"","ngg_post_thumbnail":0,"footnotes":""},"class_list":["post-266","page","type-page","status-publish","hentry"],"_links":{"self":[{"href":"https:\/\/www.lesmonts.ch\/wp_fr\/wp-json\/wp\/v2\/pages\/266","targetHints":{"allow":["GET"]}}],"collection":[{"href":"https:\/\/www.lesmonts.ch\/wp_fr\/wp-json\/wp\/v2\/pages"}],"about":[{"href":"https:\/\/www.lesmonts.ch\/wp_fr\/wp-json\/wp\/v2\/types\/page"}],"author":[{"embeddable":true,"href":"https:\/\/www.lesmonts.ch\/wp_fr\/wp-json\/wp\/v2\/users\/1"}],"replies":[{"embeddable":true,"href":"https:\/\/www.lesmonts.ch\/wp_fr\/wp-json\/wp\/v2\/comments?post=266"}],"version-history":[{"count":11,"href":"https:\/\/www.lesmonts.ch\/wp_fr\/wp-json\/wp\/v2\/pages\/266\/revisions"}],"predecessor-version":[{"id":6697,"href":"https:\/\/www.lesmonts.ch\/wp_fr\/wp-json\/wp\/v2\/pages\/266\/revisions\/6697"}],"up":[{"embeddable":true,"href":"https:\/\/www.lesmonts.ch\/wp_fr\/wp-json\/wp\/v2\/pages\/40"}],"wp:attachment":[{"href":"https:\/\/www.lesmonts.ch\/wp_fr\/wp-json\/wp\/v2\/media?parent=266"}],"curies":[{"name":"wp","href":"https:\/\/api.w.org\/{rel}","templated":true}]}}