{"id":198,"date":"2014-07-19T11:31:51","date_gmt":"2014-07-19T10:31:51","guid":{"rendered":"http:\/\/www.lesmonts.ch\/wp_fr\/?page_id=198"},"modified":"2019-03-04T21:28:52","modified_gmt":"2019-03-04T20:28:52","slug":"zermatt-sunnegga","status":"publish","type":"page","link":"https:\/\/www.lesmonts.ch\/wp_fr\/randonnees\/randonnees-estivales\/zermatt-sunnegga\/","title":{"rendered":"Zermatt, Sunnegga"},"content":{"rendered":"<p><a href=\"http:\/\/www.lesmonts.ch\/wp_fr\/wp-content\/uploads\/2014\/07\/rothorn.jpg\"><img loading=\"lazy\" decoding=\"async\" class=\"alignnone size-medium wp-image-199\" src=\"http:\/\/www.lesmonts.ch\/wp_fr\/wp-content\/uploads\/2014\/07\/rothorn-300x199.jpg\" alt=\"rothorn\" width=\"300\" height=\"199\" srcset=\"https:\/\/www.lesmonts.ch\/wp_fr\/wp-content\/uploads\/2014\/07\/rothorn-300x199.jpg 300w, https:\/\/www.lesmonts.ch\/wp_fr\/wp-content\/uploads\/2014\/07\/rothorn-1024x680.jpg 1024w, https:\/\/www.lesmonts.ch\/wp_fr\/wp-content\/uploads\/2014\/07\/rothorn.jpg 1400w\" sizes=\"auto, (max-width: 300px) 100vw, 300px\" \/><\/a><\/p>\n<p>On va \u00e0 Zermatt pour voir le Cervin. Du moins, pour beaucoup de touristes, il en va ainsi; certains ont fait la moiti\u00e9 du tour de la plan\u00e8te pour la vision \u00e9ph\u00e9m\u00e8re de cette montagne mythique. Certains autres en ont fait autant, mais n&rsquo;ont pas vu la montagne en question, cach\u00e9e dans un nuage intempestif.<\/p>\n<p>R\u00e9duire le site de Zermatt au seul Cervin est pour le moins injuste. Les remont\u00e9es m\u00e9caniques offrent des possibilit\u00e9s innombrables de promenades peu p\u00e9nibles, et tr\u00e8s payantes sur le plan du panorama offert, et de la faune et la flore. Dans le cas pr\u00e9sent, je vous propose un itin\u00e9raire peu p\u00e9nible, mais n\u00e9anmoins soutenu, avec quelques variantes possibles, sur le versant Rothorn &#8211; Sunnegga.<\/p>\n<hr>\n<p>L&rsquo;itin\u00e9raire part de la station interm\u00e9diaire de Blauherd, mais il n&rsquo;est pas interdit de gagner en t\u00e9l\u00e9ph\u00e9rique la station terminale de l&rsquo;Unterrothorn (pompeusement baptis\u00e9e \u00ab\u00a0Rothorn Paradise\u00a0\u00bb tant il est vrai qu&rsquo;\u00e0 Zermatt, on ne saurait \u00eatre qu&rsquo;au Paradis, et que ledit Paradis se d\u00e9cline uniquement en anglo-saxon&#8230;). La terrasse b\u00e9n\u00e9ficie d&rsquo;une vue ph\u00e9nom\u00e9nale, \u00e0 peine moins d\u00e9gag\u00e9e qu&rsquo;au Gornergrat tout proche, l&rsquo;assiette valaisanne y est tr\u00e8s correcte (r\u00e9cemment h\u00e9las, le restaurant est devenu une pizzeria;du coup, pour l&rsquo;assiette valaisanne, dommage&#8230;); le seul reproche \u00e0 faire est qu&rsquo;une fois assis l\u00e0, il est difficile de se lever pour aller marcher&#8230;<\/p>\n<p>Zermatt \u00e9dite un guide fort bien fait qui indique les itin\u00e9raires de randonn\u00e9e. On trouve ce fascicule sur des pr\u00e9sentoirs au d\u00e9part des installations de remont\u00e9e m\u00e9canique. Au d\u00e9part de Blauherd, on retiendra le \u00ab\u00a0Murmelweg\u00a0\u00bb (chemin des Marmottes), qui m\u00eane au Stellisee, puis longe l&rsquo;ar\u00eate du Rothorn en descendant en direction de Sunnegga. Je n&rsquo;ai que rarement remarqu\u00e9 des marmottes sur ce trac\u00e9, mais que de fleurs, en revanche !<\/p>\n<p><a href=\"http:\/\/www.lesmonts.ch\/wp_fr\/wp-content\/uploads\/2014\/07\/murmelweg1.jpg\"><img loading=\"lazy\" decoding=\"async\" class=\"alignnone size-medium wp-image-201\" src=\"http:\/\/www.lesmonts.ch\/wp_fr\/wp-content\/uploads\/2014\/07\/murmelweg1-300x199.jpg\" alt=\"murmelweg1\" width=\"300\" height=\"199\" srcset=\"https:\/\/www.lesmonts.ch\/wp_fr\/wp-content\/uploads\/2014\/07\/murmelweg1-300x199.jpg 300w, https:\/\/www.lesmonts.ch\/wp_fr\/wp-content\/uploads\/2014\/07\/murmelweg1-1024x680.jpg 1024w, https:\/\/www.lesmonts.ch\/wp_fr\/wp-content\/uploads\/2014\/07\/murmelweg1.jpg 1400w\" sizes=\"auto, (max-width: 300px) 100vw, 300px\" \/><\/a><\/p>\n<p><a href=\"http:\/\/www.lesmonts.ch\/wp_fr\/wp-content\/uploads\/2014\/07\/murmelweg2.jpg\"><img loading=\"lazy\" decoding=\"async\" class=\"alignnone size-medium wp-image-202\" src=\"http:\/\/www.lesmonts.ch\/wp_fr\/wp-content\/uploads\/2014\/07\/murmelweg2-300x203.jpg\" alt=\"murmelweg2\" width=\"300\" height=\"203\" srcset=\"https:\/\/www.lesmonts.ch\/wp_fr\/wp-content\/uploads\/2014\/07\/murmelweg2-300x203.jpg 300w, https:\/\/www.lesmonts.ch\/wp_fr\/wp-content\/uploads\/2014\/07\/murmelweg2-1024x693.jpg 1024w, https:\/\/www.lesmonts.ch\/wp_fr\/wp-content\/uploads\/2014\/07\/murmelweg2.jpg 1400w\" sizes=\"auto, (max-width: 300px) 100vw, 300px\" \/><\/a><\/p>\n<p>Un autre chemin au d\u00e9part de Blauherd est le 5-Seenweg (chemin des 5 lacs). Malgr\u00e9 un nom accrocheur, cet itin\u00e9raire est relativement inint\u00e9ressant, sauf pr\u00e8s du Mosjisee et du Gr\u00fcnsee.<\/p>\n<hr>\n<p><a href=\"http:\/\/www.lesmonts.ch\/wp_fr\/wp-content\/uploads\/2014\/07\/adlerhitta.jpg\"><img loading=\"lazy\" decoding=\"async\" class=\"alignnone size-medium wp-image-207\" src=\"http:\/\/www.lesmonts.ch\/wp_fr\/wp-content\/uploads\/2014\/07\/adlerhitta-300x225.jpg\" alt=\"adlerhitta\" width=\"300\" height=\"225\" srcset=\"https:\/\/www.lesmonts.ch\/wp_fr\/wp-content\/uploads\/2014\/07\/adlerhitta-300x225.jpg 300w, https:\/\/www.lesmonts.ch\/wp_fr\/wp-content\/uploads\/2014\/07\/adlerhitta-1024x768.jpg 1024w, https:\/\/www.lesmonts.ch\/wp_fr\/wp-content\/uploads\/2014\/07\/adlerhitta.jpg 1200w\" sizes=\"auto, (max-width: 300px) 100vw, 300px\" \/><\/a><\/p>\n<p>De Sunnegga, on peut redescendre \u00e0 l&rsquo;aide du funiculaire souterrain, mais c&rsquo;est un peu dommage. Il est plus int\u00e9ressant de descendre sur Findeln (les affam\u00e9s vont trouver l\u00e0 \u00e0 qui parler : <a title=\"Adler-Hitta\" href=\"http:\/\/www.zermatt.ch\/fr\/Media\/Restaurants-bars-clubs\/Restaurant-de-montagne-Zermatt-Adler-Hitta\" target=\"_blank\" rel=\"noopener noreferrer\">Adler-Hitta<\/a>&nbsp;, <a title=\"Chez Vrony\" href=\"http:\/\/www.chezvrony.ch\/de\/restaurant\/index.php\" target=\"_blank\" rel=\"noopener noreferrer\">Chez Vrony<\/a>, <a title=\"Paradies\" href=\"http:\/\/www.paradies-zermatt.ch\/home.html\" target=\"_blank\" rel=\"noopener noreferrer\">Paradies<\/a>, <a title=\"Enzian\" href=\"http:\/\/www.myswitzerland.com\/fr-ch\/restaurant-enzian-1899m.html\" target=\"_blank\" rel=\"noopener noreferrer\">Enzian<\/a>, des endroits difficiles \u00e0 quitter m\u00eame si on est rest\u00e9 mod\u00e9r\u00e9 sur les boissons alcoolis\u00e9es !), puis sur Zermatt par le chemin d&rsquo;ar\u00eate qui part depuis la terrasse du restaurant Adler-Hitta, et qui serpente dans une belle for\u00eat tout au long de la descente. Attention, certains des restaurants de Findeln pratiquent des prix qui ne sont pas ceux d&rsquo;un restaurant de montagne traditionnel; en revanche, la qualit\u00e9 est au rendez-vous.<\/p>\n<hr>\n<p>&nbsp;<\/p>\n<p>Il est aussi possible, depuis Sunnegga, d&rsquo;aller en direction de Tufteren par un chemin confortable; le hameau de Tufteren ressemble un peu \u00e0 un mus\u00e9e en plein air, et le seul bistrot dispose d&rsquo;une terrasse magnifique; les derni\u00e8res fois que j&rsquo;y suis pass\u00e9, le service n&rsquo;\u00e9tait gu\u00e8re \u00e0 la hauteur des prix pratiqu\u00e9s; mais on peut esp\u00e9rer que cela s&rsquo;am\u00e9liore&#8230; Ensuite le chemin de descente sur Zermatt est confortable \u00e0 travers une belle for\u00eat de conif\u00e8res.<\/p>\n<hr>\n<p><a href=\"http:\/\/www.lesmonts.ch\/wp_fr\/wp-content\/uploads\/2014\/07\/fleursZermatt.jpg\"><img loading=\"lazy\" decoding=\"async\" class=\"alignnone size-medium wp-image-204\" src=\"http:\/\/www.lesmonts.ch\/wp_fr\/wp-content\/uploads\/2014\/07\/fleursZermatt-219x300.jpg\" alt=\"fleursZermatt\" width=\"219\" height=\"300\" srcset=\"https:\/\/www.lesmonts.ch\/wp_fr\/wp-content\/uploads\/2014\/07\/fleursZermatt-219x300.jpg 219w, https:\/\/www.lesmonts.ch\/wp_fr\/wp-content\/uploads\/2014\/07\/fleursZermatt-749x1024.jpg 749w, https:\/\/www.lesmonts.ch\/wp_fr\/wp-content\/uploads\/2014\/07\/fleursZermatt.jpg 1025w\" sizes=\"auto, (max-width: 219px) 100vw, 219px\" \/><\/a><\/p>\n<p>Si l&rsquo;on est \u00e0 Tufteren, pourquoi ne pas continuer sur l&rsquo;Europaweg ? La vue sur l&rsquo;Obergabelhorn, le Zinalrothorn et le Weisshorn est magnifique, la for\u00eat et les fleurs (Edelweiss, gentianes, asters, &#8230;) sont remarquables, et probablement que la voiture est rest\u00e9e au parking de T\u00e4sch o\u00f9 l&rsquo;on va arriver finalement ! De Tufteren, on emprunte l&rsquo;Europaweg en direction de Gr\u00e4chen \u00e0 travers de magnifiques for\u00eats entrecoup\u00e9es de prairies en fleurs jusqu&rsquo;\u00e0 Ottafe, o\u00f9 il est possible de se restaurer dans un cadre magnifique. Pour descendre sur T\u00e4sch, le chemin est bien marqu\u00e9; une route carrossable y m\u00e8ne \u00e9galement.<\/p>\n","protected":false},"excerpt":{"rendered":"<p>On va \u00e0 Zermatt pour voir le Cervin. Du moins, pour beaucoup de touristes, il en va ainsi; certains ont fait la moiti\u00e9 du tour de la plan\u00e8te pour la vision \u00e9ph\u00e9m\u00e8re de cette montagne mythique. Certains autres en ont fait autant, mais n&rsquo;ont pas vu la montagne en question, cach\u00e9e dans un nuage intempestif. &hellip; <a href=\"https:\/\/www.lesmonts.ch\/wp_fr\/randonnees\/randonnees-estivales\/zermatt-sunnegga\/\" class=\"more-link\">Continuer la lecture de <span class=\"screen-reader-text\">Zermatt, Sunnegga<\/span>  <span class=\"meta-nav\">&rarr;<\/span><\/a><\/p>\n","protected":false},"author":1,"featured_media":0,"parent":40,"menu_order":0,"comment_status":"open","ping_status":"open","template":"","meta":{"_crdt_document":"","ngg_post_thumbnail":0,"footnotes":""},"class_list":["post-198","page","type-page","status-publish","hentry"],"_links":{"self":[{"href":"https:\/\/www.lesmonts.ch\/wp_fr\/wp-json\/wp\/v2\/pages\/198","targetHints":{"allow":["GET"]}}],"collection":[{"href":"https:\/\/www.lesmonts.ch\/wp_fr\/wp-json\/wp\/v2\/pages"}],"about":[{"href":"https:\/\/www.lesmonts.ch\/wp_fr\/wp-json\/wp\/v2\/types\/page"}],"author":[{"embeddable":true,"href":"https:\/\/www.lesmonts.ch\/wp_fr\/wp-json\/wp\/v2\/users\/1"}],"replies":[{"embeddable":true,"href":"https:\/\/www.lesmonts.ch\/wp_fr\/wp-json\/wp\/v2\/comments?post=198"}],"version-history":[{"count":4,"href":"https:\/\/www.lesmonts.ch\/wp_fr\/wp-json\/wp\/v2\/pages\/198\/revisions"}],"predecessor-version":[{"id":6698,"href":"https:\/\/www.lesmonts.ch\/wp_fr\/wp-json\/wp\/v2\/pages\/198\/revisions\/6698"}],"up":[{"embeddable":true,"href":"https:\/\/www.lesmonts.ch\/wp_fr\/wp-json\/wp\/v2\/pages\/40"}],"wp:attachment":[{"href":"https:\/\/www.lesmonts.ch\/wp_fr\/wp-json\/wp\/v2\/media?parent=198"}],"curies":[{"name":"wp","href":"https:\/\/api.w.org\/{rel}","templated":true}]}}