{"id":196,"date":"2014-07-19T10:23:58","date_gmt":"2014-07-19T09:23:58","guid":{"rendered":"http:\/\/www.lesmonts.ch\/wp_fr\/?page_id=196"},"modified":"2015-05-18T20:38:02","modified_gmt":"2015-05-18T19:38:02","slug":"cornettes-de-bise","status":"publish","type":"page","link":"https:\/\/www.lesmonts.ch\/wp_fr\/randonnees\/randonnees-estivales\/cornettes-de-bise\/","title":{"rendered":"Cornettes de Bise"},"content":{"rendered":"<div align=\"left\">Les Cornettes de Bise constituent un tr\u00e8s beau belv\u00e9d\u00e8re sur le Chablais; souvent r\u00e9alis\u00e9es \u00e0 partir du hameau de Bise, je vous propose de les d\u00e9couvrir ici en travers\u00e9e, \u00e0 partir du hameau du Flon pr\u00e8s Miex qui surplombe la vall\u00e9e du Rh\u00f4ne. Cette variante est int\u00e9ressante pour les automobilistes inv\u00e9t\u00e9r\u00e9s puisqu&rsquo;elle combine les avantages d&rsquo;une travers\u00e9e avec les avantages des courses o\u00f9 l&rsquo;on regagne son point de d\u00e9part au terminus.<br \/>\nEn voiture, on quittera l&rsquo;autoroute A9 \u00e0 Villeneuve ou \u00e0 Aigle selon que l&rsquo;on vient de l&rsquo;Ouest ou de l&rsquo;Est, et on se dirigera vers Vouvry pour bifurquer vers Miex, en remontant la route \u00e9troite qui serpente dans la falaise dominant le Rh\u00f4ne. Il est utile de ne pas arriver trop tard au Flon, car le dimanche, le hameau est envahi par les voitures des promeneurs qui se rendent au lac de Tanay ou au Grammont.<\/div>\n<div align=\"left\">On monte ensuite \u00e0 pied au lac de Tanay, et on poursuit en direction de l&rsquo;Au de Tanay, en suivant le fond du petit vallon qui s&rsquo;ouvre au bout du lac. Au niveau de la Bergerie de la montagne de l&rsquo;Au, une sente parfois peu marqu\u00e9e oblique \u00e0 gauche (d&rsquo;abord vers l&rsquo;Ouest), parvient \u00e0 un petit lagon, puis continue franchement au Sud, en direction de la paroi des Cornettes, spectaculaire \u00e0 cet endroit. Apr\u00e8s avoir \u00e9vit\u00e9 par la gauche des barres de rochers, le chemin parvient \u00e0 la Chaux du Milieu (2007m), puis franchit la barre de rochers qui m\u00e8ne \u00e0 un col bien marqu\u00e9 \u00e0 gauche (Est) du sommet des Cornettes de Bise. Suivre l&rsquo;ar\u00eate parfois glissante qui m\u00e8ne au sommet. De nombreux bouquetins r\u00e9sident \u00e0 cet endroit, et ils sont pratiquement apprivois\u00e9s: il n&rsquo;est donc pas trop difficile de les approcher. Prudence quand m\u00eame, un individu peut s&rsquo;impatienter, et il a des arguments sur la t\u00eate pour vous notifier son d\u00e9saccord&#8230;<\/div>\n<div align=\"left\">Du sommet, regagner d&rsquo;abord le col, puis poursuivre plein Est, sur le versant fran\u00e7ais, en direction de l&rsquo;alpage de La Calaz. Ce versant est abondamment fleuri, mais relativement raide. On parvient ainsi au col de Verne, que l&rsquo;on franchit pour descendre dans le vallon du m\u00eame nom. On suit ce vallon sur le chemin confortable, partiellement carrossable, jusqu&rsquo;au hameau de la Crosette, d&rsquo;o\u00f9 l&rsquo;on regagne le village du Flon et la voiture.Pour ceux qui auraient men\u00e9 leur voiture le matin jusqu&rsquo;au lac de Tanay (voiture \u00e0 traction int\u00e9grale avec r\u00e9ducteur de bo\u00eete indispensable), ils peuvent obliquer d\u00e9s le lieu-dit \u00ab\u00a0Plan de l&rsquo;Ortie\u00a0\u00bb (fontaine au bord de la route, or\u00e9e de la for\u00eat) sur un chemin qui remonte en oblique jusqu&rsquo;au lac de Tanay. Ce chemin rejoint la route du lac peu avant le col menant au lac de Tanay.<br \/>\nEn d\u00e9but de saison, la combe au-dessus de l&rsquo;Au de Tanay reste longtemps recouverte de neige. Le n\u00e9v\u00e9 raide qui aboutit au col \u00e0 l&rsquo;Est des Cornettes peut de ce fait s&rsquo;av\u00e9rer d\u00e9licat, surtout t\u00f4t le matin. Il peut alors \u00eatre pr\u00e9f\u00e9rable d&rsquo;effectuer la mont\u00e9e par le col de Verne (itin\u00e9raire d\u00e9crit ici pour la descente); on se rendra compte depuis le haut si la descente par l&rsquo;Au de Tanay est ou non envisageable.<\/div>\n","protected":false},"excerpt":{"rendered":"<p>Les Cornettes de Bise constituent un tr\u00e8s beau belv\u00e9d\u00e8re sur le Chablais; souvent r\u00e9alis\u00e9es \u00e0 partir du hameau de Bise, je vous propose de les d\u00e9couvrir ici en travers\u00e9e, \u00e0 partir du hameau du Flon pr\u00e8s Miex qui surplombe la vall\u00e9e du Rh\u00f4ne. Cette variante est int\u00e9ressante pour les automobilistes inv\u00e9t\u00e9r\u00e9s puisqu&rsquo;elle combine les avantages &hellip; <a href=\"https:\/\/www.lesmonts.ch\/wp_fr\/randonnees\/randonnees-estivales\/cornettes-de-bise\/\" class=\"more-link\">Continuer la lecture de <span class=\"screen-reader-text\">Cornettes de Bise<\/span>  <span class=\"meta-nav\">&rarr;<\/span><\/a><\/p>\n","protected":false},"author":1,"featured_media":0,"parent":40,"menu_order":0,"comment_status":"open","ping_status":"open","template":"","meta":{"_crdt_document":"","ngg_post_thumbnail":0,"footnotes":""},"class_list":["post-196","page","type-page","status-publish","hentry"],"_links":{"self":[{"href":"https:\/\/www.lesmonts.ch\/wp_fr\/wp-json\/wp\/v2\/pages\/196","targetHints":{"allow":["GET"]}}],"collection":[{"href":"https:\/\/www.lesmonts.ch\/wp_fr\/wp-json\/wp\/v2\/pages"}],"about":[{"href":"https:\/\/www.lesmonts.ch\/wp_fr\/wp-json\/wp\/v2\/types\/page"}],"author":[{"embeddable":true,"href":"https:\/\/www.lesmonts.ch\/wp_fr\/wp-json\/wp\/v2\/users\/1"}],"replies":[{"embeddable":true,"href":"https:\/\/www.lesmonts.ch\/wp_fr\/wp-json\/wp\/v2\/comments?post=196"}],"version-history":[{"count":5,"href":"https:\/\/www.lesmonts.ch\/wp_fr\/wp-json\/wp\/v2\/pages\/196\/revisions"}],"predecessor-version":[{"id":4275,"href":"https:\/\/www.lesmonts.ch\/wp_fr\/wp-json\/wp\/v2\/pages\/196\/revisions\/4275"}],"up":[{"embeddable":true,"href":"https:\/\/www.lesmonts.ch\/wp_fr\/wp-json\/wp\/v2\/pages\/40"}],"wp:attachment":[{"href":"https:\/\/www.lesmonts.ch\/wp_fr\/wp-json\/wp\/v2\/media?parent=196"}],"curies":[{"name":"wp","href":"https:\/\/api.w.org\/{rel}","templated":true}]}}