{"id":192,"date":"2014-07-19T09:57:47","date_gmt":"2014-07-19T08:57:47","guid":{"rendered":"http:\/\/www.lesmonts.ch\/wp_fr\/?page_id=192"},"modified":"2015-10-16T17:46:23","modified_gmt":"2015-10-16T15:46:23","slug":"pointe-de-vouasson","status":"publish","type":"page","link":"https:\/\/www.lesmonts.ch\/wp_fr\/randonnees\/randonnees-hivernales\/pointe-de-vouasson\/","title":{"rendered":"Pointe de Vouasson"},"content":{"rendered":"<p>La pointe de Vouasson constitue une grande classique du ski de randonn\u00e9e au Valais Central. Pendant longtemps, la pointe de Vouasson s&rsquo;est faite en deux jours, avec une nuit\u00e9e \u00e0 la <a title=\"Cabane des Aiguilles Rouges\" href=\"http:\/\/www.aiguillesrouges.ch\/\" target=\"_blank\">cabane des aiguilles Rouges d&rsquo;Arolla<\/a>, ou cabane Waldkirch. D&rsquo;activit\u00e9 un peu id\u00e9aliste qu&rsquo;il \u00e9tait, le ski-alpinisme est devenu progressivement une activit\u00e9 essentiellement sportive, physique; \u00e0 tel point que l&rsquo;une des questions les plus fr\u00e9quemment pos\u00e9es au \u00ab\u00a0<em>pelliphoquiste<\/em>\u00a0\u00bb est \u00ab\u00a0Tu t&rsquo;entra\u00eenes pour la Patrouille ?\u00a0\u00bb (La patrouille des Glaciers est une course de ski-alpinisme reprenant une partie du trac\u00e9 historique de la Haute Route des Alpes Valaisannes, et jouissant d&rsquo;une certaine notori\u00e9t\u00e9 en Suisse). Il semble que d&rsquo;\u00e9picurien jouisseur de la beaut\u00e9 de la montagne, le skieur-alpiniste soit devenu en partie un stakhanoviste pour qui la montagne sert d&rsquo;abord de grandiose cadre \u00e0 un chronom\u00e8tre&#8230;<\/p>\n<p>&nbsp;<\/p>\n<p>Enfin, passons&#8230; La cabane des aiguilles Rouges m\u00e9rite la visite, et son \u00e9quipe de gardiennage ne m&rsquo;a jamais d\u00e9\u00e7u. Il est vrai que la qualit\u00e9 des couches et des douches n&rsquo;est pas comparable \u00e0 un cinq \u00e9toiles; mais la qualit\u00e9 d&rsquo;un s\u00e9jour, et le plaisir que l&rsquo;on en retire, ne se mesurent pas seulement au confort d&rsquo;un lit et \u00e0 la temp\u00e9rature de la douche. Heureusement&#8230;<\/p>\n<p>En r\u00e9sum\u00e9, si la grande majorit\u00e9 des ascensionnistes de la pointe de Vouasson font l&rsquo;aller-retour de la Gouille dans la journ\u00e9e, voire dans une petite demi-journ\u00e9e pour les plus rapides, il faut s&rsquo;en r\u00e9jouir, car cela fait de la place dans la cabane des aiguilles Rouges pour tous ceux qui ont envie de prendre le temps de jouir de la tomb\u00e9e de la nuit en altitude, avec les conversations et les spectacles que cela implique.<\/p>\n<p>La pointe de Vouasson permet de nombreuses possibilit\u00e9s de descente pour celui qui en a le temps. J&rsquo;ai essay\u00e9 d&rsquo;\u00e9num\u00e9rer ici les principales; il faut toutefois noter que l&rsquo;ass\u00e8chement des glaciers rend certaines descriptions rapidement obsol\u00e8tes. Comme d&rsquo;habitude, il vaut la peine de se renseigner avant d&rsquo;envisager une course, par exemple chez Bournissen \u00e0 Arolla, ou chez Gaudin \u00e0 Evol\u00e8ne, ou encore dans un bureau de guides.<\/p>\n<div align=\"center\">\n<p><a href=\"http:\/\/www.lesmonts.ch\/wp_fr\/wp-content\/uploads\/2014\/07\/Img0048.jpg\"><img loading=\"lazy\" decoding=\"async\" class=\"aligncenter size-medium wp-image-3297\" src=\"http:\/\/www.lesmonts.ch\/wp_fr\/wp-content\/uploads\/2014\/07\/Img0048-300x190.jpg\" alt=\"Img0048\" width=\"300\" height=\"190\" srcset=\"https:\/\/www.lesmonts.ch\/wp_fr\/wp-content\/uploads\/2014\/07\/Img0048-300x190.jpg 300w, https:\/\/www.lesmonts.ch\/wp_fr\/wp-content\/uploads\/2014\/07\/Img0048.jpg 400w\" sizes=\"auto, (max-width: 300px) 100vw, 300px\" \/><\/a><\/p>\n<\/div>\n<div align=\"left\">\n<p>De Sion, prendre la route du val d&rsquo;H\u00e9rens, puis d&rsquo;Arolla jusqu&rsquo;\u00e0 la Gouille. Ceux qui sont en voiture peuvent effectuer encore 300 m jusqu&rsquo;\u00e0 Satarma, d&rsquo;o\u00f9 on peut apercevoir la cabane des aiguilles Rouges sur son promontoire. De la Gouille, dans le vallon d&rsquo;Arolla (parc \u00e0 voitures, arr\u00eat de l&rsquo;automobile postale, restaurant) mettre les peaux de phoque et s&rsquo;enfoncer dans le vallon resserr\u00e9 au-dessus du hameau de la Gouille, en direction du Lac Bleu. D\u00e9s que possible, remonter rive gauche du vallon (\u00e0 droite en montant) une pente raide en for\u00eat; ne pas prendre \u00e0 gauche : on parvient aussi au but, mais les risques d&rsquo;avalanche sont l\u00e9g\u00e8rement plus marqu\u00e9s. On arrive alors \u00e0 un tr\u00e8s joli mayen (Le Louch\u00e9) situ\u00e9 juste au-dessous du lac Bleu. On continue dans la m\u00eame pente: il faut atteindre un rocher caract\u00e9ristique surmont\u00e9 d&rsquo;une croix (p. 2092), au prix d&rsquo;un d\u00e9tour par la droite. De ce point la cabane est bien visible sur son promontoire. Elle se gagne, apr\u00e8s travers\u00e9e du long vallon que l&rsquo;on d\u00e9couvre \u00e0 cet endroit, par un col situ\u00e9 juste \u00e0 droite de la cabane (Nord), puis en revenant par une pente raide sur la gauche.<\/p>\n<p><a href=\"http:\/\/www.lesmonts.ch\/wp_fr\/wp-content\/uploads\/2014\/07\/Img0063.jpg\"><img loading=\"lazy\" decoding=\"async\" class=\"aligncenter size-medium wp-image-3300\" src=\"http:\/\/www.lesmonts.ch\/wp_fr\/wp-content\/uploads\/2014\/07\/Img0063-300x127.jpg\" alt=\"Img0063\" width=\"300\" height=\"127\" srcset=\"https:\/\/www.lesmonts.ch\/wp_fr\/wp-content\/uploads\/2014\/07\/Img0063-300x127.jpg 300w, https:\/\/www.lesmonts.ch\/wp_fr\/wp-content\/uploads\/2014\/07\/Img0063.jpg 800w\" sizes=\"auto, (max-width: 300px) 100vw, 300px\" \/><\/a><\/p>\n<p>De la cabane, remonter en direction g\u00e9n\u00e9rale Nord-Nord-Ouest, emprunter le glacier des Aiguilles Rouges pour acc\u00e9der au glacier de Vouasson par un col bien marqu\u00e9 \u00e0 hauteur du mont de l&rsquo;Etoile. La suite du parcours est plate, puis en pente douce jusqu&rsquo;au sommet de Vouasson. Pour la descente, plusieurs possibilit\u00e9s se pr\u00e9sentent.<\/p>\n<p><a href=\"http:\/\/www.lesmonts.ch\/wp_fr\/wp-content\/uploads\/2014\/07\/Img0059.jpg\"><img loading=\"lazy\" decoding=\"async\" class=\"aligncenter size-medium wp-image-3298\" src=\"http:\/\/www.lesmonts.ch\/wp_fr\/wp-content\/uploads\/2014\/07\/Img0059-300x130.jpg\" alt=\"Img0059\" width=\"300\" height=\"130\" srcset=\"https:\/\/www.lesmonts.ch\/wp_fr\/wp-content\/uploads\/2014\/07\/Img0059-300x130.jpg 300w, https:\/\/www.lesmonts.ch\/wp_fr\/wp-content\/uploads\/2014\/07\/Img0059.jpg 800w\" sizes=\"auto, (max-width: 300px) 100vw, 300px\" \/><\/a><\/p>\n<hr \/>\n<p>&nbsp;<\/p>\n<p><strong>Sur la Gouille :<\/strong><\/p>\n<p>La descente sur les traces de mont\u00e9e est aussi la plus fr\u00e9quent\u00e9e. Le fait que la majeure partie des gens utilisent un v\u00e9hicule personnel n&rsquo;est certainement pas \u00e9tranger \u00e0 ce fait, car la descente n&rsquo;est pas exceptionnelle, et la neige souvent de qualit\u00e9 douteuse dans cette pente expos\u00e9e.<\/p>\n<hr \/>\n<p><strong>Sur les Haud\u00e8res :<\/strong><\/p>\n<p>La plus belle descente, h\u00e9las rarement praticable int\u00e9gralement. Depuis le sommet, revenir sur les traces de mont\u00e9e jusqu&rsquo;au col qui s\u00e9pare le glacier de Vouasson du glacier des Aiguilles Rouges., et descendre le glacier jusqu&rsquo;\u00e0 l&rsquo;altitude 3100 environ, puis obliquer \u00e0 l&rsquo;Est. Descendre en pente douce le long du Mont de l&rsquo;Etoile, en restant \u00e0 distance confortable des barres de rochers qui descendent de la cr\u00eate sommitale. On parvient ainsi au-dessus d&rsquo;un large entonnoir qui domine un petit alpage : c&rsquo;est la Co\u00fbta. Descendre jusqu&rsquo;\u00e0 hauteur de l&rsquo;alpage, puis, si les conditions sont tr\u00e8s bonnes, on peut continuer en suivant le lit du torrent, ou traverser en suivant un chemin bien marqu\u00e9 en direction de la Cretta o\u00f9 l&rsquo;on retrouve les traces de ceux qui ont effectu\u00e9 l&rsquo;ascension de la Palanche de la Cretta, une course bien connue des habitu\u00e9s de la r\u00e9gion. On rejoint alors la route d&rsquo;Arolla. Traverser la route et continuer en direction de la Borgne, vers les chalets de Baudro, puis suivre le torrent jusqu&rsquo;\u00e0 Pralovin, o\u00f9 l&rsquo;on retrouve \u00e0 nouveau la route d&rsquo;Arolla qui ram\u00e8ne aux Haud\u00e8res, \u00e0 200 m. de l\u00e0.<\/p>\n<hr \/>\n<p><strong>Sur Evol\u00e8ne :<\/strong><\/p>\n<p>Cette descente est recommand\u00e9e par Denis Bertholet dans son ouvrage \u00ab\u00a0les 100 plus belles courses \u00e0 skis des Alpes Valaisannes\u00a0\u00bb. La descente s&rsquo;effectue rive droite du glacier de Vouasson; l&rsquo;itin\u00e9raire propos\u00e9 par Denis Bertholet doit \u00eatre quelque peu adapt\u00e9 : l&rsquo;ass\u00e8chement des glaciers, et le simple fait que les glaciers bougent impliquent des modifications; mais dans l&rsquo;ensemble, les options g\u00e9n\u00e9rales rive droite restent valables.<\/p>\n<p>En arrivant \u00e0 la sortie du glacier de Vouasson, il faut rester assez haut pour ne pas devoir trop pousser; en saison, on peut utiliser le t\u00e9l\u00e9ski de Vouasson pour revenir sur les pistes d&rsquo;Evol\u00e8ne, afin de gagner ainsi Lana par les pistes de ski.<\/p>\n<hr \/>\n<p><strong>Sur H\u00e9r\u00e9mence :<\/strong><\/p>\n<p>Plusieurs options semblent se proposer \u00e0 celui qui a le temps de descendre en face Ouest ou Nord-Ouest. La pente semble en effet id\u00e9ale, pas trop raide mais tr\u00e8s soutenue tout de m\u00eame. Malheureusement, la majeure partie de ces options tombe litt\u00e9ralement \u00e0 l&rsquo;eau. L&rsquo;eau de la Grande Dixence, bien s\u00fbr. Arriver au bord de la Grande Dixence par la rive droite (Est) ne constitue en effet pas une tr\u00e8s bonne id\u00e9e, car la sortie par la pile du barrage est pratiquement impossible. Il faudrait donc remonter le lac jusqu&rsquo;au col des Ignes au moins : une entreprise dangereuse, p\u00e9nible, et inint\u00e9ressante \u00e0 souhait. Un couloir \u00e9troit en aval du barrage pourrait constituer une solution (il semble qu&rsquo;il ait \u00e9t\u00e9 emprunt\u00e9 \u00e0 quelques reprises), mais en tout \u00e9tat de cause, il est impossible de recommander cet itin\u00e9raire qui semble fort dangereux et expos\u00e9. Celui qui voudrait tout de m\u00eame t\u00e2ter de ce couloir devrait pr\u00e9voir une corde de rappel et du mat\u00e9riel d&rsquo;alpinisme dans son sac&#8230;<\/p>\n<p>La solution pour qui veut profiter de cette pente exceptionnelle est de descendre en face Ouest en restant toujours assez \u00e0 droite, pas trop loin de l&rsquo;ar\u00eate s\u00e9parant les faces Ouest et Nord; ceci permet d&rsquo;\u00e9viter aussi la barre de rochers qui coupe la face Ouest entre 3300 et 3200m. Vers 3000m, il faut rep\u00e9rer une vire qui joint les faces Ouest et Nord, et qui permet justement de passer ais\u00e9ment \u00e0 skis dans la face Nord, juste au point o\u00f9 elle devient moins raide. Prendre cette vire, et rejoindre le glacier qui descend de la face Nord de Vouasson. La sortie du glacier n&rsquo;est pas \u00e9vidente, et change rapidement, d&rsquo;ann\u00e9e en ann\u00e9e. Le verrou de sortie, \u00e0 une certaine \u00e9poque, pouvait se passer rive gauche du torrent de Merd\u00e9r\u00e9, en quittant le glacier assez t\u00f4t pour emprunter une vire raide qui permettait de quitter le ravin. Mais il est pr\u00e9f\u00e9rable de se renseigner auparavant, comme pour toute entreprise de ce genre d&rsquo;ailleurs.<\/p>\n<p>Sit\u00f4t le verrou pass\u00e9, on se dirigera vers M\u00e9rib\u00e9, puis, si l&rsquo;enneigement le permet, vers Mayentset o\u00f9 l&rsquo;on retrouve la route.<\/p>\n<hr \/>\n<p>&nbsp;<\/p>\n<p><strong>Face Nord :<\/strong><\/p>\n<p>Je n&rsquo;ai jamais fait la difficile face Nord int\u00e9grale personnellement. Elle est d\u00e9crite, par exemple, dans le livre \u00ab\u00a0les 100 plus belles courses \u00e0 skis des Alpes Valaisannes\u00a0\u00bb par Denis Bertholet. Il est \u00e0 craindre que l&rsquo;ass\u00e8chement des glaciers rende cette descente al\u00e9atoire. Cot\u00e9e TD+, je pense que m\u00eame avec les skis tr\u00e8s performants dont nous disposons actuellement, et par bonnes conditions, cette face Nord reste, si faisable, une belle entreprise. Le cheminement en est \u00e9vident, et la sortie identique \u00e0 la descente en face Ouest (sur H\u00e9r\u00e9mence).<\/p>\n<\/div>\n<div align=\"center\">\n<p>&nbsp;<\/p>\n<\/div>\n","protected":false},"excerpt":{"rendered":"<p>La pointe de Vouasson constitue une grande classique du ski de randonn\u00e9e au Valais Central. Pendant longtemps, la pointe de Vouasson s&rsquo;est faite en deux jours, avec une nuit\u00e9e \u00e0 la cabane des aiguilles Rouges d&rsquo;Arolla, ou cabane Waldkirch. D&rsquo;activit\u00e9 un peu id\u00e9aliste qu&rsquo;il \u00e9tait, le ski-alpinisme est devenu progressivement une activit\u00e9 essentiellement sportive, physique; &hellip; <a href=\"https:\/\/www.lesmonts.ch\/wp_fr\/randonnees\/randonnees-hivernales\/pointe-de-vouasson\/\" class=\"more-link\">Continuer la lecture de <span class=\"screen-reader-text\">Pointe de Vouasson<\/span>  <span class=\"meta-nav\">&rarr;<\/span><\/a><\/p>\n","protected":false},"author":1,"featured_media":0,"parent":38,"menu_order":0,"comment_status":"open","ping_status":"open","template":"","meta":{"_crdt_document":"","ngg_post_thumbnail":0,"footnotes":""},"class_list":["post-192","page","type-page","status-publish","hentry"],"_links":{"self":[{"href":"https:\/\/www.lesmonts.ch\/wp_fr\/wp-json\/wp\/v2\/pages\/192","targetHints":{"allow":["GET"]}}],"collection":[{"href":"https:\/\/www.lesmonts.ch\/wp_fr\/wp-json\/wp\/v2\/pages"}],"about":[{"href":"https:\/\/www.lesmonts.ch\/wp_fr\/wp-json\/wp\/v2\/types\/page"}],"author":[{"embeddable":true,"href":"https:\/\/www.lesmonts.ch\/wp_fr\/wp-json\/wp\/v2\/users\/1"}],"replies":[{"embeddable":true,"href":"https:\/\/www.lesmonts.ch\/wp_fr\/wp-json\/wp\/v2\/comments?post=192"}],"version-history":[{"count":4,"href":"https:\/\/www.lesmonts.ch\/wp_fr\/wp-json\/wp\/v2\/pages\/192\/revisions"}],"predecessor-version":[{"id":4481,"href":"https:\/\/www.lesmonts.ch\/wp_fr\/wp-json\/wp\/v2\/pages\/192\/revisions\/4481"}],"up":[{"embeddable":true,"href":"https:\/\/www.lesmonts.ch\/wp_fr\/wp-json\/wp\/v2\/pages\/38"}],"wp:attachment":[{"href":"https:\/\/www.lesmonts.ch\/wp_fr\/wp-json\/wp\/v2\/media?parent=192"}],"curies":[{"name":"wp","href":"https:\/\/api.w.org\/{rel}","templated":true}]}}