{"id":1740,"date":"2014-08-16T10:38:30","date_gmt":"2014-08-16T09:38:30","guid":{"rendered":"http:\/\/www.lesmonts.ch\/wp_fr\/?page_id=1740"},"modified":"2014-09-21T09:57:30","modified_gmt":"2014-09-21T08:57:30","slug":"les-animaux","status":"publish","type":"page","link":"https:\/\/www.lesmonts.ch\/wp_fr\/page-d-exemple\/les-habitants\/les-animaux\/","title":{"rendered":"Les animaux"},"content":{"rendered":"<p>La for\u00eat est bien peupl\u00e9e d&rsquo;animaux. Je me permets de vous en pr\u00e9senter quelques-uns, car ils participent souvent (volontairement ou non) \u00e0 la vie dans ce petit monde des Monts, et apportent parfois leur vision personnelle aux r\u00e9flexions plus ou moins saugrenues que l&rsquo;auteur du pr\u00e9sent site pose parfois sur son entourage.<\/p>\n<p>Il y a bien s\u00fbr Renart : le personnage principal, comme dans le <a title=\"Roman de Renart\" href=\"http:\/\/fr.wikipedia.org\/wiki\/Roman_de_Renart\" target=\"_blank\">roman<\/a>. Un esprit critique, voire subversif, toujours pr\u00eat \u00e0 tourner en d\u00e9rision les id\u00e9es qu&rsquo;on lui soumet. Il n&rsquo;est pas trop farouche, et pas trop familier non plus; mais il craque totalement pour une carcasse de poulet ou un os de c\u00f4te de b\u0153uf.<\/p>\n<p><a href=\"http:\/\/www.lesmonts.ch\/wp_fr\/wp-content\/uploads\/2014\/08\/Renart.jpg\"><img loading=\"lazy\" decoding=\"async\" class=\"aligncenter size-medium wp-image-1741\" src=\"http:\/\/www.lesmonts.ch\/wp_fr\/wp-content\/uploads\/2014\/08\/Renart-300x176.jpg\" alt=\"Renart\" width=\"300\" height=\"176\" srcset=\"https:\/\/www.lesmonts.ch\/wp_fr\/wp-content\/uploads\/2014\/08\/Renart-300x176.jpg 300w, https:\/\/www.lesmonts.ch\/wp_fr\/wp-content\/uploads\/2014\/08\/Renart-1024x601.jpg 1024w, https:\/\/www.lesmonts.ch\/wp_fr\/wp-content\/uploads\/2014\/08\/Renart.jpg 1400w\" sizes=\"auto, (max-width: 300px) 100vw, 300px\" \/><\/a><\/p>\n<p>Brichemer est un autre des habitants des Monts. Il est farouche, lui. Il faut dire que certains bip\u00e8des sont friands de ses cuisseaux&#8230;<\/p>\n<p><a href=\"http:\/\/www.lesmonts.ch\/wp_fr\/wp-content\/uploads\/2014\/08\/Cerf01.jpg\"><img loading=\"lazy\" decoding=\"async\" class=\"aligncenter size-medium wp-image-3158\" src=\"http:\/\/www.lesmonts.ch\/wp_fr\/wp-content\/uploads\/2014\/08\/Cerf01-300x194.jpg\" alt=\"Cerf01\" width=\"300\" height=\"194\" srcset=\"https:\/\/www.lesmonts.ch\/wp_fr\/wp-content\/uploads\/2014\/08\/Cerf01-300x194.jpg 300w, https:\/\/www.lesmonts.ch\/wp_fr\/wp-content\/uploads\/2014\/08\/Cerf01.jpg 800w\" sizes=\"auto, (max-width: 300px) 100vw, 300px\" \/><\/a><\/p>\n<p><a href=\"http:\/\/www.lesmonts.ch\/wp_fr\/wp-content\/uploads\/2014\/08\/Cerf02.jpg\"><img loading=\"lazy\" decoding=\"async\" class=\"aligncenter size-medium wp-image-3159\" src=\"http:\/\/www.lesmonts.ch\/wp_fr\/wp-content\/uploads\/2014\/08\/Cerf02-238x300.jpg\" alt=\"Cerf02\" width=\"238\" height=\"300\" srcset=\"https:\/\/www.lesmonts.ch\/wp_fr\/wp-content\/uploads\/2014\/08\/Cerf02-238x300.jpg 238w, https:\/\/www.lesmonts.ch\/wp_fr\/wp-content\/uploads\/2014\/08\/Cerf02.jpg 637w\" sizes=\"auto, (max-width: 238px) 100vw, 238px\" \/><\/a><\/p>\n<p>Dame M\u00e9sange se pr\u00e9sente sous diverses formes; elle est accompagn\u00e9e d&rsquo;une cour tr\u00e8s vari\u00e9e de diff\u00e9rents oiseaux.<\/p>\n<p><a href=\"http:\/\/www.lesmonts.ch\/wp_fr\/wp-content\/uploads\/2014\/08\/mesange.jpg\"><img loading=\"lazy\" decoding=\"async\" class=\"aligncenter size-medium wp-image-3160\" src=\"http:\/\/www.lesmonts.ch\/wp_fr\/wp-content\/uploads\/2014\/08\/mesange-291x300.jpg\" alt=\"mesange\" width=\"291\" height=\"300\" srcset=\"https:\/\/www.lesmonts.ch\/wp_fr\/wp-content\/uploads\/2014\/08\/mesange-291x300.jpg 291w, https:\/\/www.lesmonts.ch\/wp_fr\/wp-content\/uploads\/2014\/08\/mesange.jpg 778w\" sizes=\"auto, (max-width: 291px) 100vw, 291px\" \/><\/a><\/p>\n<p><a href=\"http:\/\/www.lesmonts.ch\/wp_fr\/wp-content\/uploads\/2014\/08\/mesangelq.jpg\"><img loading=\"lazy\" decoding=\"async\" class=\"aligncenter size-medium wp-image-3161\" src=\"http:\/\/www.lesmonts.ch\/wp_fr\/wp-content\/uploads\/2014\/08\/mesangelq-167x300.jpg\" alt=\"mesangelq\" width=\"167\" height=\"300\" srcset=\"https:\/\/www.lesmonts.ch\/wp_fr\/wp-content\/uploads\/2014\/08\/mesangelq-167x300.jpg 167w, https:\/\/www.lesmonts.ch\/wp_fr\/wp-content\/uploads\/2014\/08\/mesangelq.jpg 559w\" sizes=\"auto, (max-width: 167px) 100vw, 167px\" \/><\/a><\/p>\n<p>Tibert le chat a quitt\u00e9 la maison voici quelques temps, atteint par l&rsquo;\u00e2ge; mais nul doute qu&rsquo;il ne reviendra pas tr\u00e8s bient\u00f4t sous une apparence l\u00e9g\u00e8rement diff\u00e9rente. En temps normal, c&rsquo;est lui le v\u00e9ritable propri\u00e9taire de la maison \u00ab\u00a0Sous les Monts\u00a0\u00bb.<\/p>\n<p><a href=\"http:\/\/www.lesmonts.ch\/wp_fr\/wp-content\/uploads\/2014\/08\/minette.jpg\"><img loading=\"lazy\" decoding=\"async\" class=\"aligncenter size-medium wp-image-3162\" src=\"http:\/\/www.lesmonts.ch\/wp_fr\/wp-content\/uploads\/2014\/08\/minette-187x300.jpg\" alt=\"minette\" width=\"187\" height=\"300\" srcset=\"https:\/\/www.lesmonts.ch\/wp_fr\/wp-content\/uploads\/2014\/08\/minette-187x300.jpg 187w, https:\/\/www.lesmonts.ch\/wp_fr\/wp-content\/uploads\/2014\/08\/minette.jpg 626w\" sizes=\"auto, (max-width: 187px) 100vw, 187px\" \/><\/a> <a href=\"http:\/\/www.lesmonts.ch\/wp_fr\/wp-content\/uploads\/2014\/08\/minette2.jpg\"><img loading=\"lazy\" decoding=\"async\" class=\"aligncenter size-medium wp-image-3163\" src=\"http:\/\/www.lesmonts.ch\/wp_fr\/wp-content\/uploads\/2014\/08\/minette2-300x186.jpg\" alt=\"minette2\" width=\"300\" height=\"186\" srcset=\"https:\/\/www.lesmonts.ch\/wp_fr\/wp-content\/uploads\/2014\/08\/minette2-300x186.jpg 300w, https:\/\/www.lesmonts.ch\/wp_fr\/wp-content\/uploads\/2014\/08\/minette2-1024x637.jpg 1024w, https:\/\/www.lesmonts.ch\/wp_fr\/wp-content\/uploads\/2014\/08\/minette2.jpg 1400w\" sizes=\"auto, (max-width: 300px) 100vw, 300px\" \/><\/a><\/p>\n<p>L\u00e9rot le loir est un coquin qui adore d\u00e9vorer les fruits avant que l&rsquo;on aie le temps d&rsquo;y go\u00fbter.<\/p>\n<p><a href=\"http:\/\/www.lesmonts.ch\/wp_fr\/wp-content\/uploads\/2014\/08\/loir.jpg\"><img loading=\"lazy\" decoding=\"async\" class=\"aligncenter size-medium wp-image-3544\" src=\"http:\/\/www.lesmonts.ch\/wp_fr\/wp-content\/uploads\/2014\/08\/loir-300x199.jpg\" alt=\"loir\" width=\"300\" height=\"199\" srcset=\"https:\/\/www.lesmonts.ch\/wp_fr\/wp-content\/uploads\/2014\/08\/loir-300x199.jpg 300w, https:\/\/www.lesmonts.ch\/wp_fr\/wp-content\/uploads\/2014\/08\/loir-1024x680.jpg 1024w, https:\/\/www.lesmonts.ch\/wp_fr\/wp-content\/uploads\/2014\/08\/loir.jpg 1400w\" sizes=\"auto, (max-width: 300px) 100vw, 300px\" \/><\/a><\/p>\n<p>De nombreux chevreuils peuplent les for\u00eats avoisinantes. Parfois, de jeunes faons viennent brouter pr\u00e8s de l&rsquo;habitation.<\/p>\n<p><a href=\"http:\/\/www.lesmonts.ch\/wp_fr\/wp-content\/uploads\/2014\/08\/Faons.jpg\"><img loading=\"lazy\" decoding=\"async\" class=\"aligncenter size-medium wp-image-3916\" src=\"http:\/\/www.lesmonts.ch\/wp_fr\/wp-content\/uploads\/2014\/08\/Faons-300x190.jpg\" alt=\"Faons\" width=\"300\" height=\"190\" srcset=\"https:\/\/www.lesmonts.ch\/wp_fr\/wp-content\/uploads\/2014\/08\/Faons-300x190.jpg 300w, https:\/\/www.lesmonts.ch\/wp_fr\/wp-content\/uploads\/2014\/08\/Faons-1024x649.jpg 1024w, https:\/\/www.lesmonts.ch\/wp_fr\/wp-content\/uploads\/2014\/08\/Faons.jpg 1400w\" sizes=\"auto, (max-width: 300px) 100vw, 300px\" \/><\/a><\/p>\n","protected":false},"excerpt":{"rendered":"<p>La for\u00eat est bien peupl\u00e9e d&rsquo;animaux. Je me permets de vous en pr\u00e9senter quelques-uns, car ils participent souvent (volontairement ou non) \u00e0 la vie dans ce petit monde des Monts, et apportent parfois leur vision personnelle aux r\u00e9flexions plus ou moins saugrenues que l&rsquo;auteur du pr\u00e9sent site pose parfois sur son entourage. Il y a &hellip; <a href=\"https:\/\/www.lesmonts.ch\/wp_fr\/page-d-exemple\/les-habitants\/les-animaux\/\" class=\"more-link\">Continuer la lecture de <span class=\"screen-reader-text\">Les animaux<\/span>  <span class=\"meta-nav\">&rarr;<\/span><\/a><\/p>\n","protected":false},"author":1,"featured_media":0,"parent":75,"menu_order":0,"comment_status":"open","ping_status":"open","template":"","meta":{"_crdt_document":"","ngg_post_thumbnail":0,"footnotes":""},"class_list":["post-1740","page","type-page","status-publish","hentry"],"_links":{"self":[{"href":"https:\/\/www.lesmonts.ch\/wp_fr\/wp-json\/wp\/v2\/pages\/1740","targetHints":{"allow":["GET"]}}],"collection":[{"href":"https:\/\/www.lesmonts.ch\/wp_fr\/wp-json\/wp\/v2\/pages"}],"about":[{"href":"https:\/\/www.lesmonts.ch\/wp_fr\/wp-json\/wp\/v2\/types\/page"}],"author":[{"embeddable":true,"href":"https:\/\/www.lesmonts.ch\/wp_fr\/wp-json\/wp\/v2\/users\/1"}],"replies":[{"embeddable":true,"href":"https:\/\/www.lesmonts.ch\/wp_fr\/wp-json\/wp\/v2\/comments?post=1740"}],"version-history":[{"count":5,"href":"https:\/\/www.lesmonts.ch\/wp_fr\/wp-json\/wp\/v2\/pages\/1740\/revisions"}],"predecessor-version":[{"id":3917,"href":"https:\/\/www.lesmonts.ch\/wp_fr\/wp-json\/wp\/v2\/pages\/1740\/revisions\/3917"}],"up":[{"embeddable":true,"href":"https:\/\/www.lesmonts.ch\/wp_fr\/wp-json\/wp\/v2\/pages\/75"}],"wp:attachment":[{"href":"https:\/\/www.lesmonts.ch\/wp_fr\/wp-json\/wp\/v2\/media?parent=1740"}],"curies":[{"name":"wp","href":"https:\/\/api.w.org\/{rel}","templated":true}]}}