{"id":161,"date":"2014-07-17T11:04:27","date_gmt":"2014-07-17T10:04:27","guid":{"rendered":"http:\/\/www.lesmonts.ch\/wp_fr\/?page_id=161"},"modified":"2014-08-20T20:37:09","modified_gmt":"2014-08-20T19:37:09","slug":"balcon-sud-du-mont-blanc","status":"publish","type":"page","link":"https:\/\/www.lesmonts.ch\/wp_fr\/randonnees\/randonnees-estivales\/balcon-sud-du-mont-blanc\/","title":{"rendered":"Balcon Sud du Mont Blanc"},"content":{"rendered":"<div align=\"center\">\n<p>&nbsp;<\/p>\n<\/div>\n<p><span style=\"font-family: arial;\">En France, on a tendance \u00e0 oublier souvent que le Mont Blanc est aussi italien, et que le versant italien n&rsquo;est pas moins beau que le versant fran\u00e7ais. En fait, et au risque de choquer certains, je dirai que ce versant italien est nettement plus sauvage que le versant Nord. Bien s\u00fbr, le balcon Nord du Mont Blanc est une promenade royale; mais le balcon Sud est loin d&rsquo;\u00eatre en reste ! L&rsquo;acc\u00e8s en est moins domestiqu\u00e9, malgr\u00e9 la pr\u00e9sence tr\u00e8s sensible de la grande station qu&rsquo;est Courmayeur, pendant de Chamonix \u00e0 tous points de vue.<br \/>\nLa promenade d\u00e9crite ici est id\u00e9ale au mois de juillet, quand les fleurs sont \u00e0 leur apog\u00e9e; mais je pense qu&rsquo;en octobre, cela doit valoir le d\u00e9placement aussi, avec l&rsquo;avantage suppl\u00e9mentaire d&rsquo;une chaleur moins \u00e9touffante. En fait, la chaleur est relativement supportable, gr\u00e2ce aux courants d&rsquo;air provenant du massif auquel on fait face.<br \/>\n<\/span><\/p>\n<hr \/>\n<p><span style=\"font-family: arial;\"><b>Difficult\u00e9<\/b> : P<\/span><\/p>\n<p><span style=\"font-family: arial;\"><b>Altitude, D\u00e9nivel\u00e9<\/b> : camping de l&rsquo;aiguille Noire 1500m, Col Ch\u00e9crouit 1956m, Point culminant 2400m env.<\/span><\/p>\n<p><span style=\"font-family: arial;\"><b>Horaire<\/b> : 7 \u00e0 8 heures<\/span><\/p>\n<p><span style=\"font-family: arial;\"><b>Mat\u00e9riel<\/b> : Bons souliers, Pique-nique, \u00e0 boire.<br \/>\n<\/span><\/p>\n<hr \/>\n<p><span style=\"font-family: arial;\">La promenade est envisageable sans v\u00e9hicule car le val V\u00e9ny est desservi par les cars de la vall\u00e9e d&rsquo;Aoste, la SAVDA, au d\u00e9part de Courmayeur. Par ailleurs, il est possible de gagner le col Ch\u00e9crouit directement depuis Courmayeur en t\u00e9l\u00e9si\u00e8ge, si ce dernier est en fonction. En revanche, le retour en autocar depuis Plan V\u00e9ny peut s&rsquo;av\u00e9rer compliqu\u00e9; auquel cas il reste la possibilit\u00e9 de rentrer \u00e0 pied (long !) ou en auto-stop.<\/span><\/p>\n<p><span style=\"font-family: arial;\">Gagner Courmayeur au fond du val d&rsquo;Aoste, et quitter l&rsquo;autoroute \u00e0 la sortie Courmayeur \/ Val Veni. La route est \u00e9troite, et serpente un moment; elle arrive bient\u00f4t \u00e0 une petite chapelle au niveau de laquelle il vaut la peine de s&rsquo;arr\u00eater bri\u00e8vement pour contempler la formidable cascade de glace constitu\u00e9e par le majestueux glacier de la Brenva&#8230; Encore que ce glacier ait lui aussi bien diminu\u00e9 ces derni\u00e8res ann\u00e9es.<br \/>\nContinuer ensuite la route jusqu&rsquo;\u00e0 un camping situ\u00e9 au bord de la route \u00e0 gauche, et parquer son automobile au mieux pour ne pas d\u00e9ranger. Un t\u00e9l\u00e9si\u00e8ge part du camping (1540m); il est ferm\u00e9 en \u00e9t\u00e9; on peut n\u00e9anmoins suivre son trac\u00e9 jusqu&rsquo;\u00e0 un chemin bien marqu\u00e9, horizontal, que l&rsquo;on traverse; suivre le t\u00e9l\u00e9si\u00e8ge jusqu&rsquo;\u00e0 un deuxi\u00e8me chemin pr\u00e8s d&rsquo;une construction appel\u00e9e \u00ab\u00a0Ref. M. Blanc CAI\u00a0\u00bb, et emprunter un chemin bien marqu\u00e9 (une piste de ski, en fait) qui monte en direction Sud-Sud-Ouest. Noter qu&rsquo;il est aussi possible, et m\u00eame assez int\u00e9ressant, de parquer sa voiture vers ce refuge, mais les places y sont un peu plus difficiles \u00e0 trouver. On devra alors emprunter une route montant sur la gauche un peu avant le camping mentionn\u00e9 auparavant.<br \/>\nSuivre ensuite la piste de ski d&rsquo;abord, puis un chemin confortable jusqu&rsquo;\u00e0 arriver au bas d&rsquo;un second t\u00e9l\u00e9si\u00e8ge, qui marque aussi une clairi\u00e8re. Le chemin devenu un sentier grimpe ensuite en petits lacets en partant sur la gauche, au d\u00e9part du t\u00e9l\u00e9si\u00e8ge, \u00e0 travers la for\u00eat, jusqu&rsquo;au col Ch\u00e9crouit (1956m). Un restaurant situ\u00e9 un peu en contrebas marque le col, et montre aussi qu&rsquo;il e\u00fbt \u00e9t\u00e9 possible de gagner le col en t\u00e9l\u00e9si\u00e8ge au d\u00e9part de Courmayeur, mais avec des probl\u00e8mes logistiques un peu plus difficiles \u00e0 r\u00e9soudre (auto-stop ou gymnastique avec les cars de la SAVDA, essentiellement au retour). Du col, le chemin part au Sud-Ouest, d&rsquo;abord en l\u00e9g\u00e8re grimp\u00e9e, puis horizontalement pour gagner d&rsquo;abord le lac Ch\u00e9crouit, puis un autre petit lac sur un plateau propice aux pique-nique, puis apr\u00e8s une derni\u00e8re mont\u00e9e amenant au point culminant de la ballade, les b\u00e2timents en ruine de l&rsquo;Arp Vieille Damon (ou sup\u00e9rieure), litt\u00e9ralement colonis\u00e9 par les marmottes. Tout au long de ce parcours, on ne se lassera pas d&rsquo;admirer tant\u00f4t les fleurs omnipr\u00e9sentes, tant\u00f4t les cascades de glace et de pierres descendant du Mont Blanc : glacier de la Brenva, glacier de Freney et ar\u00eate du m\u00eame nom, glacier du Brouillard et Innominata, glacier du Miage qui se termine par l&rsquo;irr\u00e9el Jardin du Miage et son lac d&rsquo;\u00e9meraude, v\u00e9ritable jardin b\u00e2ti sur de la glace&#8230; De quoi s&rsquo;en mettre \u00ab\u00a0plein les yeux\u00a0\u00bb.<br \/>\n<\/span><\/p>\n<p><center><span style=\"font-family: arial;\">\u00a0<\/span><\/center><span style=\"font-family: arial;\">Ensuite, le chemin se fait plus escarp\u00e9 pour descendre sur le Miage, pour gagner l&rsquo;Arp Vieille D\u00e9sot (ou inf\u00e9rieure), puis Combal au confluent du glacier du Miage et du Val V\u00e9ni.<br \/>\nIl vaut la peine de remonter encore de quelques m\u00e8tres en direction de la buvette Combal; et puisque l&rsquo;on y est, autant gravir encore les quelques m\u00e8tres suppl\u00e9mentaires en direction du lac du Miage (ou lac Combal). Ce lac glaciaire ressemble par sa configuration au lac de M\u00e4rjelen au bord du glacier d&rsquo;Aletsch, et a d&rsquo;ailleurs suivi le m\u00eame processus de cr\u00e9ation, mais il est incomparablement plus beau, avec les m\u00e9l\u00e8zes qui font pendant \u00e0 la glace. On peut monter par une ar\u00eate assez raide et caillouteuse pour dominer le lac, et revenir par son d\u00e9versoir sous les m\u00e9l\u00e8zes. L&rsquo;arr\u00eat \u00e0 la buvette Combal s&rsquo;imposera alors.<br \/>\n<\/span><\/p>\n<p><center><span style=\"font-family: arial;\">\u00a0<\/span><\/center><span style=\"font-family: arial;\">C&rsquo;est finalement le retour \u00e0 la civilisation : suivre la route carrossable pour rejoindre la voiture; on arrive tout d&rsquo;abord \u00e0 Plan V\u00e9ny, limite d&rsquo;acc\u00e8s pour les automobiles; continuer le long de la route jusqu&rsquo;\u00e0 la premi\u00e8re \u00e9pingle (\u00e0 gauche en descendant), et trouver un chemin bien cach\u00e9 derri\u00e8re un muret, \u00e0 droite de la route, dans l&rsquo;\u00e9pingle. Suivre ce chemin jusqu&rsquo;\u00e0 croiser \u00e0 nouveau le chemin emprunt\u00e9 le matin (45 minutes environ depuis Plan V\u00e9ny, 1h20 depuis Combal).<\/span><\/p>\n","protected":false},"excerpt":{"rendered":"<p>&nbsp; En France, on a tendance \u00e0 oublier souvent que le Mont Blanc est aussi italien, et que le versant italien n&rsquo;est pas moins beau que le versant fran\u00e7ais. En fait, et au risque de choquer certains, je dirai que ce versant italien est nettement plus sauvage que le versant Nord. Bien s\u00fbr, le balcon &hellip; <a href=\"https:\/\/www.lesmonts.ch\/wp_fr\/randonnees\/randonnees-estivales\/balcon-sud-du-mont-blanc\/\" class=\"more-link\">Continuer la lecture de <span class=\"screen-reader-text\">Balcon Sud du Mont Blanc<\/span>  <span class=\"meta-nav\">&rarr;<\/span><\/a><\/p>\n","protected":false},"author":1,"featured_media":0,"parent":40,"menu_order":0,"comment_status":"open","ping_status":"open","template":"","meta":{"_crdt_document":"","ngg_post_thumbnail":0,"footnotes":""},"class_list":["post-161","page","type-page","status-publish","hentry"],"_links":{"self":[{"href":"https:\/\/www.lesmonts.ch\/wp_fr\/wp-json\/wp\/v2\/pages\/161","targetHints":{"allow":["GET"]}}],"collection":[{"href":"https:\/\/www.lesmonts.ch\/wp_fr\/wp-json\/wp\/v2\/pages"}],"about":[{"href":"https:\/\/www.lesmonts.ch\/wp_fr\/wp-json\/wp\/v2\/types\/page"}],"author":[{"embeddable":true,"href":"https:\/\/www.lesmonts.ch\/wp_fr\/wp-json\/wp\/v2\/users\/1"}],"replies":[{"embeddable":true,"href":"https:\/\/www.lesmonts.ch\/wp_fr\/wp-json\/wp\/v2\/comments?post=161"}],"version-history":[{"count":4,"href":"https:\/\/www.lesmonts.ch\/wp_fr\/wp-json\/wp\/v2\/pages\/161\/revisions"}],"predecessor-version":[{"id":3182,"href":"https:\/\/www.lesmonts.ch\/wp_fr\/wp-json\/wp\/v2\/pages\/161\/revisions\/3182"}],"up":[{"embeddable":true,"href":"https:\/\/www.lesmonts.ch\/wp_fr\/wp-json\/wp\/v2\/pages\/40"}],"wp:attachment":[{"href":"https:\/\/www.lesmonts.ch\/wp_fr\/wp-json\/wp\/v2\/media?parent=161"}],"curies":[{"name":"wp","href":"https:\/\/api.w.org\/{rel}","templated":true}]}}