{"id":159,"date":"2014-07-17T10:20:38","date_gmt":"2014-07-17T09:20:38","guid":{"rendered":"http:\/\/www.lesmonts.ch\/wp_fr\/?page_id=159"},"modified":"2021-02-08T15:02:15","modified_gmt":"2021-02-08T14:02:15","slug":"haute-route-des-alpes-vaudoises","status":"publish","type":"page","link":"https:\/\/www.lesmonts.ch\/wp_fr\/randonnees\/randonnees-estivales\/haute-route-des-alpes-vaudoises\/","title":{"rendered":"Haute route des Alpes Vaudoises"},"content":{"rendered":"<p>Un nom bien pompeux pour une ballade qui peine \u00e0 d\u00e9passer les 3000 m\u00e8tres ! Et de plus, un nom bien mal choisi pour un itin\u00e9raire dont une grande partie se passe en Valais (diront les Valaisans). C&rsquo;est parfaitement exact; il se trouve que tant la Dent de Morcles que le Grand Muveran sont sur la fronti\u00e8re entre les deux cantons, et que pour d\u00e9finir un itin\u00e9raire int\u00e9ressant, il vaut mieux effectuer une petite incursion en territoire valaisan. Les Valaisans, qui ont tant de belles courses \u00e0 nous proposer me pardonneront de qualifier de vaudois des sommets situ\u00e9s sur la fronti\u00e8re et plus accessibles du Valais que de Vaud. Et s&rsquo;ils ne me le pardonnent pas, eh bien je dirai que la Haute Route Valaisanne est en fait fran\u00e7aise et italienne; si!<\/p>\n<p>Sans \u00eatre difficile, l&rsquo;itin\u00e9raire propos\u00e9 ici n&rsquo;est pourtant pas de tout repos. Il n\u00e9cessite l&rsquo;usage de cordes, piolets et crampons, et passe par des refuges non gard\u00e9s, ce qui rend les sacs plus lourds (mais il est facile de se ravitailler en chemin). Certaines \u00e9tapes (en particulier Pierredar-Derborence) sont tr\u00e8s physiques. Certains passages peuvent s&rsquo;av\u00e9rer d\u00e9licats selon la saison, et l&rsquo;itin\u00e9raire demande un excellent entra\u00eenement physique. Mais la r\u00e9compense est \u00e0 la hauteur de l&rsquo;effort; les Alpes Vaudoises (surtout dans la r\u00e9gion d&rsquo;Anzeindaz) sont r\u00e9put\u00e9es pour la richesse de leur flore; les coups d&rsquo;oeil sur les Alpes Valaisannes, le Mont Blanc et les Alpes Bernoises sont incroyables : en octobre, la vue porte jusqu&rsquo;\u00e0 la Furka et au-del\u00e0 on devine les massifs des Grisons; elle se perd au Sud dans les lointains du Grand Paradis, du Viso, de la Vanoise ou m\u00eame des Ecrins. Le lac L\u00e9man appara\u00eet comme un immense fjord qui se terminerait sur une vall\u00e9e du Rh\u00f4ne indistincte. Le Jura semble nimb\u00e9 de teintes violettes, alors que le plateau dispara\u00eet sous les stratus ou sous les brumes de pollution.<\/p>\n<p>Les sensations que l&rsquo;on peut retirer au sommet de la Dent de Morcles, par exemple, sont tout \u00e0 fait comparables \u00e0 celles que l&rsquo;on \u00e9prouve sur un 4000m; si la gloire d&rsquo;avoir r\u00e9ussi le sommet est nettement inf\u00e9rieure, le plaisir de se trouver en un endroit privil\u00e9gi\u00e9 est \u00e9quivalent, et l&rsquo;immensit\u00e9 des espaces ainsi propos\u00e9s \u00e0 la vue peut-\u00eatre m\u00eame sup\u00e9rieur.<\/p>\n<p>L&rsquo;itin\u00e9raire propos\u00e9 ici relie Aigle \u00e0 Bex, de mani\u00e8re \u00e0 favoriser aussi bien les automobilistes convaincus, qui n&rsquo;auront qu&rsquo;un minimum de transports en commun \u00e0 \u00ab\u00a0subir\u00a0\u00bb (?), que les les anti-automobilistes non moins convaincus qui trouvent aux deux extr\u00e9mit\u00e9s de l&rsquo;itin\u00e9raire une gare CFF bien desservie par les trains directs. Quant \u00e0 ceux qui acceptent aussi bien la voiture que les transports en commun, ils trouveront ici le meilleur des deux mondes.<br \/>\n<b>Situation<\/b> : D\u00e9part \u00e0 Aigle, arriv\u00e9e \u00e0 Bex<\/p>\n<p><b>Difficult\u00e9, altitude<\/b> : PE<\/p>\n<p><b>Horaire<\/b> : de cinq \u00e0 six jours, mais peut \u00eatre raccourci au besoin<\/p>\n<p><b>Mat\u00e9riel<\/b> : Bons souliers, \u00e9ventuellement cordelette pour le Grand Muveran, piolet et crampons n\u00e9cessaires en fin de saison pour le col du Pascheu.<\/p>\n<p><b>P\u00e9riode favorable<\/b> : Juillet \u00e0 octobre-novembre<\/p>\n<hr>\n<p>&nbsp;<\/p>\n<p><b>Itin\u00e9raire premier jour<\/b> : Les Diablerets &#8211; Pierredar<\/p>\n<p><b>Horaire<\/b> : 3 h<\/p>\n<p>De la gare d&rsquo;Aigle CFF, emprunter le train Aigle &#8211; S\u00e9pey &#8211; Diablerets jusqu\u2019au terminus des Diablerets. Se diriger tout d\u2019abord en direction du col de la Croix le long de la grand\u2019route, puis prendre \u00e0 gauche un chemin goudronn\u00e9 dans un premier temps, puis en terre battue pour gagner Creux de Champ. De l\u00e0, suivre le sentier de <a title=\"Pierredar\" href=\"http:\/\/www.pierredar.ch\/refuge\/\" target=\"_blank\" rel=\"noopener\">Pierredar <\/a>qui s\u2019\u00e9l\u00e8ve tout d\u2019abord \u00e0 gauche \u00e0 travers la for\u00eat, puis longe la barre de rochers des Diablerets jusqu\u2019au cirque de Pierredar.<\/p>\n<p>La cabane est situ\u00e9e sur la moraine qui termine le glacier de Prapio. Cette cabane n\u2019est pas gard\u00e9e en permanence, et quand elle l&rsquo;est, c&rsquo;est en g\u00e9n\u00e9ral de mani\u00e8re b\u00e9n\u00e9vole : il est donc pr\u00e9f\u00e9rable, voire n\u00e9cessaire de prendre son ravitaillement, \u00e0 moins de s&rsquo;\u00eatre assur\u00e9 de la pr\u00e9sence d&rsquo;une intendance !<\/p>\n<p><b>Itin\u00e9raire deuxi\u00e8me jour<\/b> : Pierredar-Derborence<\/p>\n<p>Horaire : 7 h<br \/>\nDe Pierredar, suivre d\u2019abord la cr\u00e8te de la moraine sur laquelle est construite la cabane, puis remonter le glacier de Prapio crampons aux pieds. Une via Ferrata agr\u00e9able permet d&rsquo;\u00e9viter la partie basse du glacier, d\u00e9lit\u00e9e et peu praticable actuellement. Cette via Ferrata se poursuit ensuite jusqu&rsquo;au Scex Rouge, mais la quitte en prenant pied sur le glacier. On utilisera la rive gauche du glacier pour remonter jusqu\u2019au point 3005m, sur le glacier des Diablerets. De l\u00e0, en direction g\u00e9n\u00e9rale Sud-Ouest, en restant au pied d\u2019une barre de rochers, gagner le sommet des Diablerets \u00e0 3209.7 m. La descente vers Derborence n\u00e9cessite tout d\u2019abord de revenir sur ses pas pour descendre le glacier de Tsanfleuron. On peut se rep\u00e9rer sur les installations de remont\u00e9e m\u00e9canique pour l&rsquo;itin\u00e9raire, et la tour St. Martin (ou quille du Diable) comme indicateur g\u00e9n\u00e9ral de direction. Au bas des installations de remont\u00e9e, on trouve la cabane de <a title=\"Cabane de Prarochet\" href=\"http:\/\/www.saviese.com\/Site_alpha\/decouverte_cabane_prarochet.htm\" target=\"_blank\" rel=\"noopener\">Prarochet<\/a>, o\u00f9 on peut se restaurer. De la cabane, descendre sur l&rsquo;itin\u00e9raire bien marqu\u00e9 qui m\u00e8ne \u00e0 Tsanfleuron. Au sortir des lapi\u00e9s, bifurquer \u00e0 droite, sur un chemin qui m\u00eane \u00e0 Derborence par la Chaux de Mi\u00e9, le Poteu des Etales, et Godey. De Godey, suivre le chemin carrossable en direction de Derborence et <a title=\"Derborence\" href=\"http:\/\/www.derborence.ch\/\" target=\"_blank\" rel=\"noopener\">l&rsquo;auberge du lac<\/a>.<\/p>\n<p><b>Itin\u00e9raire troisi\u00e8me jour<\/b> : Derborence-Plan N\u00e9v\u00e9<\/p>\n<p><b>Horaire<\/b> : 8 h<\/p>\n<p>Etape longue et p\u00e9nible ! On peut la couper en deux en dormant \u00e0 Anzeindaz, mais si l\u2019on veut faire cette \u00e9tape d\u2019un coup, il est pr\u00e9f\u00e9rable de partir de bonne heure de Derborence. Le tenancier de l\u2019auberge se fera un plaisir, sur demande et avec un bon verre de Fendant le soir avant, de vous pr\u00e9parer un casse-cro\u00fbte et un petit d\u00e9jeuner matinal.<\/p>\n<p>De Derborence, remonter vers Anzeindaz en passant le pas de Cheville, puis en descendant en pente douce le plateau d\u2019Anzeindaz en direction de la <a title=\"Cabane Barraud\" href=\"www.cas-diablerets.ch\/barraud.htm\" target=\"_blank\" rel=\"noopener\">cabane Barraud<\/a>, ou du <a title=\"Refuge Giacomini\" href=\"www.anzeindaz.com\/\" target=\"_blank\" rel=\"noopener\">refuge Giacomini.<\/a> De l\u00e0, apr\u00e8s une pause m\u00e9rit\u00e9e, remonter en direction sud vers le col des Essets (2029m). De l\u00e0, trois alternatives.<\/p>\n<p>La premi\u00e8re m\u00e8ne, par une grande vire sous une falaise verticale (les rochers de l\u2019Ecuelle) au glacier de Paneyrosse (qui n\u2019a plus grand\u2019chose de glaciaire) puis au col des Chamois. Du col, on continue un peu sous l\u2019ar\u00eate vierge (T\u00eate \u00e0 Pierre Grept) jusqu\u2019\u00e0 un large couloir marqu\u00e9 par des traces de peinture. La descente semble vertigineuse, impossible m\u00eame, mais pourtant elle est assez facile. Pour se donner du courage, il faut penser \u00e0 ceux qui effectuent cette descente au printemps, skis aux pieds&#8230; Cette descente est rarement utilis\u00e9e, et les marques de peinture ne sont pas de la derni\u00e8re fra\u00eecheur, quand elles existent; mais la descente est assez courte.&nbsp; Au bas du couloir, on rejoint l\u2019itin\u00e9raire du Pascheu que l\u2019on empruntera le lendemain, et on rejoint la <a title=\"Cabane de Plan-N\u00e9v\u00e9\" href=\"http:\/\/www.cabane-plan-neve.ch\/\" target=\"_blank\" rel=\"noopener\">cabane de Plan-N\u00e9v\u00e9<\/a> o\u00f9 la soupe&nbsp; vous r\u00e9confortera des efforts consentis.<\/p>\n<p>La deuxi\u00e8me alternative est nettement plus \u00ab\u00a0promenade\u00a0\u00bb : du col des Essets, descendre dans le vallon qui s\u2019ouvre \u00e0 l\u2019Ouest-Sud-Ouest en direction de La Vare, puis continuer en direction des Outans. Ne pas se tromper \u00e0 la bifurcation vers Le Richard ou Pont de Nant : le d\u00e9tour nous ferait perdre pas mal de temps et d\u2019\u00e9nergie; c\u2019est bien vers la <a title=\"Cabane de Plan-N\u00e9v\u00e9\" href=\"http:\/\/www.cabane-plan-neve.ch\/\" target=\"_blank\" rel=\"noopener\">cabane de Plan-N\u00e9v\u00e9<\/a>, au Sud, que nous nous dirigeons. Apr\u00e8s un passage dans une barre de rochers (chemin facile), on retrouve le chemin d\u2019acc\u00e8s de Pont de Nant que l\u2019on suit jusqu\u2019\u00e0 Plan N\u00e9v\u00e9 (une heure depuis la bifurcation). La soupe est de la m\u00eame qualit\u00e9 en venant par cet itin\u00e9raire.<\/p>\n<p>Enfin, depuis le col des Chamois, un sentier \u00e9quip\u00e9 de c\u00e2bles m\u00e8ne \u00e0 la cabane de Plan-N\u00e9v\u00e9 par le Sex des Branlettes et le Fer \u00e0 Cheval en direction Nord, contournant Pierre Qu&rsquo;Abotse. Ce chemin est plus souvent utilis\u00e9 \u00e0 la mont\u00e9e, et peut se r\u00e9v\u00e9ler d\u00e9licat lorsque les vires herbeuses sont mouill\u00e9es.&nbsp; En revanche, l&rsquo;itin\u00e9raire est fort bien marqu\u00e9 de peinture bleue et blanche.<\/p>\n<p><b>Itin\u00e9raire quatri\u00e8me jour<\/b> : Plan N\u00e9v\u00e9 &#8211; Rambert<\/p>\n<p><b>Horaire<\/b> : 5 h<br \/>\nUne \u00e9tape relativement courte, mais alpine. De Plan N\u00e9v\u00e9, quitter la cabane en longeant l\u2019alpinodrome vers une moraine que le chemin remonte par une cr\u00eate en direction du glacier de Plan-N\u00e9v\u00e9. Il s\u2019agit l\u00e0 encore d\u2019un glacier \u00e0 l\u2019\u00e9tat vestigial, dont la mort est programm\u00e9e en ces temps de r\u00e9chauffement climatique. Remonter ce glacier en restant un peu sur la gauche (mais pas trop, ce serait inconfortable et expos\u00e9 \u00e0 des chutes de pierre) jusqu\u2019\u00e0 ce que s\u2019ouvre \u00e0 gauche un couloir raide. Traverser le glacier en direction du pied du couloir. En fin de saison, les crampons sont n\u00e9cessaires. De l\u00e0 en suivant les cha\u00eenes, gagner le col du Pascheu que l\u2019on traverse. D\u00e8s que possible, on se dirige au Sud en direction de la Forcla, d\u2019abord \u00e0 travers les pierriers, puis en suivant le bon chemin en provenance de Derborence. Ne pas se diriger vers Chamosentse, mais passer \u00e0 droite du lac \u00e0 2450 m et viser un col situ\u00e9 \u00e0 l\u2019ouest de la Dent de Chamosentse. Le col situ\u00e9 \u00e0 l\u2019Est de la Dent de Chamosentse est certes tentant, parce que moins \u00e9lev\u00e9, mais l\u2019effort serait finalement plus grand pour remonter de Chamosentse \u00e0 Rambert. D\u00e8s que possible apr\u00e8s le col (et en suivant le chemin si des n\u00e9v\u00e9s ne l\u2019ont pas recouvert), se diriger vers l\u2019Ouest en direction d\u2019un promontoire sur lequel est juch\u00e9e la <a title=\"Cabane Rambert\" href=\"www.cas-diablerets.ch\/rambert.htm\" target=\"_blank\" rel=\"noopener\">cabane Rambert.<\/a><\/p>\n<p><i>On peut aussi couper, depuis Derborence, directement vers Rambert en remontant le beau vallon de la Derbonne. On gagne alors un jour sur l&rsquo;itin\u00e9raire complet, et pas mal de fatigue. De plus, en d\u00e9but de saison, il se peut que l&rsquo;itin\u00e9raire d\u00e9crit pr\u00e9c\u00e9demment ne soit pas viable en raison de la neige. Cette variante reste alors l&rsquo;unique possibilit\u00e9 envisageable pour relier Derborence \u00e0 la cabane Rambert.<\/i><\/p>\n<p><b>Itin\u00e9raire cinqui\u00e8me jour<\/b> : Rambert-Grand Muveran-Fenestral<\/p>\n<p>Horaire : 8 h<br \/>\nDe Rambert, se diriger tout d\u2019abord en direction Nord, le long de la cr\u00e8te Moret. D\u00e9passer quelques petites barres de rochers peu marqu\u00e9es, en se rep\u00e9rant aux indications (marques de peinture) sur les rochers. Une chemin\u00e9e facile doit \u00eatre remont\u00e9e sur une quinzaine de m\u00e8tres. Ensuite, l\u2019itin\u00e9raire bien marqu\u00e9 (sentier, marques de couleur) serpente entre les barres de rochers jusqu\u2019aux dalles sommitales. En d\u00e9but de saison, il peut y avoir encore des n\u00e9v\u00e9s dont il convient de se m\u00e9fier, surtout \u00e0 l&rsquo;approche des dalles sommitales. Gagner le sommet, et savourer l\u2019exceptionnelle vue que l\u2019on a depuis ce sommet. On redescend par le m\u00eame itin\u00e9raire, puis on continue la descente en direction de Bougnone au-dessus d\u2019Ovronnaz, par Plan Coppel et Saille. Aux chalets de Saille, le chemin part \u00e0 flanc de coteau, en direction Sud, vers les installations de remont\u00e9e m\u00e9canique de Bougnone. D\u00e9passer le restaurant en suivant un chemin toujours plein Sud, puis revenant progressivement vers l\u2019Ouest en direction de Petit Pr\u00e9. On retrouve \u00e0 Petit Pr\u00e9 le chemin d\u2019acc\u00e8s au refuge de Fenestral qui vient d\u2019Ovronnaz. Ce chemin traverse tout d\u2019abord le plat d\u2019Euloi pour s\u2019\u00e9lever ensuite dans un vallon vers le col de Fenestral. Le <a title=\"Refuge de Fenestral\" href=\"http:\/\/www.chavalard.com\/blog\/scf\/cabanes\/fenestral\/\" target=\"_blank\" rel=\"noopener\">refuge <\/a>est situ\u00e9 imm\u00e9diatement apr\u00e8s le col.<\/p>\n<p><b>Itin\u00e9raire sixi\u00e8me jour<\/b> : Fenestral-Dent de Morcles-Bex<\/p>\n<p><b>Horaire<\/b> : 7 h<br \/>\nDu refuge de Fenestral, gagner le col de Fenestral, puis suivre tant bien que mal (chemin) l\u2019ar\u00eate en direction Nord-Ouest pour d\u00e9passer un petit ressaut, puis quitter l\u2019ar\u00eate en direction g\u00e9n\u00e9rale Ouest-Nord-Ouest pour d\u00e9boucher sur le plateau de Grand Cor. Traverser ce plateau en direction Nord, et remonter les pentes qui m\u00eanent \u00e0 la Grande Dent de Morcles. La barre de rochers principale peut se contourner par la droite en montant.<\/p>\n<p>Parvenir au sommet de la Grande Dent de Morcles, moment peut-\u00eatre le plus spectaculaire de cette travers\u00e9e du fait de la vue encore plus d\u00e9gag\u00e9e que du sommet du Grand Muveran, et d\u2019une impression de vide extraordinaire. Le Rh\u00f4ne, et Dor\u00e9naz 2500 m plus bas, sont pratiquement entre les pointes des chaussures!<\/p>\n<p>Du sommet, redescendre sur ses pas de quelques m\u00e8tres jusqu\u2019\u00e0 un petit col \u00e9troit qui s\u2019ouvre sur un couloir non moins \u00e9troit en face Ouest. C\u2019est le Nant Rouge. Descendre de quelques m\u00e8tres dans le Nant Rouge, et on retrouve bient\u00f4t un chemin bien marqu\u00e9. Un gros bloc en travers du chemin demande quelques contorsions pour le d\u00e9passer. On peut passer par dessous en rampant (gare \u00e0 la ligne minceur !) ou par dessus en \u00ab\u00a0crapahutant\u00a0\u00bb (expression romande signifiant grimper du rocher facile, mais avec une connotation un peu ridicule). Ensuite, suivre le chemin en direction de la <a title=\"Cabane de la Tourche\" href=\"http:\/\/www.cas-st-maurice.ch\/tourche\/\" target=\"_blank\" rel=\"noopener\">cabane de La Tourche<\/a>. Des bifurcations en chemin permettent au besoin de gagner le col Dem\u00e8cre ou l\u2019Au d\u2019Arbignon, mais c\u2019est vers le campement militaire de Riondaz que nous nous dirigeons tout d\u2019abord. Ensuite, suivre la route carrossable jusqu\u2019\u00e0 la bifurcation vers la <a title=\"Cabane de la Tourche\" href=\"http:\/\/www.cas-st-maurice.ch\/tourche\/\" target=\"_blank\" rel=\"noopener\">cabane de la Tourche<\/a> (15 minutes \u00e0 remonter). De la cabane de la Tourche, continuer en direction Nord, en suivant plus ou moins la cr\u00e8te, vers la Croix de Javerne que l\u2019on d\u00e9passe. En suivant toujours la cr\u00e8te, on parvient \u00e0 une bifurcation, avec un chemin bien marqu\u00e9 qui oblique plein Ouest et qui descend dans les vernes en direction de Dreusine. Au chalet de Dreusine, continuer la descente sur le m\u00eame versant (ne pas obliquer au Sud ou au Nord) en direction des Ravorens et des Monts de Bex. Parvenu aux chalets des Monts (830 m), ne pas emprunter la route carrossable en direction Nord, mais revenir un peu en arri\u00e8re le long de cette route (deux \u00e9pingles) pour parvenir, \u00e0 l\u2019or\u00e9e de la for\u00eat, \u00e0 une bifurcation o\u00f9 l\u2019on choisit la route Nord (l\u2019autre convient aussi, mais c\u2019est un peu plus long). Continuer le chemin jusqu\u2019\u00e0 la route cantonale, o\u00f9 le tramway vous permet de regagner la gare CFF, et un train en direction d\u2019Aigle ou d\u2019ailleurs.<\/p>\n","protected":false},"excerpt":{"rendered":"<p>Un nom bien pompeux pour une ballade qui peine \u00e0 d\u00e9passer les 3000 m\u00e8tres ! Et de plus, un nom bien mal choisi pour un itin\u00e9raire dont une grande partie se passe en Valais (diront les Valaisans). C&rsquo;est parfaitement exact; il se trouve que tant la Dent de Morcles que le Grand Muveran sont sur &hellip; <a href=\"https:\/\/www.lesmonts.ch\/wp_fr\/randonnees\/randonnees-estivales\/haute-route-des-alpes-vaudoises\/\" class=\"more-link\">Continuer la lecture de <span class=\"screen-reader-text\">Haute route des Alpes Vaudoises<\/span>  <span class=\"meta-nav\">&rarr;<\/span><\/a><\/p>\n","protected":false},"author":1,"featured_media":0,"parent":40,"menu_order":0,"comment_status":"open","ping_status":"open","template":"","meta":{"_crdt_document":"","ngg_post_thumbnail":0,"footnotes":""},"class_list":["post-159","page","type-page","status-publish","hentry"],"_links":{"self":[{"href":"https:\/\/www.lesmonts.ch\/wp_fr\/wp-json\/wp\/v2\/pages\/159","targetHints":{"allow":["GET"]}}],"collection":[{"href":"https:\/\/www.lesmonts.ch\/wp_fr\/wp-json\/wp\/v2\/pages"}],"about":[{"href":"https:\/\/www.lesmonts.ch\/wp_fr\/wp-json\/wp\/v2\/types\/page"}],"author":[{"embeddable":true,"href":"https:\/\/www.lesmonts.ch\/wp_fr\/wp-json\/wp\/v2\/users\/1"}],"replies":[{"embeddable":true,"href":"https:\/\/www.lesmonts.ch\/wp_fr\/wp-json\/wp\/v2\/comments?post=159"}],"version-history":[{"count":5,"href":"https:\/\/www.lesmonts.ch\/wp_fr\/wp-json\/wp\/v2\/pages\/159\/revisions"}],"predecessor-version":[{"id":9160,"href":"https:\/\/www.lesmonts.ch\/wp_fr\/wp-json\/wp\/v2\/pages\/159\/revisions\/9160"}],"up":[{"embeddable":true,"href":"https:\/\/www.lesmonts.ch\/wp_fr\/wp-json\/wp\/v2\/pages\/40"}],"wp:attachment":[{"href":"https:\/\/www.lesmonts.ch\/wp_fr\/wp-json\/wp\/v2\/media?parent=159"}],"curies":[{"name":"wp","href":"https:\/\/api.w.org\/{rel}","templated":true}]}}