{"id":157,"date":"2014-07-17T09:56:55","date_gmt":"2014-07-17T08:56:55","guid":{"rendered":"http:\/\/www.lesmonts.ch\/wp_fr\/?page_id=157"},"modified":"2014-07-29T20:58:37","modified_gmt":"2014-07-29T19:58:37","slug":"champery-chamonix","status":"publish","type":"page","link":"https:\/\/www.lesmonts.ch\/wp_fr\/randonnees\/randonnees-estivales\/champery-chamonix\/","title":{"rendered":"Champ\u00e9ry-Chamonix"},"content":{"rendered":"<h2>Situation :<\/h2>\n<p>Ce raid n\u2019est pas un classique; la mode actuelle est plut\u00f4t aux tours qui permettent de retrouver la voiture \u00e0 l\u2019arriv\u00e9e. Et pourtant,quels plaisirs r\u00e9serve cette excursion de 4 ou 5 jours ! Autre avantage d\u2019un raid non circulaire : on peut d\u00e9cider de changer d\u2019itin\u00e9raire n\u2019importe o\u00f9, de prolonger la promenade si l\u2019on en a le temps, voire d\u2019abr\u00e9ger en cas de conditions d\u00e9favorables.<\/p>\n<hr \/>\n<p><b>Difficult\u00e9, altitude<\/b> : PE (pi\u00e9ton exp\u00e9riment\u00e9), F en d\u00e9but de saison, 2494 m au col de Susanfe, 2462 m au col d\u2019Emaney, 2481 m au col de Barberine, 2645 m au col de la Terrasse, 3257 m au sommet de la Haute Cime<\/p>\n<h2>Horaire :<\/h2>\n<p><b>Champ\u00e9ry-Susanfe<\/b> : 5 heures (attention, l\u2019acc\u00e8s \u00e0 Champ\u00e9ry prend beaucoup de temps, pr\u00e9voir une bonne marge)<\/p>\n<p><b>Susanfe-Salanfe<\/b> : 3 heures sans passer par le sommet de la Haute Cime; la Haute Cime en aller-retour demande 4 \u00e0 5 heures suppl\u00e9mentaires.<\/p>\n<p><b>Salanfe-Emosson<\/b> : 5 heures<\/p>\n<p><b>Emosson-Col de la Terrasse-Chalets de Loriaz<\/b> : 6 heures<\/p>\n<p><b>Loriaz-Les Praz de Chamonix<\/b> : 7 heures<\/p>\n<h2>Mat\u00e9riel :<\/h2>\n<p>Randonn\u00e9e \u00e0 pied. Petit piolet pas inutile en d\u00e9but de saison, ou pour gravir la Haute Cime. Dans le m\u00eame ordre d\u2019id\u00e9es, une cordelette de 20 m en 6 mm peut s\u2019av\u00e9rer utile dans certains passages de n\u00e9v\u00e9s.<\/p>\n<h2>P\u00e9riode favorable :<\/h2>\n<p>Fin juin \u00e0 novembre en cas d\u2019\u00e9t\u00e9 indien<\/p>\n<hr \/>\n<h2><\/h2>\n<h2>Itin\u00e9raire :<\/h2>\n<p>Gagner Champ\u00e9ry en utilisant le chemin de fer Aigle-Ollon-Monthey-Champ\u00e9ry, au d\u00e9part de la gare d\u2019Aigle bien desservie par le chemin de fer. Les automobilistes inv\u00e9t\u00e9r\u00e9s n\u2019ont pas de chance : l\u2019utilisation de l\u2019automobile est tr\u00e8s d\u00e9favorable dans cet itin\u00e9raire, m\u00eame en utilisant plusieurs v\u00e9hicules. Pour les automobilistes ayant beaucoup de temps devant eux, en revanche, il est tout \u00e0 fait possible de revenir de Chamonix \u00e0 Champ\u00e9ry par un autre itin\u00e9raire (envers des Aiguilles Rouges, Samo\u00ebns, Sixt, Fer \u00e0 Cheval, Comba Mornay, par exemple); ainsi, on retrouve sa petite voiture en fin de raid.<\/p>\n<p>De la gare de Champ\u00e9ry, poursuivre sur la route en direction du Grand Paradis; apr\u00e8s la sortie de Champ\u00e9ry, un garage indique le chemin le plus court, par le Roc Coup\u00e9 et Ross\u00e9tan : pour cet itin\u00e9raire, \u00e0 la hauteur du garage on traverse la Vi\u00e8ze et on p\u00e9n\u00e8tre dans un petit vallon o\u00f9 court le torrent appel\u00e9 La Saufla. On rejoint ensuite l\u2019itin\u00e9raire de Bonavau, nettement plus long puisqu\u2019il exige de monter jusqu\u2019\u00e0 La Barmaz, mais qui pr\u00e9sente l\u2019avantage de passer par la buvette de Bonavau. Avantage relatif d\u2019ailleurs, puisque l\u2019on court le danger de rester coinc\u00e9 sur le petit terre-plein de Bonavau, tant l\u2019endroit est beau et l&rsquo;accueil sympathique.<\/p>\n<p>En poursuivant le chemin de la <a title=\"Cabane de Susanfe\" href=\"susanfe.ch\/\" target=\"_blank\">cabane de Susanfe<\/a>, on entre dans le spectaculaire Pas d\u2019Encel : en saison, de v\u00e9ritables champs de fleurs naissent entre les rochers; en particulier, la grande Ancolie des Alpes y est commune ! On d\u00e9bouche ensuite dans le vallon de Susanfe que l\u2019on suit encore pendant une heure pour parvenir au refuge.<\/p>\n<p>Le refuge est tr\u00e8s sympathique, mais souvent bond\u00e9 l\u2019\u00e9t\u00e9, en raison de son r\u00f4le de g\u00eete d\u2019\u00e9tape sur le tour des Dents-du-Midi: il vaut donc mieux r\u00e9server. L\u2019accueil est tr\u00e8s agr\u00e9able, la restauration bonne, les tartes aux pommes succulentes, mais l\u2019acc\u00e8s au dortoir est assez difficile: alors que dire de la descente de ce m\u00eame dortoir en pleine nuit avec une vessie surmen\u00e9e !<\/p>\n<p>Le lendemain, on gagnera par une mont\u00e9e d\u2019une heure environ le col de Susanfe. Depuis l\u00e0, il serait dommage de se priver de l\u2019ascension de la Haute Cime, si les conditions sont bonnes; un piolet par personne, et une cordelette peuvent s\u2019av\u00e9rer tr\u00e8s utiles en d\u00e9but de saison. La Haute Cime se fait en aller-retour. Depuis le col de Susanfe, le chemin est bien marqu\u00e9 jusqu\u2019\u00e0 l\u2019<a title=\"Auberge de Salanfe\" href=\"http:\/\/www.salanfe.ch\/fr\/\" target=\"_blank\">auberge de Salanfe<\/a>.<\/p>\n<p>De Salanfe, suivre le bord du lac en direction (sud-ouest) du col d\u2019Emaney. La derni\u00e8re fois que je suis pass\u00e9 par l\u00e0, l\u2019horaire indiquait 4 heures 15 pour Emosson, et apr\u00e8s une demi-heure de marche, un autre panneau indiquait 4 heures 30&#8230; Ne pas se fier aux indicateurs pour planifier une grasse matin\u00e9e ! D\u2019ailleurs, on marche bien mieux le matin, c\u2019est connu. La mont\u00e9e au col d\u2019Emaney est bien marqu\u00e9e, mais assez rude. L\u2019arriv\u00e9e au col est spectaculaire, avec les Alpes qui se d\u00e9couvrent d\u2019un coup du Mont Blanc jusqu\u2019au fond du Valais. On \u00e9tudiera du haut du col l\u2019itin\u00e9raire \u00e0 suivre pour le col de Barberine, bien visible \u00e0 l\u2019extr\u00e9mit\u00e9 de la cr\u00e8te des Monts d\u2019Aboillon.<\/p>\n<p>Du col, on descend dans le vallon d\u2019Emaney (en juillet, on a parfois l\u2019impression qu\u2019il y a plus de fleurs que d\u2019herbe !), et d\u00e9s que possible, on quitte le sentier pour rester le plus haut possible sous les Monts d\u2019Aboillon, en veillant toutefois \u00e0 ne pas s\u2019exposer aux chutes de pierre toujours possibles et m\u00eame fr\u00e9quentes dans ce type de rocher. On rejoint le sentier du col de Barberine sur une moraine raide qui permet d\u2019acc\u00e9der au vallon menant au col.<\/p>\n<p>Au sortir de la moraine, et en d\u00e9but de saison, on prendra garde au passage du torrent, qui peut \u00eatre d\u00e9licat pour des personnes peu exp\u00e9riment\u00e9es. Plut\u00f4t que de passer \u00e0 la base du n\u00e9v\u00e9, au risque de crever la couche neigeuse et d\u2019\u00eatre pr\u00e9cipit\u00e9 dans le vide, monter de quelques m\u00e8tres \u00e0 droite, puis traverser le n\u00e9v\u00e9 (raide, petit piolet utile). Ensuite, le chemin est assez \u00e9vident; au mois de juillet, la neige recouvre tout le fond du vallon. Il vaut mieux s\u2019\u00e9lever \u00e0 droite (rive gauche) du vallon pour parvenir au col de Barberine.<\/p>\n<p>Du col, on descend par le sentier bien marqu\u00e9, g\u00e9n\u00e9ralement exempt de neige en direction du lac d\u2019Emosson. En cas de neige, rester d\u2019abord assez \u00e0 droite puis gagner le fond du vallon d\u00e8s que la pente devient moins raide. Ensuite, on suit le chemin carossable le long du barrage d\u2019Emosson. Au bout d\u2019un temps, le chemin devient route goudronn\u00e9e, et se termine de mani\u00e8re peu sympathique dans un long tunnel et sur le parking d\u2019Emosson.<\/p>\n<p>Il est possible de dormir dans des dortoirs confortables (avec douches) au <a title=\"Restaurant d'Emosson\" href=\"http:\/\/www.emossonresto.com\/\" target=\"_blank\">barrage d\u2019Emosson<\/a>, mais il s\u2019agit d\u2019un grand restaurant, et le b\u00e9ton y domine. L&rsquo;ambiance n&rsquo;est donc pas franchement \u00ab\u00a0cabane de montagne\u00a0\u00bb, mais plut\u00f4t \u00ab\u00a0colonie de vacances\u00a0\u00bb. Pour trouver un g\u00eete plus pittoresque, il y a deux solutions : ou continuer sur l\u2019itin\u00e9raire propos\u00e9 ici (route goudronn\u00e9e, raccourci dans le fond de la combe du Vieux) en traversant la pile du barrage en direction du barrage du Vieux Emosson et du <a title=\"Vieux Emosson\" href=\"http:\/\/www.cabaneduvieux.ch\/\" target=\"_blank\">refuge du m\u00eame nom<\/a> (s&rsquo;assurer qu&rsquo;il y a de la place, des travaux cons\u00e9quents ont eu lieu en 2013 en m\u00eame temps que l&rsquo;augmentation de la capacit\u00e9 de production des installations), ou obliquer d\u00e8s le barrage d\u00e9pass\u00e9 \u00e0 gauche, en direction du col du Passet et des <a title=\"Chalets de Loriaz\" href=\"loriaz.fr\/\" target=\"_blank\">chalets de Loriaz<\/a>. Dans la deuxi\u00e8me possibilit\u00e9, on \u00e9courte le raid d\u2019un jour, et on se prive du site des traces de dinosaure.<\/p>\n<p>Suivre le chemin le long du lac du Vieux Emosson, puis emprunter le vallon qui m\u00e8ne au col des Corbeaux. Vers 2500 m environ, rep\u00e9rer une grande dalle \u00e0 gauche (rive droite du vallon) partiellement recouverte de neige en juillet. Cette dalle est recouverte d\u2019empreintes de dinosaure: les plus spectaculaires sont au bas de la dalle; en d\u00e9but de saison, elles sont donc invisibles.<\/p>\n<p>Ensuite, continuer dans la m\u00eame direction g\u00e9n\u00e9rale, et obliquer \u00e0 gauche sous le col des Corbeaux pour atteindre un petit plateau que l\u2019on traverse direction Est pour parvenir au col de la Terrasse. La descente du col en direction des chalets de Loriaz est spectaculaire, et d\u00e9conseill\u00e9e aux personnes souffrant de vertige, ou simplement impressionables; en revanche, elle est sans danger en l\u2019absence de neige. Une petite corde peut s\u2019av\u00e9rer utile pour rassurer les personnes craintives. Arriv\u00e9 au bas du c\u00f4ne d\u2019avalanche, le chemin menant aux <a title=\"Chalets de Loriaz\" href=\"http:\/\/loriaz.fr\/\" target=\"_blank\">chalets de Loriaz<\/a> (1990m) est bien marqu\u00e9. Il faut r\u00e9server si l\u2019on veut passer la nuit aux chalets de Loriaz.<\/p>\n<p>De Loriaz, descendre en direction du hameau du Couteray par un sentier bien marqu\u00e9 d\u2019abord, puis par une route carossable pour rejoindre la route nationale du col des Montets que l\u2019on remonte en direction du col. Pass\u00e9 une pension de vacances \u00e0 droite de la route en montant, (on peut aussi se fier \u00e0 l&rsquo;odeur : les \u00e9gouts se d\u00e9versent \u00e0 cet endroit !) il est possible d\u2019emprunter l\u2019ancien chemin muletier du col en traversant la rivi\u00e8re (point 1366m). Au col, on peut faire une pause pour admirer le tr\u00e8s beau jardin alpin.<\/p>\n<p>Ensuite, sur la droite (ouest), emprunter un chemin confortable mais raide qui m\u00e8ne au balcon du Mont Blanc. On entre ainsi dans la r\u00e9serve nationale des Aiguilles Rouges de Chamonix. La mont\u00e9e est rude (env. 800 m), mais annonce la fin du voyage. Suivre ensuite le sentier menant \u00e0 la Fl\u00e9g\u00e8re, en s\u2019arr\u00eatant pour pique-niquer aux magnifiques lacs de Ch\u00e9sery, par exemple, ou en remontant au refuge du Lac Blanc (une demi-heure suppl\u00e9mentaire). Ce refuge permet de prolonger le s\u00e9jour face au Mont Blanc pour ceux qui ont le temps de le faire. Mais attention, il est souvent bond\u00e9 !<\/p>\n<p>Arriv\u00e9 \u00e0 la Fl\u00e9g\u00e8re, il est possible d\u2019emprunter la t\u00e9l\u00e9cabine pour rejoindre les Praz de Chamonix, ou le petit chemin qui serpente \u00e0 travers la for\u00eat. Il est d\u2019ailleurs aussi possible de renoncer \u00e0 arriver \u00e0 la Fl\u00e9g\u00e8re et son h\u00f4tel moche, et d\u00e9s les chalets de Ch\u00e9sery redescendre en direction d\u2019Argenti\u00e8res: on prendra le train \u00e0 Argenti\u00e8res, du coup. Si l\u2019on pousse jusqu\u2019aux Praz, il faut, depuis la station d\u2019arriv\u00e9e de la t\u00e9l\u00e9cabine (vers laquelle on parvient de toutes fa\u00e7ons), se diriger vers l\u2019\u00e9glise, puis suivre la route \u00e0 gauche, traverser un rond-point, et parvenir \u00e0 la voie de chemin de fer \u00e0 partir de laquelle la gare est indiqu\u00e9e.<\/p>\n<p>Lorsque nous avons fait ce raid, la correspondance \u00e0 Martigny s\u2019est av\u00e9r\u00e9e tr\u00e8s serr\u00e9e, et interdisait de prendre un billet pour revenir \u00e0 Aigle. Il est prudent de se renseigner aupr\u00e8s du contr\u00f4leur d\u00e8s la station du Ch\u00e2telard (changement de train) pass\u00e9e; si cette correspondance est trop \u00ab\u00a0juste\u00a0\u00bb, on peut demander au contr\u00f4leur de faire pr\u00e9parer le billet qui vous attendra \u00e0 la station de Vernayaz.<\/p>\n","protected":false},"excerpt":{"rendered":"<p>Situation : Ce raid n\u2019est pas un classique; la mode actuelle est plut\u00f4t aux tours qui permettent de retrouver la voiture \u00e0 l\u2019arriv\u00e9e. Et pourtant,quels plaisirs r\u00e9serve cette excursion de 4 ou 5 jours ! Autre avantage d\u2019un raid non circulaire : on peut d\u00e9cider de changer d\u2019itin\u00e9raire n\u2019importe o\u00f9, de prolonger la promenade si &hellip; <a href=\"https:\/\/www.lesmonts.ch\/wp_fr\/randonnees\/randonnees-estivales\/champery-chamonix\/\" class=\"more-link\">Continuer la lecture de <span class=\"screen-reader-text\">Champ\u00e9ry-Chamonix<\/span>  <span class=\"meta-nav\">&rarr;<\/span><\/a><\/p>\n","protected":false},"author":1,"featured_media":0,"parent":40,"menu_order":0,"comment_status":"open","ping_status":"open","template":"","meta":{"_crdt_document":"","ngg_post_thumbnail":0,"footnotes":""},"class_list":["post-157","page","type-page","status-publish","hentry"],"_links":{"self":[{"href":"https:\/\/www.lesmonts.ch\/wp_fr\/wp-json\/wp\/v2\/pages\/157","targetHints":{"allow":["GET"]}}],"collection":[{"href":"https:\/\/www.lesmonts.ch\/wp_fr\/wp-json\/wp\/v2\/pages"}],"about":[{"href":"https:\/\/www.lesmonts.ch\/wp_fr\/wp-json\/wp\/v2\/types\/page"}],"author":[{"embeddable":true,"href":"https:\/\/www.lesmonts.ch\/wp_fr\/wp-json\/wp\/v2\/users\/1"}],"replies":[{"embeddable":true,"href":"https:\/\/www.lesmonts.ch\/wp_fr\/wp-json\/wp\/v2\/comments?post=157"}],"version-history":[{"count":4,"href":"https:\/\/www.lesmonts.ch\/wp_fr\/wp-json\/wp\/v2\/pages\/157\/revisions"}],"predecessor-version":[{"id":368,"href":"https:\/\/www.lesmonts.ch\/wp_fr\/wp-json\/wp\/v2\/pages\/157\/revisions\/368"}],"up":[{"embeddable":true,"href":"https:\/\/www.lesmonts.ch\/wp_fr\/wp-json\/wp\/v2\/pages\/40"}],"wp:attachment":[{"href":"https:\/\/www.lesmonts.ch\/wp_fr\/wp-json\/wp\/v2\/media?parent=157"}],"curies":[{"name":"wp","href":"https:\/\/api.w.org\/{rel}","templated":true}]}}