{"id":154,"date":"2014-07-17T09:25:42","date_gmt":"2014-07-17T08:25:42","guid":{"rendered":"http:\/\/www.lesmonts.ch\/wp_fr\/?page_id=154"},"modified":"2014-07-17T09:42:45","modified_gmt":"2014-07-17T08:42:45","slug":"balcon-de-lavancon","status":"publish","type":"page","link":"https:\/\/www.lesmonts.ch\/wp_fr\/randonnees\/randonnees-estivales\/balcon-de-lavancon\/","title":{"rendered":"Balcon de l&rsquo;Avan\u00e7on"},"content":{"rendered":"<p>Le vallon de l&rsquo;Avan\u00e7on s&rsquo;ouvre \u00e0 partir de Bex, en direction des Plans ou de Solalex, selon la branche de la rivi\u00e8re que l&rsquo;on veut suivre. La ballade que nous nous proposons de suivre ici remonte, puis redescend cette rivi\u00e8re de son embouchure dans le Rh\u00f4ne jusqu&rsquo;\u00e0 Pont de Nant, lieu facilement accessible en voiture, et o\u00f9 l&rsquo;on pourra se restaurer, \u00e0 mi-chemin du p\u00e9riple, avant de suivre le cours de la rivi\u00e8re en direction de son point de rencontre avec le Rh\u00f4ne.<\/p>\n<hr \/>\n<p>&nbsp;<\/p>\n<p><b>Difficult\u00e9<\/b> : P<br \/>\n<b>Altitude, D\u00e9nivel\u00e9<\/b> : d\u00e9part Bex (430m), Les Lu\u00e9s (~1700 m), Ch\u00e2tillon (1840 m), Pont de Nant 1400m, Bex.<br \/>\n<b>Horaire<\/b> : 9 \u00e0 10 heures de Bex \u00e0 Bex<br \/>\n<b>Mat\u00e9riel<\/b> : Bons souliers, Pique-nique, \u00e0 boire.<\/p>\n<hr \/>\n<p>&nbsp;<\/p>\n<p>La premi\u00e8re partie de l&rsquo;itin\u00e9raire est sauvage, peu fr\u00e9quent\u00e9e, mais offre des coups d&rsquo;oeils impressionants sur la vall\u00e9e du Rh\u00f4ne et le lac L\u00e9man plus lointain. On ne risque pas de rencontrer grand&rsquo;monde, malgr\u00e9 la beaut\u00e9 incontestable de cet itin\u00e9raire. C&rsquo;est que la mont\u00e9e depuis Bex aux Lu\u00e9s est rude (un peu plus de 1000 m) mais malgr\u00e9 sa raideur, elle est agr\u00e9able parceque situ\u00e9e dans un versant Nord-Ouest, et donc \u00e0 l&rsquo;ombre le matin. Au moment o\u00f9 la mont\u00e9e s&rsquo;arr\u00eate, on d\u00e9bouche au soleil qui va nous accompagner pendant la majeure partie de l&rsquo;itin\u00e9raire.<\/p>\n<p>De Bex, il y a plusieurs options, le but \u00e9tant de gagner tout d&rsquo;abord un lieu-dit les Monts de Bex, ou plus simplement Les Monts. Plusieurs chemins y m\u00eanent, soit au d\u00e9part du lieu-dit les Valentines, soit au d\u00e9part du B\u00e9vieux, terminus du tramway. Du B\u00e9vieux, on peut gagner un chemin carossable un peu plus bas (20 m) que l&rsquo;acc\u00e8s \u00e0 un centre spirituel. On emprunte ensuite un chemin r\u00e9put\u00e9 priv\u00e9 (pour \u00e9viter les pique-niqueurs envahissants le dimanche) tout d&rsquo;abord goudronn\u00e9, puis en terre pendant 15 minutes, avec de temps \u00e0 autre un r\u00e9confortant panneau marqu\u00e9 \u00ab\u00a0Tourisme p\u00e9destre\u00a0\u00bb. Au deuxi\u00e8me p\u00e2turage, quitter le chemin le plus large \u00e0 l&rsquo;\u00e9pingle et suivre un chemin qui semble parfois dispara\u00eetre sous les ronces (p\u00e2turage suivant). La suite du chemin peut \u00e9ventuellement exiger le franchissement du quelques arbres arrach\u00e9s par le vent. On rejoint ainsi par un raccourci la route carossable des Monts pratiquement \u00e0 son extr\u00e9mit\u00e9. Un groupe de trois maisons, deux au-dessous et une au-dessus de la route servent de point de rep\u00e8re pour trouver un chemin qui s&rsquo;enfonce bient\u00f4t dans la for\u00eat. La mont\u00e9e qui suit est tr\u00e8s raide jusqu&rsquo;au p\u00e2turage des Vernets, que l&rsquo;on traverse en oblique, sur les vestiges d&rsquo;un ancien chemin (par endroits, surtout au d\u00e9but, creux) ou en suivant simplement la route carossable qui fait un d\u00e9tour. Au bout de la route carossable, un chemin assez bien marqu\u00e9, mais d\u00e9pourvu de poteau indicateur monte \u00e0 droite en oblique. Emprunter ce chemin, sans se laisser tromper par un chemin fort bien marqu\u00e9 qui continue \u00e0 l&rsquo;horizontale dans le prolongement de la route carossable. On reste sur ce chemin parfois escarp\u00e9 jusqu&rsquo;au p\u00e2turage suivant, appel\u00e9 les Lu\u00e9s (une petite heure). Le chemin dispara\u00eet pratiquement, mais on se dirige vers un magnifique chalet, puis on suit des traces de tout-terrain \u00e0 travers le champ jusqu&rsquo;\u00e0 retrouver un chemin bien balis\u00e9, avec un panneau indicateur du tourisme p\u00e9destre. Ceux qui en ont le courage peuvent gagner, en suivant la large cr\u00eate sur laquelle on se trouve \u00e0 ce moment, le point de vue du Ch\u00e2tillon (magnifique panorama), puis , du sommet, traverser jusqu&rsquo;\u00e0 un chemin qui redescend sur Javerne et ainsi retrouver cet itin\u00e9raire aux chalets de Javerne.<\/p>\n<p><a href=\"http:\/\/www.lesmonts.ch\/wp_fr\/wp-content\/uploads\/2014\/07\/gentiane.jpg\"><img loading=\"lazy\" decoding=\"async\" class=\"alignnone size-medium wp-image-155\" src=\"http:\/\/www.lesmonts.ch\/wp_fr\/wp-content\/uploads\/2014\/07\/gentiane-300x199.jpg\" alt=\"gentiane\" width=\"300\" height=\"199\" srcset=\"https:\/\/www.lesmonts.ch\/wp_fr\/wp-content\/uploads\/2014\/07\/gentiane-300x199.jpg 300w, https:\/\/www.lesmonts.ch\/wp_fr\/wp-content\/uploads\/2014\/07\/gentiane-1024x680.jpg 1024w, https:\/\/www.lesmonts.ch\/wp_fr\/wp-content\/uploads\/2014\/07\/gentiane.jpg 1400w\" sizes=\"auto, (max-width: 300px) 100vw, 300px\" \/><\/a><\/p>\n<p>De Javerne, emprunter la route en direction des Plans. Une bifurcation vers la droite (environ un kilom\u00e8tre de Javerne) conduit ensuite en direction d&rsquo;Eusanne, o\u00f9 l&rsquo;on quitte la route carrossable \u00e0 l&rsquo;\u00e9pingle. Un sentier marqu\u00e9 m\u00e8ne en direction de Pont de Nant, Cinglo et le Trou \u00e0 l&rsquo;Ours. Ce sentier suit \u00e0 peu pr\u00e8s la courbe de niveau jusqu&rsquo;\u00e0 un chalet forestier (une heure et demie) o\u00f9 les nombreux pique-niqueurs laissent pr\u00e9sager que la solitude aura bient\u00f4t une fin. Descendre sur Pont de Nant par le chemin raide mais confortable. On d\u00e9bouche sur la route les Plans-Pont de Nant qu&rsquo;il faut remonter sur une centaine de m\u00e8tres pour aboutir \u00e0 Pont de Nant.<\/p>\n<p>L&rsquo;arriv\u00e9e \u00e0 <a title=\"Auberge de Pont de nant\" href=\"www.pont-de-nant.ch\/\" target=\"_blank\">Pont de Nant<\/a> repr\u00e9sente un contraste s\u00e9v\u00e8re entre la solitude et la foule. Mais une petite collation, voire un solide repas \u00e0 vocation gastronomique, \u00e0 l&rsquo;auberge communale est bienvenue, avant d&rsquo;entamer la descente des gorges de l&rsquo;Avan\u00e7on. La descente de Pont de Nant aux Plans forme une transition agr\u00e9able entre la travers\u00e9e sur les hauteurs du matin et la descente au fond d&rsquo;un vallon resserr\u00e9 l&rsquo;apr\u00e8s-midi. Le chemin part tout de suite \u00e0 droite d\u00e8s que l&rsquo;on quitte l&rsquo;alpage de Pont de Nant, et suit assez fid\u00e8lement le cours de la rivi\u00e8re. Des Plans, on suit la route cantonale sur 300 m environ, jusqu&rsquo;au d\u00e9part d&rsquo;un petit sentier \u00e0 droite plongeant vers l&rsquo;Avan\u00e7on, o\u00f9 on poursuit la descente vers Bex. Cette descente est ais\u00e9e, mais prend des allures de canyon par endroits.<\/p>\n<p>De Freni\u00e8res \u00e0 Bex par l&rsquo;usine \u00e9lectrique, le chemin est carrossable, et m\u00eame nouvellement goudronn\u00e9, car ayant servi de route principale entre Bex et les Plans lors des probl\u00e8mes d&rsquo;\u00e9boulement sur la route de Freni\u00e8res. Du coup, le trajet en est rendu peut-\u00eatre moins sympathique, mais pas moins beau, car les gorges restent belles en d\u00e9pit du rev\u00eatement.<\/p>\n<p>On suit l&rsquo;Avan\u00e7on jusqu&rsquo;au B\u00e9vieux, puis jusque dans le village de Bex, et de l\u00e0 on peut, \u00e0 pied (15 min.) ou en tramway, gagner la gare CFF pour ceux qui seraient venus en train. Pour les automobilistes, il y a plusieurs endroits o\u00f9 l&rsquo;on peut d\u00e9poser une voiture, comme au B\u00e9vieux, par exemple; g\u00e9n\u00e9ralement une simple demande permet de se parquer \u00e0 peu pr\u00e8s n&rsquo;importe o\u00f9.<\/p>\n","protected":false},"excerpt":{"rendered":"<p>Le vallon de l&rsquo;Avan\u00e7on s&rsquo;ouvre \u00e0 partir de Bex, en direction des Plans ou de Solalex, selon la branche de la rivi\u00e8re que l&rsquo;on veut suivre. La ballade que nous nous proposons de suivre ici remonte, puis redescend cette rivi\u00e8re de son embouchure dans le Rh\u00f4ne jusqu&rsquo;\u00e0 Pont de Nant, lieu facilement accessible en voiture, &hellip; <a href=\"https:\/\/www.lesmonts.ch\/wp_fr\/randonnees\/randonnees-estivales\/balcon-de-lavancon\/\" class=\"more-link\">Continuer la lecture de <span class=\"screen-reader-text\">Balcon de l&rsquo;Avan\u00e7on<\/span>  <span class=\"meta-nav\">&rarr;<\/span><\/a><\/p>\n","protected":false},"author":1,"featured_media":0,"parent":40,"menu_order":0,"comment_status":"open","ping_status":"open","template":"","meta":{"_crdt_document":"","ngg_post_thumbnail":0,"footnotes":""},"class_list":["post-154","page","type-page","status-publish","hentry"],"_links":{"self":[{"href":"https:\/\/www.lesmonts.ch\/wp_fr\/wp-json\/wp\/v2\/pages\/154","targetHints":{"allow":["GET"]}}],"collection":[{"href":"https:\/\/www.lesmonts.ch\/wp_fr\/wp-json\/wp\/v2\/pages"}],"about":[{"href":"https:\/\/www.lesmonts.ch\/wp_fr\/wp-json\/wp\/v2\/types\/page"}],"author":[{"embeddable":true,"href":"https:\/\/www.lesmonts.ch\/wp_fr\/wp-json\/wp\/v2\/users\/1"}],"replies":[{"embeddable":true,"href":"https:\/\/www.lesmonts.ch\/wp_fr\/wp-json\/wp\/v2\/comments?post=154"}],"version-history":[{"count":1,"href":"https:\/\/www.lesmonts.ch\/wp_fr\/wp-json\/wp\/v2\/pages\/154\/revisions"}],"predecessor-version":[{"id":156,"href":"https:\/\/www.lesmonts.ch\/wp_fr\/wp-json\/wp\/v2\/pages\/154\/revisions\/156"}],"up":[{"embeddable":true,"href":"https:\/\/www.lesmonts.ch\/wp_fr\/wp-json\/wp\/v2\/pages\/40"}],"wp:attachment":[{"href":"https:\/\/www.lesmonts.ch\/wp_fr\/wp-json\/wp\/v2\/media?parent=154"}],"curies":[{"name":"wp","href":"https:\/\/api.w.org\/{rel}","templated":true}]}}