{"id":1512,"date":"2014-08-14T10:45:49","date_gmt":"2014-08-14T09:45:49","guid":{"rendered":"http:\/\/www.lesmonts.ch\/wp_fr\/?page_id=1512"},"modified":"2014-08-16T15:06:09","modified_gmt":"2014-08-16T14:06:09","slug":"skukuza","status":"publish","type":"page","link":"https:\/\/www.lesmonts.ch\/wp_fr\/voyages\/le-parc-kruger\/skukuza\/","title":{"rendered":"Skukuza"},"content":{"rendered":"<p>Le plus grand relais du parc. Skukuza poss\u00e8de un h\u00f4tel, et historiquement, des trains arrivaient \u00e0 Skukuza; la gare existe encore, des trains y sont stationn\u00e9s, mais ils ne vont plus nulle part : la gare a en effet \u00e9t\u00e9 recycl\u00e9e en restaurant chic, et les wagons (ainsi que le quai) servent de salle \u00e0 manger.<\/p>\n<p>Lorsque l&rsquo;on quitte le parc par le camp de Skukuza, on a un peu l&rsquo;impression de retourner \u00e0 la civilisation; c&rsquo;est un peu vrai, et ceci constitue sans doute une bonne option pour se r\u00e9habituer \u00e0 un monde o\u00f9 les animaux ne sont pas les rois, si peu que ce soit.<\/p>\n<p>Autres camps visit\u00e9s : <a title=\"BergAndDal\" href=\"http:\/\/www.lesmonts.ch\/wp_fr\/?page_id=1500\">Berg-En-Dal<\/a>, <a title=\"Lower Sabie\" href=\"http:\/\/www.lesmonts.ch\/wp_fr\/?page_id=1502\">Lower Sabie<\/a>, <a title=\"Olifants\" href=\"http:\/\/www.lesmonts.ch\/wp_fr\/?page_id=1504\">Olifants<\/a>, <a title=\"Mopani\" href=\"http:\/\/www.lesmonts.ch\/wp_fr\/?page_id=1506\">Mopani<\/a>, <a title=\"Satara\" href=\"http:\/\/www.lesmonts.ch\/wp_fr\/?page_id=1508\">Satara<\/a> et <a title=\"Pretoriuskop\" href=\"http:\/\/www.lesmonts.ch\/wp_fr\/?page_id=1510\">Pretoriuskop<\/a>.<\/p>\n<p><a href=\"http:\/\/www.lesmonts.ch\/wp_fr\/wp-content\/uploads\/2014\/08\/Fleur.jpg\"><img loading=\"lazy\" decoding=\"async\" class=\"aligncenter size-medium wp-image-1901\" src=\"http:\/\/www.lesmonts.ch\/wp_fr\/wp-content\/uploads\/2014\/08\/Fleur-300x185.jpg\" alt=\"Fleur\" width=\"300\" height=\"185\" srcset=\"https:\/\/www.lesmonts.ch\/wp_fr\/wp-content\/uploads\/2014\/08\/Fleur-300x185.jpg 300w, https:\/\/www.lesmonts.ch\/wp_fr\/wp-content\/uploads\/2014\/08\/Fleur-1024x634.jpg 1024w, https:\/\/www.lesmonts.ch\/wp_fr\/wp-content\/uploads\/2014\/08\/Fleur.jpg 1400w\" sizes=\"auto, (max-width: 300px) 100vw, 300px\" \/><\/a><\/p>\n","protected":false},"excerpt":{"rendered":"<p>Le plus grand relais du parc. Skukuza poss\u00e8de un h\u00f4tel, et historiquement, des trains arrivaient \u00e0 Skukuza; la gare existe encore, des trains y sont stationn\u00e9s, mais ils ne vont plus nulle part : la gare a en effet \u00e9t\u00e9 recycl\u00e9e en restaurant chic, et les wagons (ainsi que le quai) servent de salle \u00e0 &hellip; <a href=\"https:\/\/www.lesmonts.ch\/wp_fr\/voyages\/le-parc-kruger\/skukuza\/\" class=\"more-link\">Continuer la lecture de <span class=\"screen-reader-text\">Skukuza<\/span>  <span class=\"meta-nav\">&rarr;<\/span><\/a><\/p>\n","protected":false},"author":1,"featured_media":0,"parent":1007,"menu_order":0,"comment_status":"open","ping_status":"open","template":"","meta":{"_crdt_document":"","ngg_post_thumbnail":0,"footnotes":""},"class_list":["post-1512","page","type-page","status-publish","hentry"],"_links":{"self":[{"href":"https:\/\/www.lesmonts.ch\/wp_fr\/wp-json\/wp\/v2\/pages\/1512","targetHints":{"allow":["GET"]}}],"collection":[{"href":"https:\/\/www.lesmonts.ch\/wp_fr\/wp-json\/wp\/v2\/pages"}],"about":[{"href":"https:\/\/www.lesmonts.ch\/wp_fr\/wp-json\/wp\/v2\/types\/page"}],"author":[{"embeddable":true,"href":"https:\/\/www.lesmonts.ch\/wp_fr\/wp-json\/wp\/v2\/users\/1"}],"replies":[{"embeddable":true,"href":"https:\/\/www.lesmonts.ch\/wp_fr\/wp-json\/wp\/v2\/comments?post=1512"}],"version-history":[{"count":4,"href":"https:\/\/www.lesmonts.ch\/wp_fr\/wp-json\/wp\/v2\/pages\/1512\/revisions"}],"predecessor-version":[{"id":1902,"href":"https:\/\/www.lesmonts.ch\/wp_fr\/wp-json\/wp\/v2\/pages\/1512\/revisions\/1902"}],"up":[{"embeddable":true,"href":"https:\/\/www.lesmonts.ch\/wp_fr\/wp-json\/wp\/v2\/pages\/1007"}],"wp:attachment":[{"href":"https:\/\/www.lesmonts.ch\/wp_fr\/wp-json\/wp\/v2\/media?parent=1512"}],"curies":[{"name":"wp","href":"https:\/\/api.w.org\/{rel}","templated":true}]}}