{"id":1510,"date":"2014-08-14T10:43:57","date_gmt":"2014-08-14T09:43:57","guid":{"rendered":"http:\/\/www.lesmonts.ch\/wp_fr\/?page_id=1510"},"modified":"2019-01-28T20:21:13","modified_gmt":"2019-01-28T19:21:13","slug":"pretoriuskop","status":"publish","type":"page","link":"https:\/\/www.lesmonts.ch\/wp_fr\/voyages\/le-parc-kruger\/pretoriuskop\/","title":{"rendered":"Pretoriuskop"},"content":{"rendered":"<p>Compl\u00e8tement \u00e0 l&rsquo;Ouest du parc, Pretoriuskop est aussi l&rsquo;un des points d&rsquo;acc\u00e8s favoris depuis Nelspruit.<\/p>\n<p>Autres camps visit\u00e9s : <a title=\"BergAndDal\" href=\"http:\/\/www.lesmonts.ch\/wp_fr\/?page_id=1500\">Berg-En-Dal<\/a>, <a title=\"Lower Sabie\" href=\"http:\/\/www.lesmonts.ch\/wp_fr\/?page_id=1502\">Lower Sabie<\/a>, <a title=\"Olifants\" href=\"http:\/\/www.lesmonts.ch\/wp_fr\/?page_id=1504\">Olifants<\/a>, <a title=\"Mopani\" href=\"http:\/\/www.lesmonts.ch\/wp_fr\/?page_id=1506\">Mopani<\/a>, <a title=\"Satara\" href=\"http:\/\/www.lesmonts.ch\/wp_fr\/?page_id=1508\">Satara<\/a> et <a title=\"Skukuza\" href=\"http:\/\/www.lesmonts.ch\/wp_fr\/?page_id=1512\">Skukuza<\/a>.<\/p>\nngg_shortcode_0_placeholder\n","protected":false},"excerpt":{"rendered":"<p>Compl\u00e8tement \u00e0 l&rsquo;Ouest du parc, Pretoriuskop est aussi l&rsquo;un des points d&rsquo;acc\u00e8s favoris depuis Nelspruit. Autres camps visit\u00e9s : Berg-En-Dal, Lower Sabie, Olifants, Mopani, Satara et Skukuza.<\/p>\n","protected":false},"author":1,"featured_media":0,"parent":1007,"menu_order":0,"comment_status":"open","ping_status":"open","template":"","meta":{"_crdt_document":"","ngg_post_thumbnail":0,"footnotes":""},"class_list":["post-1510","page","type-page","status-publish","hentry"],"_links":{"self":[{"href":"https:\/\/www.lesmonts.ch\/wp_fr\/wp-json\/wp\/v2\/pages\/1510","targetHints":{"allow":["GET"]}}],"collection":[{"href":"https:\/\/www.lesmonts.ch\/wp_fr\/wp-json\/wp\/v2\/pages"}],"about":[{"href":"https:\/\/www.lesmonts.ch\/wp_fr\/wp-json\/wp\/v2\/types\/page"}],"author":[{"embeddable":true,"href":"https:\/\/www.lesmonts.ch\/wp_fr\/wp-json\/wp\/v2\/users\/1"}],"replies":[{"embeddable":true,"href":"https:\/\/www.lesmonts.ch\/wp_fr\/wp-json\/wp\/v2\/comments?post=1510"}],"version-history":[{"count":4,"href":"https:\/\/www.lesmonts.ch\/wp_fr\/wp-json\/wp\/v2\/pages\/1510\/revisions"}],"predecessor-version":[{"id":6237,"href":"https:\/\/www.lesmonts.ch\/wp_fr\/wp-json\/wp\/v2\/pages\/1510\/revisions\/6237"}],"up":[{"embeddable":true,"href":"https:\/\/www.lesmonts.ch\/wp_fr\/wp-json\/wp\/v2\/pages\/1007"}],"wp:attachment":[{"href":"https:\/\/www.lesmonts.ch\/wp_fr\/wp-json\/wp\/v2\/media?parent=1510"}],"curies":[{"name":"wp","href":"https:\/\/api.w.org\/{rel}","templated":true}]}}