{"id":1508,"date":"2014-08-14T10:42:44","date_gmt":"2014-08-14T09:42:44","guid":{"rendered":"http:\/\/www.lesmonts.ch\/wp_fr\/?page_id=1508"},"modified":"2019-01-28T20:20:25","modified_gmt":"2019-01-28T19:20:25","slug":"satara","status":"publish","type":"page","link":"https:\/\/www.lesmonts.ch\/wp_fr\/voyages\/le-parc-kruger\/satara\/","title":{"rendered":"Satara"},"content":{"rendered":"<p>Satara est tr\u00e8s centr\u00e9 relativement au Kr\u00fcger. Situ\u00e9 entre Lower Sabie et Olifants, il est aussi assez proche de Skukuza; c&rsquo;est donc un passage oblig\u00e9, m\u00eame si l&rsquo;on n&rsquo;y s\u00e9journe pas.<\/p>\n<p>Autres camps visit\u00e9s : <a title=\"BergAndDal\" href=\"http:\/\/www.lesmonts.ch\/wp_fr\/?page_id=1500\">Berg-En-Dal<\/a>, <a title=\"Lower Sabie\" href=\"http:\/\/www.lesmonts.ch\/wp_fr\/?page_id=1502\">Lower Sabie<\/a>, <a title=\"Olifants\" href=\"http:\/\/www.lesmonts.ch\/wp_fr\/?page_id=1504\">Olifants<\/a>, <a title=\"Mopani\" href=\"http:\/\/www.lesmonts.ch\/wp_fr\/?page_id=1506\">Mopani<\/a>,&nbsp; <a title=\"Pretoriuskop\" href=\"http:\/\/www.lesmonts.ch\/wp_fr\/?page_id=1510\">Pretoriuskop <\/a>et <a title=\"Skukuza\" href=\"http:\/\/www.lesmonts.ch\/wp_fr\/?page_id=1512\">Skukuza<\/a>.<\/p>\n<p>&nbsp;<\/p>\nngg_shortcode_0_placeholder\n","protected":false},"excerpt":{"rendered":"<p>Satara est tr\u00e8s centr\u00e9 relativement au Kr\u00fcger. Situ\u00e9 entre Lower Sabie et Olifants, il est aussi assez proche de Skukuza; c&rsquo;est donc un passage oblig\u00e9, m\u00eame si l&rsquo;on n&rsquo;y s\u00e9journe pas. Autres camps visit\u00e9s : Berg-En-Dal, Lower Sabie, Olifants, Mopani,&nbsp; Pretoriuskop et Skukuza. &nbsp;<\/p>\n","protected":false},"author":1,"featured_media":0,"parent":1007,"menu_order":0,"comment_status":"open","ping_status":"open","template":"","meta":{"_crdt_document":"","ngg_post_thumbnail":0,"footnotes":""},"class_list":["post-1508","page","type-page","status-publish","hentry"],"_links":{"self":[{"href":"https:\/\/www.lesmonts.ch\/wp_fr\/wp-json\/wp\/v2\/pages\/1508","targetHints":{"allow":["GET"]}}],"collection":[{"href":"https:\/\/www.lesmonts.ch\/wp_fr\/wp-json\/wp\/v2\/pages"}],"about":[{"href":"https:\/\/www.lesmonts.ch\/wp_fr\/wp-json\/wp\/v2\/types\/page"}],"author":[{"embeddable":true,"href":"https:\/\/www.lesmonts.ch\/wp_fr\/wp-json\/wp\/v2\/users\/1"}],"replies":[{"embeddable":true,"href":"https:\/\/www.lesmonts.ch\/wp_fr\/wp-json\/wp\/v2\/comments?post=1508"}],"version-history":[{"count":5,"href":"https:\/\/www.lesmonts.ch\/wp_fr\/wp-json\/wp\/v2\/pages\/1508\/revisions"}],"predecessor-version":[{"id":6236,"href":"https:\/\/www.lesmonts.ch\/wp_fr\/wp-json\/wp\/v2\/pages\/1508\/revisions\/6236"}],"up":[{"embeddable":true,"href":"https:\/\/www.lesmonts.ch\/wp_fr\/wp-json\/wp\/v2\/pages\/1007"}],"wp:attachment":[{"href":"https:\/\/www.lesmonts.ch\/wp_fr\/wp-json\/wp\/v2\/media?parent=1508"}],"curies":[{"name":"wp","href":"https:\/\/api.w.org\/{rel}","templated":true}]}}