{"id":1506,"date":"2014-08-14T10:40:52","date_gmt":"2014-08-14T09:40:52","guid":{"rendered":"http:\/\/www.lesmonts.ch\/wp_fr\/?page_id=1506"},"modified":"2019-01-28T20:19:30","modified_gmt":"2019-01-28T19:19:30","slug":"mopani","status":"publish","type":"page","link":"https:\/\/www.lesmonts.ch\/wp_fr\/voyages\/le-parc-kruger\/mopani\/","title":{"rendered":"Mopani"},"content":{"rendered":"<p>Ce site tire son nom de la v\u00e9g\u00e9tation du Nord du parc. Des arbres (les <a title=\"Mopanes\" href=\"http:\/\/fr.wikipedia.org\/wiki\/Mopane\" target=\"_blank\" rel=\"noopener\">mopanes<\/a>) qui recouvrent compl\u00e8tement le paysage, et g\u00eanent l&rsquo;observation des animaux depuis l&rsquo;automobile. Dans le Kr\u00fcger, il est de fait interdit de sortir de son automobile, et la pr\u00e9sence des mopanes g\u00eane du coup consid\u00e9rablement l&rsquo;observation des animaux.<\/p>\n<p>Autres camps visit\u00e9s : <a title=\"BergAndDal\" href=\"http:\/\/www.lesmonts.ch\/wp_fr\/?page_id=1500\">Berg-En-Dal<\/a>, <a title=\"Lower Sabie\" href=\"http:\/\/www.lesmonts.ch\/wp_fr\/?page_id=1502\">Lower Sabie<\/a>, <a title=\"Olifants\" href=\"http:\/\/www.lesmonts.ch\/wp_fr\/?page_id=1504\">Olifants<\/a>,&nbsp;<a title=\"Satara\" href=\"http:\/\/www.lesmonts.ch\/wp_fr\/?page_id=1508\">Satara<\/a>, <a title=\"Pretoriuskop\" href=\"http:\/\/www.lesmonts.ch\/wp_fr\/?page_id=1510\">Pretoriuskop <\/a>et <a title=\"Skukuza\" href=\"http:\/\/www.lesmonts.ch\/wp_fr\/?page_id=1512\">Skukuza<\/a>.<\/p>\n<p>&nbsp;<\/p>\nngg_shortcode_0_placeholder\n","protected":false},"excerpt":{"rendered":"<p>Ce site tire son nom de la v\u00e9g\u00e9tation du Nord du parc. Des arbres (les mopanes) qui recouvrent compl\u00e8tement le paysage, et g\u00eanent l&rsquo;observation des animaux depuis l&rsquo;automobile. Dans le Kr\u00fcger, il est de fait interdit de sortir de son automobile, et la pr\u00e9sence des mopanes g\u00eane du coup consid\u00e9rablement l&rsquo;observation des animaux. Autres camps &hellip; <a href=\"https:\/\/www.lesmonts.ch\/wp_fr\/voyages\/le-parc-kruger\/mopani\/\" class=\"more-link\">Continuer la lecture de <span class=\"screen-reader-text\">Mopani<\/span>  <span class=\"meta-nav\">&rarr;<\/span><\/a><\/p>\n","protected":false},"author":1,"featured_media":0,"parent":1007,"menu_order":0,"comment_status":"open","ping_status":"open","template":"","meta":{"_crdt_document":"","ngg_post_thumbnail":0,"footnotes":""},"class_list":["post-1506","page","type-page","status-publish","hentry"],"_links":{"self":[{"href":"https:\/\/www.lesmonts.ch\/wp_fr\/wp-json\/wp\/v2\/pages\/1506","targetHints":{"allow":["GET"]}}],"collection":[{"href":"https:\/\/www.lesmonts.ch\/wp_fr\/wp-json\/wp\/v2\/pages"}],"about":[{"href":"https:\/\/www.lesmonts.ch\/wp_fr\/wp-json\/wp\/v2\/types\/page"}],"author":[{"embeddable":true,"href":"https:\/\/www.lesmonts.ch\/wp_fr\/wp-json\/wp\/v2\/users\/1"}],"replies":[{"embeddable":true,"href":"https:\/\/www.lesmonts.ch\/wp_fr\/wp-json\/wp\/v2\/comments?post=1506"}],"version-history":[{"count":5,"href":"https:\/\/www.lesmonts.ch\/wp_fr\/wp-json\/wp\/v2\/pages\/1506\/revisions"}],"predecessor-version":[{"id":6235,"href":"https:\/\/www.lesmonts.ch\/wp_fr\/wp-json\/wp\/v2\/pages\/1506\/revisions\/6235"}],"up":[{"embeddable":true,"href":"https:\/\/www.lesmonts.ch\/wp_fr\/wp-json\/wp\/v2\/pages\/1007"}],"wp:attachment":[{"href":"https:\/\/www.lesmonts.ch\/wp_fr\/wp-json\/wp\/v2\/media?parent=1506"}],"curies":[{"name":"wp","href":"https:\/\/api.w.org\/{rel}","templated":true}]}}