{"id":1504,"date":"2014-08-14T10:40:13","date_gmt":"2014-08-14T09:40:13","guid":{"rendered":"http:\/\/www.lesmonts.ch\/wp_fr\/?page_id=1504"},"modified":"2019-01-28T20:18:46","modified_gmt":"2019-01-28T19:18:46","slug":"olifants","status":"publish","type":"page","link":"https:\/\/www.lesmonts.ch\/wp_fr\/voyages\/le-parc-kruger\/olifants\/","title":{"rendered":"Olifants"},"content":{"rendered":"<p>Encore un magnifique site du parc Kr\u00fcger, perch\u00e9 sur une \u00e9minence d&rsquo;o\u00f9 l&rsquo;on per\u00e7oit les nombreux bruits de la jungle environnante ! Les bungalows situ\u00e9s au Nord-Ouest du camp sont particuli\u00e8rement int\u00e9ressants, car un peu \u00e0 l&rsquo;\u00e9cart : tous les bungalows sont \u00e9quip\u00e9s de barbecues, et \u00e0 Olifants plus qu&rsquo;ailleurs, il vaut la peine de se pr\u00e9voir une soir\u00e9e \u00ab\u00a0soft\u00a0\u00bb avec grillades et un verre ou deux d&rsquo;excellent vin sud-africain devant le bungalow, avec la jungle et les cris d&rsquo;animaux en bruit de fond.<\/p>\n<p>Autres camps visit\u00e9s : <a title=\"BergAndDal\" href=\"http:\/\/www.lesmonts.ch\/wp_fr\/?page_id=1500\">Berg-En-Dal<\/a>, <a title=\"Lower Sabie\" href=\"http:\/\/www.lesmonts.ch\/wp_fr\/?page_id=1502\">Lower Sabie<\/a>,&nbsp;<a title=\"Mopani\" href=\"http:\/\/www.lesmonts.ch\/wp_fr\/?page_id=1506\">Mopani<\/a>, <a title=\"Satara\" href=\"http:\/\/www.lesmonts.ch\/wp_fr\/?page_id=1508\">Satara<\/a>, <a title=\"Pretoriuskop\" href=\"http:\/\/www.lesmonts.ch\/wp_fr\/?page_id=1510\">Pretoriuskop <\/a>et <a title=\"Skukuza\" href=\"http:\/\/www.lesmonts.ch\/wp_fr\/?page_id=1512\">Skukuza<\/a>.<\/p>\nngg_shortcode_0_placeholder\n","protected":false},"excerpt":{"rendered":"<p>Encore un magnifique site du parc Kr\u00fcger, perch\u00e9 sur une \u00e9minence d&rsquo;o\u00f9 l&rsquo;on per\u00e7oit les nombreux bruits de la jungle environnante ! Les bungalows situ\u00e9s au Nord-Ouest du camp sont particuli\u00e8rement int\u00e9ressants, car un peu \u00e0 l&rsquo;\u00e9cart : tous les bungalows sont \u00e9quip\u00e9s de barbecues, et \u00e0 Olifants plus qu&rsquo;ailleurs, il vaut la peine de &hellip; <a href=\"https:\/\/www.lesmonts.ch\/wp_fr\/voyages\/le-parc-kruger\/olifants\/\" class=\"more-link\">Continuer la lecture de <span class=\"screen-reader-text\">Olifants<\/span>  <span class=\"meta-nav\">&rarr;<\/span><\/a><\/p>\n","protected":false},"author":1,"featured_media":0,"parent":1007,"menu_order":0,"comment_status":"open","ping_status":"open","template":"","meta":{"_crdt_document":"","ngg_post_thumbnail":0,"footnotes":""},"class_list":["post-1504","page","type-page","status-publish","hentry"],"_links":{"self":[{"href":"https:\/\/www.lesmonts.ch\/wp_fr\/wp-json\/wp\/v2\/pages\/1504","targetHints":{"allow":["GET"]}}],"collection":[{"href":"https:\/\/www.lesmonts.ch\/wp_fr\/wp-json\/wp\/v2\/pages"}],"about":[{"href":"https:\/\/www.lesmonts.ch\/wp_fr\/wp-json\/wp\/v2\/types\/page"}],"author":[{"embeddable":true,"href":"https:\/\/www.lesmonts.ch\/wp_fr\/wp-json\/wp\/v2\/users\/1"}],"replies":[{"embeddable":true,"href":"https:\/\/www.lesmonts.ch\/wp_fr\/wp-json\/wp\/v2\/comments?post=1504"}],"version-history":[{"count":4,"href":"https:\/\/www.lesmonts.ch\/wp_fr\/wp-json\/wp\/v2\/pages\/1504\/revisions"}],"predecessor-version":[{"id":6234,"href":"https:\/\/www.lesmonts.ch\/wp_fr\/wp-json\/wp\/v2\/pages\/1504\/revisions\/6234"}],"up":[{"embeddable":true,"href":"https:\/\/www.lesmonts.ch\/wp_fr\/wp-json\/wp\/v2\/pages\/1007"}],"wp:attachment":[{"href":"https:\/\/www.lesmonts.ch\/wp_fr\/wp-json\/wp\/v2\/media?parent=1504"}],"curies":[{"name":"wp","href":"https:\/\/api.w.org\/{rel}","templated":true}]}}