{"id":1502,"date":"2014-08-14T10:38:53","date_gmt":"2014-08-14T09:38:53","guid":{"rendered":"http:\/\/www.lesmonts.ch\/wp_fr\/?page_id=1502"},"modified":"2019-01-28T20:17:18","modified_gmt":"2019-01-28T19:17:18","slug":"lower-sabie","status":"publish","type":"page","link":"https:\/\/www.lesmonts.ch\/wp_fr\/voyages\/le-parc-kruger\/lower-sabie\/","title":{"rendered":"Lower Sabie"},"content":{"rendered":"<p>Peut-\u00eatre le plus beau camp du parc Kr\u00fcger. Quelle ambiance le soir, lorsque l&rsquo;on se couche dans un abri-tente, \u00e0 dix m\u00e8tres des hippopotames dont on entend les mugissements impressionnants et tout proches ! Le restaurant du camp propose une magnifique terrasse qui domine la rivi\u00e8re Sabie, offrant le soir un spectacle unique.<\/p>\n<p>Lower Sabie m\u00e9rite que l&rsquo;on s&rsquo;attarde un peu, et que l&rsquo;on s&rsquo;inscrive \u00e0 des \u00ab\u00a0Night Trail\u00a0\u00bb (excursions de nuit) \u00e0 la recherche des animaux nocturnes. En ao\u00fbt (le plein hiver de l&rsquo;h\u00e9misph\u00e8re Sud) ces promenades sont assez fra\u00eeches, et m\u00e9ritent une petite laine.<\/p>\n<p>Seule ombre au tableau : Lower Sabie est assez proche de la fronti\u00e8re avec le Mozambique, d&rsquo;o\u00f9 partent nombre de braconniers; d&rsquo;ailleurs, des pistes accessibles aux v\u00e9hicules tout-terrains permettent de relier la r\u00e9gion de Lower Sabie \u00e0 la fronti\u00e8re mozambiquaine. En cons\u00e9quence, on croise souvent des v\u00e9hicules officiels avec des gardiens \u00e9quip\u00e9s d&rsquo;armes de guerre, car la lutte contre le braconnage a pris localement un caract\u00e8re de lutte arm\u00e9e. Certains braconniers n&rsquo;h\u00e9sitent plus \u00e0 s&rsquo;\u00e9quiper de lance-roquettes portatifs (\u00ab\u00a0<em>bazookas<\/em>\u00ab\u00a0), et de nombreux gardiens du parc ont \u00e9t\u00e9 ainsi les victimes de leur devoir de protection des animaux et des visiteurs du parc Kr\u00fcger. La cible du braconnage reste dans le parc Kr\u00fcger le rhinoc\u00e9ros, essentiellement.<\/p>\n<p>Autres camps fr\u00e9quent\u00e9s : <a title=\"BergAndDal\" href=\"http:\/\/www.lesmonts.ch\/wp_fr\/?page_id=1500\">Berg-En-Dal<\/a>,&nbsp;<a title=\"Olifants\" href=\"http:\/\/www.lesmonts.ch\/wp_fr\/?page_id=1504\">Olifants<\/a>, <a title=\"Mopani\" href=\"http:\/\/www.lesmonts.ch\/wp_fr\/?page_id=1506\">Mopani<\/a>, <a title=\"Satara\" href=\"http:\/\/www.lesmonts.ch\/wp_fr\/?page_id=1508\">Satara<\/a>, <a title=\"Pretoriuskop\" href=\"http:\/\/www.lesmonts.ch\/wp_fr\/?page_id=1510\">Pretoriuskop <\/a>et <a title=\"Skukuza\" href=\"http:\/\/www.lesmonts.ch\/wp_fr\/?page_id=1512\">Skukuza<\/a>.<\/p>\nngg_shortcode_0_placeholder\n","protected":false},"excerpt":{"rendered":"<p>Peut-\u00eatre le plus beau camp du parc Kr\u00fcger. Quelle ambiance le soir, lorsque l&rsquo;on se couche dans un abri-tente, \u00e0 dix m\u00e8tres des hippopotames dont on entend les mugissements impressionnants et tout proches ! Le restaurant du camp propose une magnifique terrasse qui domine la rivi\u00e8re Sabie, offrant le soir un spectacle unique. Lower Sabie &hellip; <a href=\"https:\/\/www.lesmonts.ch\/wp_fr\/voyages\/le-parc-kruger\/lower-sabie\/\" class=\"more-link\">Continuer la lecture de <span class=\"screen-reader-text\">Lower Sabie<\/span>  <span class=\"meta-nav\">&rarr;<\/span><\/a><\/p>\n","protected":false},"author":1,"featured_media":0,"parent":1007,"menu_order":0,"comment_status":"open","ping_status":"open","template":"","meta":{"_crdt_document":"","ngg_post_thumbnail":0,"footnotes":""},"class_list":["post-1502","page","type-page","status-publish","hentry"],"_links":{"self":[{"href":"https:\/\/www.lesmonts.ch\/wp_fr\/wp-json\/wp\/v2\/pages\/1502","targetHints":{"allow":["GET"]}}],"collection":[{"href":"https:\/\/www.lesmonts.ch\/wp_fr\/wp-json\/wp\/v2\/pages"}],"about":[{"href":"https:\/\/www.lesmonts.ch\/wp_fr\/wp-json\/wp\/v2\/types\/page"}],"author":[{"embeddable":true,"href":"https:\/\/www.lesmonts.ch\/wp_fr\/wp-json\/wp\/v2\/users\/1"}],"replies":[{"embeddable":true,"href":"https:\/\/www.lesmonts.ch\/wp_fr\/wp-json\/wp\/v2\/comments?post=1502"}],"version-history":[{"count":5,"href":"https:\/\/www.lesmonts.ch\/wp_fr\/wp-json\/wp\/v2\/pages\/1502\/revisions"}],"predecessor-version":[{"id":6232,"href":"https:\/\/www.lesmonts.ch\/wp_fr\/wp-json\/wp\/v2\/pages\/1502\/revisions\/6232"}],"up":[{"embeddable":true,"href":"https:\/\/www.lesmonts.ch\/wp_fr\/wp-json\/wp\/v2\/pages\/1007"}],"wp:attachment":[{"href":"https:\/\/www.lesmonts.ch\/wp_fr\/wp-json\/wp\/v2\/media?parent=1502"}],"curies":[{"name":"wp","href":"https:\/\/api.w.org\/{rel}","templated":true}]}}