{"id":1450,"date":"2014-08-12T14:10:22","date_gmt":"2014-08-12T13:10:22","guid":{"rendered":"http:\/\/www.lesmonts.ch\/wp_fr\/?page_id=1450"},"modified":"2014-08-12T14:23:17","modified_gmt":"2014-08-12T13:23:17","slug":"lac-dallos","status":"publish","type":"page","link":"https:\/\/www.lesmonts.ch\/wp_fr\/randonnees\/randonnees-estivales\/lac-dallos\/","title":{"rendered":"Lac d&rsquo;Allos"},"content":{"rendered":"<p>Le Haut Verdon constitue un jardin de fleurs absolument magnifique. Parmi les nombreux objectifs d&rsquo;excursion, le lac d&rsquo;Allos est l&rsquo;un des plus populaires, tant de par sa facilit\u00e9 d&rsquo;acc\u00e8s que la beaut\u00e9 du site. On se trouve \u00e0 l&rsquo;extr\u00e9mit\u00e9 Ouest du parc du Mercantour, et les diff\u00e9rentes restrictions valables pour le parc sont en vigueur.<\/p>\n<hr \/>\n<p>Difficult\u00e9 : Facile<\/p>\n<p>Horaire : une petite heure depuis le parking de la Laus, environ deux heures si l&rsquo;on a d\u00fb s&rsquo;arr\u00eater au parking inf\u00e9rieur.<\/p>\n<p>Mat\u00e9riel : Baskets suffisantes, Chaussures de marche pr\u00e9f\u00e9rables, petite r\u00e9serve d&rsquo;eau<\/p>\n<hr \/>\n<p>&nbsp;<\/p>\n<p>L&rsquo;acc\u00e8s en voiture se fait par Allos, au fond du val d&rsquo;Allos (bifurcation juste avant le village en montant). L&rsquo;acc\u00e8s au parking sup\u00e9rieur est payant (7\u20ac en 2014), et en p\u00e9riode de vacances, il est peu probable de parvenir au parking sup\u00e9rieur apr\u00e8s 9h30 &#8211; 10h00, car ce dernier est complet pour la journ\u00e9e.<\/p>\n<p>Depuis le parking sup\u00e9rieur, le chemin est \u00e9vident, bord\u00e9 de panneaux explicatifs et de marmottes peu farouches. Respecter absolument les r\u00e8gles du parc du Mercantour. Il vaut la peine de faire le tour du lac, mais l&rsquo;arr\u00eat \u00e0 la buvette n&rsquo;est que moyennement sympathique, vu l&rsquo;affluence r\u00e9dhibitoire. En revanche, si l&rsquo;on a pris le soin de se munir d&rsquo;un pique-nique (pr\u00e9caution utile vu la bri\u00e8vet\u00e9 de la promenade), il y a de nombreux emplacements autour du lac qui permettent de se restaurer en pleine nature parmi les fleurs.<\/p>\n<p><!-- default-view.php -->\n<div\n\tclass=\"ngg-galleryoverview default-view\n\t ngg-ajax-pagination-none\t\"\n\tid=\"ngg-gallery-72960c4966868c472556b6bfb0952c3e-1\"\n\tdata-nextgen-gallery-id=\"28\"\n\tdata-gallery-id=\"28\"\n\t\tdata-gallery-name=\"Allos\"\n\t>\n\n\t\t<!-- Thumbnails -->\n\t\t\t\t<div id=\"ngg-image-0\" class=\"ngg-gallery-thumbnail-box\n\t\t\t\t\t\t\t\tngg-3-columns\t\t\t\"\n\t\t\t>\n\t\t\t\t\t\t<div class=\"ngg-gallery-thumbnail\">\n\t\t<a href=\"https:\/\/www.lesmonts.ch\/wp_fr\/wp-content\/gallery\/allos\/DSC_2351.jpg?t=1407947036\"\n\t\t\ttitle=\"\"\n\t\t\tdata-src=\"https:\/\/www.lesmonts.ch\/wp_fr\/wp-content\/gallery\/allos\/DSC_2351.jpg?t=1407947036\"\n\t\t\tdata-thumbnail=\"https:\/\/www.lesmonts.ch\/wp_fr\/wp-content\/gallery\/allos\/thumbs\/thumbs_DSC_2351.jpg?t=1407947036\"\n\t\t\tdata-image-id=\"500\"\n\t\t\tdata-image-name=\"DSC_2351.jpg\"\n\t\t\tdata-title=\"DSC_2351\"\n\t\t\tdata-description=\"\"\n\t\t\tdata-image-slug=\"dsc_2351\"\n\t\t\t\t\t\t\t\t\t\t\t\t\t\t\t\t\t\t\t\tclass='nextgen_pro_lightbox' data-nplmodal-gallery-id='72960c4966868c472556b6bfb0952c3e'>\n\t\t\t\t\t\t\t\t<img\n\t\t\t\t\ttitle=\"DSC_2351\"\n\t\t\t\t\talt=\"DSC_2351\"\n\t\t\t\t\tsrc=\"https:\/\/www.lesmonts.ch\/wp_fr\/wp-content\/gallery\/allos\/thumbs\/thumbs_DSC_2351.jpg?t=1407947036\"\n\t\t\t\t\twidth=\"120\"\n\t\t\t\t\theight=\"90\"\n\t\t\t\t\tstyle=\"max-width:100%;\"\n\t\t\t\t\/>\n\t\t\t<\/a>\n\t\t<\/div>\n\t\t\t\t\t\t\t<\/div>\n\t\t\t\n\t\t\t\t<div id=\"ngg-image-1\" class=\"ngg-gallery-thumbnail-box\n\t\t\t\t\t\t\t\tngg-3-columns\t\t\t\"\n\t\t\t>\n\t\t\t\t\t\t<div class=\"ngg-gallery-thumbnail\">\n\t\t<a href=\"https:\/\/www.lesmonts.ch\/wp_fr\/wp-content\/gallery\/allos\/DSC_2351F.jpg?t=1407849582\"\n\t\t\ttitle=\" \"\n\t\t\tdata-src=\"https:\/\/www.lesmonts.ch\/wp_fr\/wp-content\/gallery\/allos\/DSC_2351F.jpg?t=1407849582\"\n\t\t\tdata-thumbnail=\"https:\/\/www.lesmonts.ch\/wp_fr\/wp-content\/gallery\/allos\/thumbs\/thumbs_DSC_2351F.jpg?t=1407849582\"\n\t\t\tdata-image-id=\"501\"\n\t\t\tdata-image-name=\"DSC_2351F.jpg\"\n\t\t\tdata-title=\"DSC_2351F\"\n\t\t\tdata-description=\" \"\n\t\t\tdata-image-slug=\"dsc_2351f\"\n\t\t\t\t\t\t\t\t\t\t\t\t\t\t\t\t\t\t\t\tclass='nextgen_pro_lightbox' data-nplmodal-gallery-id='72960c4966868c472556b6bfb0952c3e'>\n\t\t\t\t\t\t\t\t<img\n\t\t\t\t\ttitle=\"DSC_2351F\"\n\t\t\t\t\talt=\"DSC_2351F\"\n\t\t\t\t\tsrc=\"https:\/\/www.lesmonts.ch\/wp_fr\/wp-content\/gallery\/allos\/thumbs\/thumbs_DSC_2351F.jpg?t=1407849582\"\n\t\t\t\t\twidth=\"120\"\n\t\t\t\t\theight=\"90\"\n\t\t\t\t\tstyle=\"max-width:100%;\"\n\t\t\t\t\/>\n\t\t\t<\/a>\n\t\t<\/div>\n\t\t\t\t\t\t\t<\/div>\n\t\t\t\n\t\t\t\t<div id=\"ngg-image-2\" class=\"ngg-gallery-thumbnail-box\n\t\t\t\t\t\t\t\tngg-3-columns\t\t\t\"\n\t\t\t>\n\t\t\t\t\t\t<div class=\"ngg-gallery-thumbnail\">\n\t\t<a href=\"https:\/\/www.lesmonts.ch\/wp_fr\/wp-content\/gallery\/allos\/DSC_2361.jpg?t=1407849587\"\n\t\t\ttitle=\" \"\n\t\t\tdata-src=\"https:\/\/www.lesmonts.ch\/wp_fr\/wp-content\/gallery\/allos\/DSC_2361.jpg?t=1407849587\"\n\t\t\tdata-thumbnail=\"https:\/\/www.lesmonts.ch\/wp_fr\/wp-content\/gallery\/allos\/thumbs\/thumbs_DSC_2361.jpg?t=1407849587\"\n\t\t\tdata-image-id=\"502\"\n\t\t\tdata-image-name=\"DSC_2361.jpg\"\n\t\t\tdata-title=\"DSC_2361\"\n\t\t\tdata-description=\" \"\n\t\t\tdata-image-slug=\"dsc_2361\"\n\t\t\t\t\t\t\t\t\t\t\t\t\t\t\t\t\t\t\t\tclass='nextgen_pro_lightbox' data-nplmodal-gallery-id='72960c4966868c472556b6bfb0952c3e'>\n\t\t\t\t\t\t\t\t<img\n\t\t\t\t\ttitle=\"DSC_2361\"\n\t\t\t\t\talt=\"DSC_2361\"\n\t\t\t\t\tsrc=\"https:\/\/www.lesmonts.ch\/wp_fr\/wp-content\/gallery\/allos\/thumbs\/thumbs_DSC_2361.jpg?t=1407849587\"\n\t\t\t\t\twidth=\"120\"\n\t\t\t\t\theight=\"90\"\n\t\t\t\t\tstyle=\"max-width:100%;\"\n\t\t\t\t\/>\n\t\t\t<\/a>\n\t\t<\/div>\n\t\t\t\t\t\t\t<\/div>\n\t\t\t\n\t\t\t\t<div id=\"ngg-image-3\" class=\"ngg-gallery-thumbnail-box\n\t\t\t\t\t\t\t\tngg-3-columns\t\t\t\"\n\t\t\t>\n\t\t\t\t\t\t<div class=\"ngg-gallery-thumbnail\">\n\t\t<a href=\"https:\/\/www.lesmonts.ch\/wp_fr\/wp-content\/gallery\/allos\/DSC_2369.jpg?t=1407849592\"\n\t\t\ttitle=\" \"\n\t\t\tdata-src=\"https:\/\/www.lesmonts.ch\/wp_fr\/wp-content\/gallery\/allos\/DSC_2369.jpg?t=1407849592\"\n\t\t\tdata-thumbnail=\"https:\/\/www.lesmonts.ch\/wp_fr\/wp-content\/gallery\/allos\/thumbs\/thumbs_DSC_2369.jpg?t=1407849592\"\n\t\t\tdata-image-id=\"503\"\n\t\t\tdata-image-name=\"DSC_2369.jpg\"\n\t\t\tdata-title=\"DSC_2369\"\n\t\t\tdata-description=\" \"\n\t\t\tdata-image-slug=\"dsc_2369\"\n\t\t\t\t\t\t\t\t\t\t\t\t\t\t\t\t\t\t\t\tclass='nextgen_pro_lightbox' data-nplmodal-gallery-id='72960c4966868c472556b6bfb0952c3e'>\n\t\t\t\t\t\t\t\t<img\n\t\t\t\t\ttitle=\"DSC_2369\"\n\t\t\t\t\talt=\"DSC_2369\"\n\t\t\t\t\tsrc=\"https:\/\/www.lesmonts.ch\/wp_fr\/wp-content\/gallery\/allos\/thumbs\/thumbs_DSC_2369.jpg?t=1407849592\"\n\t\t\t\t\twidth=\"120\"\n\t\t\t\t\theight=\"90\"\n\t\t\t\t\tstyle=\"max-width:100%;\"\n\t\t\t\t\/>\n\t\t\t<\/a>\n\t\t<\/div>\n\t\t\t\t\t\t\t<\/div>\n\t\t\t\n\t\t\t\t<div id=\"ngg-image-4\" class=\"ngg-gallery-thumbnail-box\n\t\t\t\t\t\t\t\tngg-3-columns\t\t\t\"\n\t\t\t>\n\t\t\t\t\t\t<div class=\"ngg-gallery-thumbnail\">\n\t\t<a href=\"https:\/\/www.lesmonts.ch\/wp_fr\/wp-content\/gallery\/allos\/DSC_2371.jpg?t=1407849595\"\n\t\t\ttitle=\" \"\n\t\t\tdata-src=\"https:\/\/www.lesmonts.ch\/wp_fr\/wp-content\/gallery\/allos\/DSC_2371.jpg?t=1407849595\"\n\t\t\tdata-thumbnail=\"https:\/\/www.lesmonts.ch\/wp_fr\/wp-content\/gallery\/allos\/thumbs\/thumbs_DSC_2371.jpg?t=1407849595\"\n\t\t\tdata-image-id=\"504\"\n\t\t\tdata-image-name=\"DSC_2371.jpg\"\n\t\t\tdata-title=\"DSC_2371\"\n\t\t\tdata-description=\" \"\n\t\t\tdata-image-slug=\"dsc_2371\"\n\t\t\t\t\t\t\t\t\t\t\t\t\t\t\t\t\t\t\t\tclass='nextgen_pro_lightbox' data-nplmodal-gallery-id='72960c4966868c472556b6bfb0952c3e'>\n\t\t\t\t\t\t\t\t<img\n\t\t\t\t\ttitle=\"DSC_2371\"\n\t\t\t\t\talt=\"DSC_2371\"\n\t\t\t\t\tsrc=\"https:\/\/www.lesmonts.ch\/wp_fr\/wp-content\/gallery\/allos\/thumbs\/thumbs_DSC_2371.jpg?t=1407849595\"\n\t\t\t\t\twidth=\"120\"\n\t\t\t\t\theight=\"90\"\n\t\t\t\t\tstyle=\"max-width:100%;\"\n\t\t\t\t\/>\n\t\t\t<\/a>\n\t\t<\/div>\n\t\t\t\t\t\t\t<\/div>\n\t\t\t\n\t\t\t\t<div id=\"ngg-image-5\" class=\"ngg-gallery-thumbnail-box\n\t\t\t\t\t\t\t\tngg-3-columns\t\t\t\"\n\t\t\t>\n\t\t\t\t\t\t<div class=\"ngg-gallery-thumbnail\">\n\t\t<a href=\"https:\/\/www.lesmonts.ch\/wp_fr\/wp-content\/gallery\/allos\/DSC_2376.jpg?t=1407849601\"\n\t\t\ttitle=\" \"\n\t\t\tdata-src=\"https:\/\/www.lesmonts.ch\/wp_fr\/wp-content\/gallery\/allos\/DSC_2376.jpg?t=1407849601\"\n\t\t\tdata-thumbnail=\"https:\/\/www.lesmonts.ch\/wp_fr\/wp-content\/gallery\/allos\/thumbs\/thumbs_DSC_2376.jpg?t=1407849601\"\n\t\t\tdata-image-id=\"505\"\n\t\t\tdata-image-name=\"DSC_2376.jpg\"\n\t\t\tdata-title=\"DSC_2376\"\n\t\t\tdata-description=\" \"\n\t\t\tdata-image-slug=\"dsc_2376\"\n\t\t\t\t\t\t\t\t\t\t\t\t\t\t\t\t\t\t\t\tclass='nextgen_pro_lightbox' data-nplmodal-gallery-id='72960c4966868c472556b6bfb0952c3e'>\n\t\t\t\t\t\t\t\t<img\n\t\t\t\t\ttitle=\"DSC_2376\"\n\t\t\t\t\talt=\"DSC_2376\"\n\t\t\t\t\tsrc=\"https:\/\/www.lesmonts.ch\/wp_fr\/wp-content\/gallery\/allos\/thumbs\/thumbs_DSC_2376.jpg?t=1407849601\"\n\t\t\t\t\twidth=\"120\"\n\t\t\t\t\theight=\"90\"\n\t\t\t\t\tstyle=\"max-width:100%;\"\n\t\t\t\t\/>\n\t\t\t<\/a>\n\t\t<\/div>\n\t\t\t\t\t\t\t<\/div>\n\t\t\t\n\t\t\t\t<div id=\"ngg-image-6\" class=\"ngg-gallery-thumbnail-box\n\t\t\t\t\t\t\t\tngg-3-columns\t\t\t\"\n\t\t\t>\n\t\t\t\t\t\t<div class=\"ngg-gallery-thumbnail\">\n\t\t<a href=\"https:\/\/www.lesmonts.ch\/wp_fr\/wp-content\/gallery\/allos\/DSC_2383.jpg?t=1407849604\"\n\t\t\ttitle=\" \"\n\t\t\tdata-src=\"https:\/\/www.lesmonts.ch\/wp_fr\/wp-content\/gallery\/allos\/DSC_2383.jpg?t=1407849604\"\n\t\t\tdata-thumbnail=\"https:\/\/www.lesmonts.ch\/wp_fr\/wp-content\/gallery\/allos\/thumbs\/thumbs_DSC_2383.jpg?t=1407849604\"\n\t\t\tdata-image-id=\"506\"\n\t\t\tdata-image-name=\"DSC_2383.jpg\"\n\t\t\tdata-title=\"DSC_2383\"\n\t\t\tdata-description=\" \"\n\t\t\tdata-image-slug=\"dsc_2383\"\n\t\t\t\t\t\t\t\t\t\t\t\t\t\t\t\t\t\t\t\tclass='nextgen_pro_lightbox' data-nplmodal-gallery-id='72960c4966868c472556b6bfb0952c3e'>\n\t\t\t\t\t\t\t\t<img\n\t\t\t\t\ttitle=\"DSC_2383\"\n\t\t\t\t\talt=\"DSC_2383\"\n\t\t\t\t\tsrc=\"https:\/\/www.lesmonts.ch\/wp_fr\/wp-content\/gallery\/allos\/thumbs\/thumbs_DSC_2383.jpg?t=1407849604\"\n\t\t\t\t\twidth=\"120\"\n\t\t\t\t\theight=\"90\"\n\t\t\t\t\tstyle=\"max-width:100%;\"\n\t\t\t\t\/>\n\t\t\t<\/a>\n\t\t<\/div>\n\t\t\t\t\t\t\t<\/div>\n\t\t\t\n\t\t\t\t<div id=\"ngg-image-7\" class=\"ngg-gallery-thumbnail-box\n\t\t\t\t\t\t\t\tngg-3-columns\t\t\t\"\n\t\t\t>\n\t\t\t\t\t\t<div class=\"ngg-gallery-thumbnail\">\n\t\t<a href=\"https:\/\/www.lesmonts.ch\/wp_fr\/wp-content\/gallery\/allos\/DSC_2384.jpg?t=1407849612\"\n\t\t\ttitle=\" \"\n\t\t\tdata-src=\"https:\/\/www.lesmonts.ch\/wp_fr\/wp-content\/gallery\/allos\/DSC_2384.jpg?t=1407849612\"\n\t\t\tdata-thumbnail=\"https:\/\/www.lesmonts.ch\/wp_fr\/wp-content\/gallery\/allos\/thumbs\/thumbs_DSC_2384.jpg?t=1407849612\"\n\t\t\tdata-image-id=\"507\"\n\t\t\tdata-image-name=\"DSC_2384.jpg\"\n\t\t\tdata-title=\"DSC_2384\"\n\t\t\tdata-description=\" \"\n\t\t\tdata-image-slug=\"dsc_2384\"\n\t\t\t\t\t\t\t\t\t\t\t\t\t\t\t\t\t\t\t\tclass='nextgen_pro_lightbox' data-nplmodal-gallery-id='72960c4966868c472556b6bfb0952c3e'>\n\t\t\t\t\t\t\t\t<img\n\t\t\t\t\ttitle=\"DSC_2384\"\n\t\t\t\t\talt=\"DSC_2384\"\n\t\t\t\t\tsrc=\"https:\/\/www.lesmonts.ch\/wp_fr\/wp-content\/gallery\/allos\/thumbs\/thumbs_DSC_2384.jpg?t=1407849612\"\n\t\t\t\t\twidth=\"120\"\n\t\t\t\t\theight=\"90\"\n\t\t\t\t\tstyle=\"max-width:100%;\"\n\t\t\t\t\/>\n\t\t\t<\/a>\n\t\t<\/div>\n\t\t\t\t\t\t\t<\/div>\n\t\t\t\n\t\t\t\t<div id=\"ngg-image-8\" class=\"ngg-gallery-thumbnail-box\n\t\t\t\t\t\t\t\tngg-3-columns\t\t\t\"\n\t\t\t>\n\t\t\t\t\t\t<div class=\"ngg-gallery-thumbnail\">\n\t\t<a href=\"https:\/\/www.lesmonts.ch\/wp_fr\/wp-content\/gallery\/allos\/DSC_2386.jpg?t=1407849623\"\n\t\t\ttitle=\" \"\n\t\t\tdata-src=\"https:\/\/www.lesmonts.ch\/wp_fr\/wp-content\/gallery\/allos\/DSC_2386.jpg?t=1407849623\"\n\t\t\tdata-thumbnail=\"https:\/\/www.lesmonts.ch\/wp_fr\/wp-content\/gallery\/allos\/thumbs\/thumbs_DSC_2386.jpg?t=1407849623\"\n\t\t\tdata-image-id=\"508\"\n\t\t\tdata-image-name=\"DSC_2386.jpg\"\n\t\t\tdata-title=\"DSC_2386\"\n\t\t\tdata-description=\" \"\n\t\t\tdata-image-slug=\"dsc_2386\"\n\t\t\t\t\t\t\t\t\t\t\t\t\t\t\t\t\t\t\t\tclass='nextgen_pro_lightbox' data-nplmodal-gallery-id='72960c4966868c472556b6bfb0952c3e'>\n\t\t\t\t\t\t\t\t<img\n\t\t\t\t\ttitle=\"DSC_2386\"\n\t\t\t\t\talt=\"DSC_2386\"\n\t\t\t\t\tsrc=\"https:\/\/www.lesmonts.ch\/wp_fr\/wp-content\/gallery\/allos\/thumbs\/thumbs_DSC_2386.jpg?t=1407849623\"\n\t\t\t\t\twidth=\"120\"\n\t\t\t\t\theight=\"90\"\n\t\t\t\t\tstyle=\"max-width:100%;\"\n\t\t\t\t\/>\n\t\t\t<\/a>\n\t\t<\/div>\n\t\t\t\t\t\t\t<\/div>\n\t\t\t\n\t\t\t\t<div id=\"ngg-image-9\" class=\"ngg-gallery-thumbnail-box\n\t\t\t\t\t\t\t\tngg-3-columns\t\t\t\"\n\t\t\t>\n\t\t\t\t\t\t<div class=\"ngg-gallery-thumbnail\">\n\t\t<a href=\"https:\/\/www.lesmonts.ch\/wp_fr\/wp-content\/gallery\/allos\/DSC_2387.jpg?t=1407849632\"\n\t\t\ttitle=\" \"\n\t\t\tdata-src=\"https:\/\/www.lesmonts.ch\/wp_fr\/wp-content\/gallery\/allos\/DSC_2387.jpg?t=1407849632\"\n\t\t\tdata-thumbnail=\"https:\/\/www.lesmonts.ch\/wp_fr\/wp-content\/gallery\/allos\/thumbs\/thumbs_DSC_2387.jpg?t=1407849632\"\n\t\t\tdata-image-id=\"509\"\n\t\t\tdata-image-name=\"DSC_2387.jpg\"\n\t\t\tdata-title=\"DSC_2387\"\n\t\t\tdata-description=\" \"\n\t\t\tdata-image-slug=\"dsc_2387\"\n\t\t\t\t\t\t\t\t\t\t\t\t\t\t\t\t\t\t\t\tclass='nextgen_pro_lightbox' data-nplmodal-gallery-id='72960c4966868c472556b6bfb0952c3e'>\n\t\t\t\t\t\t\t\t<img\n\t\t\t\t\ttitle=\"DSC_2387\"\n\t\t\t\t\talt=\"DSC_2387\"\n\t\t\t\t\tsrc=\"https:\/\/www.lesmonts.ch\/wp_fr\/wp-content\/gallery\/allos\/thumbs\/thumbs_DSC_2387.jpg?t=1407849632\"\n\t\t\t\t\twidth=\"120\"\n\t\t\t\t\theight=\"90\"\n\t\t\t\t\tstyle=\"max-width:100%;\"\n\t\t\t\t\/>\n\t\t\t<\/a>\n\t\t<\/div>\n\t\t\t\t\t\t\t<\/div>\n\t\t\t\n\t\t\t\t<div id=\"ngg-image-10\" class=\"ngg-gallery-thumbnail-box\n\t\t\t\t\t\t\t\tngg-3-columns\t\t\t\"\n\t\t\t>\n\t\t\t\t\t\t<div class=\"ngg-gallery-thumbnail\">\n\t\t<a href=\"https:\/\/www.lesmonts.ch\/wp_fr\/wp-content\/gallery\/allos\/DSC_2390.jpg?t=1407849636\"\n\t\t\ttitle=\" \"\n\t\t\tdata-src=\"https:\/\/www.lesmonts.ch\/wp_fr\/wp-content\/gallery\/allos\/DSC_2390.jpg?t=1407849636\"\n\t\t\tdata-thumbnail=\"https:\/\/www.lesmonts.ch\/wp_fr\/wp-content\/gallery\/allos\/thumbs\/thumbs_DSC_2390.jpg?t=1407849636\"\n\t\t\tdata-image-id=\"510\"\n\t\t\tdata-image-name=\"DSC_2390.jpg\"\n\t\t\tdata-title=\"DSC_2390\"\n\t\t\tdata-description=\" \"\n\t\t\tdata-image-slug=\"dsc_2390\"\n\t\t\t\t\t\t\t\t\t\t\t\t\t\t\t\t\t\t\t\tclass='nextgen_pro_lightbox' data-nplmodal-gallery-id='72960c4966868c472556b6bfb0952c3e'>\n\t\t\t\t\t\t\t\t<img\n\t\t\t\t\ttitle=\"DSC_2390\"\n\t\t\t\t\talt=\"DSC_2390\"\n\t\t\t\t\tsrc=\"https:\/\/www.lesmonts.ch\/wp_fr\/wp-content\/gallery\/allos\/thumbs\/thumbs_DSC_2390.jpg?t=1407849636\"\n\t\t\t\t\twidth=\"120\"\n\t\t\t\t\theight=\"90\"\n\t\t\t\t\tstyle=\"max-width:100%;\"\n\t\t\t\t\/>\n\t\t\t<\/a>\n\t\t<\/div>\n\t\t\t\t\t\t\t<\/div>\n\t\t\t\n\t\t\t\t<div id=\"ngg-image-11\" class=\"ngg-gallery-thumbnail-box\n\t\t\t\t\t\t\t\tngg-3-columns\t\t\t\"\n\t\t\t>\n\t\t\t\t\t\t<div class=\"ngg-gallery-thumbnail\">\n\t\t<a href=\"https:\/\/www.lesmonts.ch\/wp_fr\/wp-content\/gallery\/allos\/DSC_2391.jpg?t=1407849645\"\n\t\t\ttitle=\" \"\n\t\t\tdata-src=\"https:\/\/www.lesmonts.ch\/wp_fr\/wp-content\/gallery\/allos\/DSC_2391.jpg?t=1407849645\"\n\t\t\tdata-thumbnail=\"https:\/\/www.lesmonts.ch\/wp_fr\/wp-content\/gallery\/allos\/thumbs\/thumbs_DSC_2391.jpg?t=1407849645\"\n\t\t\tdata-image-id=\"511\"\n\t\t\tdata-image-name=\"DSC_2391.jpg\"\n\t\t\tdata-title=\"DSC_2391\"\n\t\t\tdata-description=\" \"\n\t\t\tdata-image-slug=\"dsc_2391\"\n\t\t\t\t\t\t\t\t\t\t\t\t\t\t\t\t\t\t\t\tclass='nextgen_pro_lightbox' data-nplmodal-gallery-id='72960c4966868c472556b6bfb0952c3e'>\n\t\t\t\t\t\t\t\t<img\n\t\t\t\t\ttitle=\"DSC_2391\"\n\t\t\t\t\talt=\"DSC_2391\"\n\t\t\t\t\tsrc=\"https:\/\/www.lesmonts.ch\/wp_fr\/wp-content\/gallery\/allos\/thumbs\/thumbs_DSC_2391.jpg?t=1407849645\"\n\t\t\t\t\twidth=\"120\"\n\t\t\t\t\theight=\"90\"\n\t\t\t\t\tstyle=\"max-width:100%;\"\n\t\t\t\t\/>\n\t\t\t<\/a>\n\t\t<\/div>\n\t\t\t\t\t\t\t<\/div>\n\t\t\t\n\t\t\t\t<div id=\"ngg-image-12\" class=\"ngg-gallery-thumbnail-box\n\t\t\t\t\t\t\t\tngg-3-columns\t\t\t\"\n\t\t\t>\n\t\t\t\t\t\t<div class=\"ngg-gallery-thumbnail\">\n\t\t<a href=\"https:\/\/www.lesmonts.ch\/wp_fr\/wp-content\/gallery\/allos\/DSC_2394.jpg?t=1407849652\"\n\t\t\ttitle=\" \"\n\t\t\tdata-src=\"https:\/\/www.lesmonts.ch\/wp_fr\/wp-content\/gallery\/allos\/DSC_2394.jpg?t=1407849652\"\n\t\t\tdata-thumbnail=\"https:\/\/www.lesmonts.ch\/wp_fr\/wp-content\/gallery\/allos\/thumbs\/thumbs_DSC_2394.jpg?t=1407849652\"\n\t\t\tdata-image-id=\"512\"\n\t\t\tdata-image-name=\"DSC_2394.jpg\"\n\t\t\tdata-title=\"DSC_2394\"\n\t\t\tdata-description=\" \"\n\t\t\tdata-image-slug=\"dsc_2394\"\n\t\t\t\t\t\t\t\t\t\t\t\t\t\t\t\t\t\t\t\tclass='nextgen_pro_lightbox' data-nplmodal-gallery-id='72960c4966868c472556b6bfb0952c3e'>\n\t\t\t\t\t\t\t\t<img\n\t\t\t\t\ttitle=\"DSC_2394\"\n\t\t\t\t\talt=\"DSC_2394\"\n\t\t\t\t\tsrc=\"https:\/\/www.lesmonts.ch\/wp_fr\/wp-content\/gallery\/allos\/thumbs\/thumbs_DSC_2394.jpg?t=1407849652\"\n\t\t\t\t\twidth=\"120\"\n\t\t\t\t\theight=\"90\"\n\t\t\t\t\tstyle=\"max-width:100%;\"\n\t\t\t\t\/>\n\t\t\t<\/a>\n\t\t<\/div>\n\t\t\t\t\t\t\t<\/div>\n\t\t\t\n\t\t\t\t<div id=\"ngg-image-13\" class=\"ngg-gallery-thumbnail-box\n\t\t\t\t\t\t\t\tngg-3-columns\t\t\t\"\n\t\t\t>\n\t\t\t\t\t\t<div class=\"ngg-gallery-thumbnail\">\n\t\t<a href=\"https:\/\/www.lesmonts.ch\/wp_fr\/wp-content\/gallery\/allos\/DSC_2400.jpg?t=1407849662\"\n\t\t\ttitle=\" \"\n\t\t\tdata-src=\"https:\/\/www.lesmonts.ch\/wp_fr\/wp-content\/gallery\/allos\/DSC_2400.jpg?t=1407849662\"\n\t\t\tdata-thumbnail=\"https:\/\/www.lesmonts.ch\/wp_fr\/wp-content\/gallery\/allos\/thumbs\/thumbs_DSC_2400.jpg?t=1407849662\"\n\t\t\tdata-image-id=\"513\"\n\t\t\tdata-image-name=\"DSC_2400.jpg\"\n\t\t\tdata-title=\"DSC_2400\"\n\t\t\tdata-description=\" \"\n\t\t\tdata-image-slug=\"dsc_2400\"\n\t\t\t\t\t\t\t\t\t\t\t\t\t\t\t\t\t\t\t\tclass='nextgen_pro_lightbox' data-nplmodal-gallery-id='72960c4966868c472556b6bfb0952c3e'>\n\t\t\t\t\t\t\t\t<img\n\t\t\t\t\ttitle=\"DSC_2400\"\n\t\t\t\t\talt=\"DSC_2400\"\n\t\t\t\t\tsrc=\"https:\/\/www.lesmonts.ch\/wp_fr\/wp-content\/gallery\/allos\/thumbs\/thumbs_DSC_2400.jpg?t=1407849662\"\n\t\t\t\t\twidth=\"120\"\n\t\t\t\t\theight=\"90\"\n\t\t\t\t\tstyle=\"max-width:100%;\"\n\t\t\t\t\/>\n\t\t\t<\/a>\n\t\t<\/div>\n\t\t\t\t\t\t\t<\/div>\n\t\t\t\n\t\n\t<br style=\"clear: both\" \/>\n\n\t\t<div class=\"slideshowlink\">\n\t\t<a href='https:\/\/www.lesmonts.ch\/wp_fr\/randonnees\/randonnees-estivales\/lac-dallos\/nggallery\/slideshow'>[Diaporama]<\/a>\n\n\t<\/div>\n\t\n\t\t<!-- Pagination -->\n\t\t<div class='ngg-clear'><\/div>\t<\/div>\n<\/p>\n","protected":false},"excerpt":{"rendered":"<p>Le Haut Verdon constitue un jardin de fleurs absolument magnifique. Parmi les nombreux objectifs d&rsquo;excursion, le lac d&rsquo;Allos est l&rsquo;un des plus populaires, tant de par sa facilit\u00e9 d&rsquo;acc\u00e8s que la beaut\u00e9 du site. On se trouve \u00e0 l&rsquo;extr\u00e9mit\u00e9 Ouest du parc du Mercantour, et les diff\u00e9rentes restrictions valables pour le parc sont en vigueur. &hellip; <a href=\"https:\/\/www.lesmonts.ch\/wp_fr\/randonnees\/randonnees-estivales\/lac-dallos\/\" class=\"more-link\">Continuer la lecture de <span class=\"screen-reader-text\">Lac d&rsquo;Allos<\/span>  <span class=\"meta-nav\">&rarr;<\/span><\/a><\/p>\n","protected":false},"author":1,"featured_media":0,"parent":40,"menu_order":0,"comment_status":"open","ping_status":"open","template":"","meta":{"_crdt_document":"","ngg_post_thumbnail":0,"footnotes":""},"class_list":["post-1450","page","type-page","status-publish","hentry"],"_links":{"self":[{"href":"https:\/\/www.lesmonts.ch\/wp_fr\/wp-json\/wp\/v2\/pages\/1450","targetHints":{"allow":["GET"]}}],"collection":[{"href":"https:\/\/www.lesmonts.ch\/wp_fr\/wp-json\/wp\/v2\/pages"}],"about":[{"href":"https:\/\/www.lesmonts.ch\/wp_fr\/wp-json\/wp\/v2\/types\/page"}],"author":[{"embeddable":true,"href":"https:\/\/www.lesmonts.ch\/wp_fr\/wp-json\/wp\/v2\/users\/1"}],"replies":[{"embeddable":true,"href":"https:\/\/www.lesmonts.ch\/wp_fr\/wp-json\/wp\/v2\/comments?post=1450"}],"version-history":[{"count":2,"href":"https:\/\/www.lesmonts.ch\/wp_fr\/wp-json\/wp\/v2\/pages\/1450\/revisions"}],"predecessor-version":[{"id":1483,"href":"https:\/\/www.lesmonts.ch\/wp_fr\/wp-json\/wp\/v2\/pages\/1450\/revisions\/1483"}],"up":[{"embeddable":true,"href":"https:\/\/www.lesmonts.ch\/wp_fr\/wp-json\/wp\/v2\/pages\/40"}],"wp:attachment":[{"href":"https:\/\/www.lesmonts.ch\/wp_fr\/wp-json\/wp\/v2\/media?parent=1450"}],"curies":[{"name":"wp","href":"https:\/\/api.w.org\/{rel}","templated":true}]}}