{"id":125,"date":"2014-07-15T12:39:09","date_gmt":"2014-07-15T11:39:09","guid":{"rendered":"http:\/\/www.lesmonts.ch\/wp_fr\/?page_id=125"},"modified":"2014-07-15T13:28:02","modified_gmt":"2014-07-15T12:28:02","slug":"haute-cime-des-dents-du-midi","status":"publish","type":"page","link":"https:\/\/www.lesmonts.ch\/wp_fr\/randonnees\/randonnees-estivales\/haute-cime-des-dents-du-midi\/","title":{"rendered":"Haute Cime des Dents du Midi"},"content":{"rendered":"<p>Une superbe randonn\u00e9e; mais qui s&rsquo;adresse \u00e0 des personnes exp\u00e9riment\u00e9es, capables de se d\u00e9placer avec assurance dans des pierriers escarp\u00e9s et sur des chemins parfois tr\u00e8s d\u00e9lit\u00e9s. Mais quel bel objectif que ce point culminant de la cha\u00eene embl\u00e9matique des Dents du Midi.<\/p>\n<p>La course est faisable en un jour, en aller-retour depuis Champ\u00e9ry; mais l&rsquo;altitude de Champ\u00e9ry est de 1050 m\u00e8tres, alors que le sommet est \u00e0 3257 m\u00e8tres ! Pour avoir exp\u00e9riment\u00e9 ce mode op\u00e9ratoire, je peux affirmer que les jambes protestent au retour \u00e0 Champ\u00e9ry, le soir&#8230; Une \u00e9tape \u00e0 la <a title=\"Cabane de Susanfe\" href=\"http:\/\/susanfe.ch\" target=\"_blank\">cabane de Susanfe<\/a> (r\u00e9servation indispensable) est de ce fait la bienvenue. On peut parvenir \u00e0 Champ\u00e9ry depuis Aigle, en empruntant l&rsquo;AOMC qui parcourt la plaine du Rh\u00f4ne avant de remonter le val d&rsquo;Illiez. De Champ\u00e9ry, on montera par le Grand Paradis et le roc Coup\u00e9 pour gagner le pas d&rsquo;Encel; un petit d\u00e9tour par Bonavau et sa sympathique buvette ne fait pas perdre beaucoup de temps et permet de couper agr\u00e9ablement l&rsquo;effort.<\/p>\n<p>Le pas d&rsquo;Encel est \u00e9quip\u00e9, mais reste d\u00e9licat par temps de pluie, tant les rochers sont lisses, us\u00e9s par les nombreux passants. Au-del\u00e0 du pas d&rsquo;Encel, c&rsquo;est le vallon de Susanfe et la cabane homonyme que l&rsquo;on atteint une petite heure apr\u00e8s avoir quitt\u00e9 le pas d&rsquo;Encel, et, selon les pauses et d\u00e9tours effectu\u00e9s, de quatre \u00e0 six heures apr\u00e8s avoir quitt\u00e9 Champ\u00e9ry.<\/p>\n<p>Le lendemain, la mont\u00e9e \u00e0 la Haute Cime par le col de Susanfe fait p\u00e9n\u00e9trer le randonneur dans un d\u00e9cor de pierre impressionnant. La vue depuis le sommet fait oublier la fatigue, et les h\u00e9sitations que l&rsquo;on a pu avoir au moment de l&rsquo;attaque de la derni\u00e8re rampe, au bien nomm\u00e9 \u00ab\u00a0col des Paresseux\u00a0\u00bb. La descente se fait g\u00e9n\u00e9ralement par le chemin de mont\u00e9e; mais il est aussi int\u00e9ressant de traverser le col de Susanfe pour se rendre \u00e0 <a title=\"Auberge de Salanfe\" href=\"http:\/\/www.salanfe.ch\/fr\/\" target=\"_blank\">l&rsquo;auberge de Salanfe. <\/a>On pourra ensuite descendre \u00e0 Van d&rsquo;en Haut, d&rsquo;o\u00f9 une automobile postale pourra nous ramener \u00e0 Martigny. En revanche, si l&rsquo;on dispose de plus de temps, on peut aussi encha\u00eener par le col du Jorat, Mex et le\u00a0<a title=\"Tour des Dents du Midi\" href=\"http:\/\/www.dentsdumidi.ch\/fr\/\" target=\"_blank\">tour des Dents du Midi<\/a>.<\/p>\n<p><!-- default-view.php -->\n<div\n\tclass=\"ngg-galleryoverview default-view\n\t ngg-ajax-pagination-none\t\"\n\tid=\"ngg-gallery-a80bc0c1c8d87909a488dd6e42c85e13-1\"\n\tdata-nextgen-gallery-id=\"3\"\n\tdata-gallery-id=\"3\"\n\t\tdata-gallery-name=\"HauteCime\"\n\t>\n\n\t\t<!-- Thumbnails -->\n\t\t\t\t<div id=\"ngg-image-0\" class=\"ngg-gallery-thumbnail-box\n\t\t\t\t\t\t\t\tngg-2-columns\t\t\t\"\n\t\t\t>\n\t\t\t\t\t\t<div class=\"ngg-gallery-thumbnail\">\n\t\t<a href=\"https:\/\/www.lesmonts.ch\/wp_fr\/wp-content\/gallery\/hautecime\/cime_de_susanfe.jpg?t=1548523654\"\n\t\t\ttitle=\"\"\n\t\t\tdata-src=\"https:\/\/www.lesmonts.ch\/wp_fr\/wp-content\/gallery\/hautecime\/cime_de_susanfe.jpg?t=1548523654\"\n\t\t\tdata-thumbnail=\"https:\/\/www.lesmonts.ch\/wp_fr\/wp-content\/gallery\/hautecime\/thumbs\/thumbs_cime_de_susanfe.jpg?t=1548523654\"\n\t\t\tdata-image-id=\"21\"\n\t\t\tdata-image-name=\"cime_de_susanfe.jpg\"\n\t\t\tdata-title=\"cime_de_susanfe\"\n\t\t\tdata-description=\"\"\n\t\t\tdata-image-slug=\"cime_de_susanfe\"\n\t\t\t\t\t\t\t\t\t\t\t\t\t\t\t\t\t\t\t\tclass='nextgen_pro_lightbox' data-nplmodal-gallery-id='a80bc0c1c8d87909a488dd6e42c85e13'>\n\t\t\t\t\t\t\t\t<img\n\t\t\t\t\ttitle=\"cime_de_susanfe\"\n\t\t\t\t\talt=\"cime_de_susanfe\"\n\t\t\t\t\tsrc=\"https:\/\/www.lesmonts.ch\/wp_fr\/wp-content\/gallery\/hautecime\/thumbs\/thumbs_cime_de_susanfe.jpg?t=1548523654\"\n\t\t\t\t\twidth=\"120\"\n\t\t\t\t\theight=\"90\"\n\t\t\t\t\tstyle=\"max-width:100%;\"\n\t\t\t\t\/>\n\t\t\t<\/a>\n\t\t<\/div>\n\t\t\t\t\t\t\t<\/div>\n\t\t\t\n\t\t\t\t<div id=\"ngg-image-1\" class=\"ngg-gallery-thumbnail-box\n\t\t\t\t\t\t\t\tngg-2-columns\t\t\t\"\n\t\t\t>\n\t\t\t\t\t\t<div class=\"ngg-gallery-thumbnail\">\n\t\t<a href=\"https:\/\/www.lesmonts.ch\/wp_fr\/wp-content\/gallery\/hautecime\/col_susanfe.jpg?t=1548523654\"\n\t\t\ttitle=\"\"\n\t\t\tdata-src=\"https:\/\/www.lesmonts.ch\/wp_fr\/wp-content\/gallery\/hautecime\/col_susanfe.jpg?t=1548523654\"\n\t\t\tdata-thumbnail=\"https:\/\/www.lesmonts.ch\/wp_fr\/wp-content\/gallery\/hautecime\/thumbs\/thumbs_col_susanfe.jpg?t=1548523654\"\n\t\t\tdata-image-id=\"22\"\n\t\t\tdata-image-name=\"col_susanfe.jpg\"\n\t\t\tdata-title=\"col_susanfe\"\n\t\t\tdata-description=\"\"\n\t\t\tdata-image-slug=\"col_susanfe\"\n\t\t\t\t\t\t\t\t\t\t\t\t\t\t\t\t\t\t\t\tclass='nextgen_pro_lightbox' data-nplmodal-gallery-id='a80bc0c1c8d87909a488dd6e42c85e13'>\n\t\t\t\t\t\t\t\t<img\n\t\t\t\t\ttitle=\"col_susanfe\"\n\t\t\t\t\talt=\"col_susanfe\"\n\t\t\t\t\tsrc=\"https:\/\/www.lesmonts.ch\/wp_fr\/wp-content\/gallery\/hautecime\/thumbs\/thumbs_col_susanfe.jpg?t=1548523654\"\n\t\t\t\t\twidth=\"120\"\n\t\t\t\t\theight=\"90\"\n\t\t\t\t\tstyle=\"max-width:100%;\"\n\t\t\t\t\/>\n\t\t\t<\/a>\n\t\t<\/div>\n\t\t\t\t\t\t\t<\/div>\n\t\t\t\n\t\t\t\t<div id=\"ngg-image-2\" class=\"ngg-gallery-thumbnail-box\n\t\t\t\t\t\t\t\tngg-2-columns\t\t\t\"\n\t\t\t>\n\t\t\t\t\t\t<div class=\"ngg-gallery-thumbnail\">\n\t\t<a href=\"https:\/\/www.lesmonts.ch\/wp_fr\/wp-content\/gallery\/hautecime\/col_susanfe2.jpg?t=1548523654\"\n\t\t\ttitle=\"\"\n\t\t\tdata-src=\"https:\/\/www.lesmonts.ch\/wp_fr\/wp-content\/gallery\/hautecime\/col_susanfe2.jpg?t=1548523654\"\n\t\t\tdata-thumbnail=\"https:\/\/www.lesmonts.ch\/wp_fr\/wp-content\/gallery\/hautecime\/thumbs\/thumbs_col_susanfe2.jpg?t=1548523654\"\n\t\t\tdata-image-id=\"23\"\n\t\t\tdata-image-name=\"col_susanfe2.jpg\"\n\t\t\tdata-title=\"col_susanfe2\"\n\t\t\tdata-description=\"\"\n\t\t\tdata-image-slug=\"col_susanfe2\"\n\t\t\t\t\t\t\t\t\t\t\t\t\t\t\t\t\t\t\t\tclass='nextgen_pro_lightbox' data-nplmodal-gallery-id='a80bc0c1c8d87909a488dd6e42c85e13'>\n\t\t\t\t\t\t\t\t<img\n\t\t\t\t\ttitle=\"col_susanfe2\"\n\t\t\t\t\talt=\"col_susanfe2\"\n\t\t\t\t\tsrc=\"https:\/\/www.lesmonts.ch\/wp_fr\/wp-content\/gallery\/hautecime\/thumbs\/thumbs_col_susanfe2.jpg?t=1548523654\"\n\t\t\t\t\twidth=\"120\"\n\t\t\t\t\theight=\"90\"\n\t\t\t\t\tstyle=\"max-width:100%;\"\n\t\t\t\t\/>\n\t\t\t<\/a>\n\t\t<\/div>\n\t\t\t\t\t\t\t<\/div>\n\t\t\t\n\t\t\t\t<div id=\"ngg-image-3\" class=\"ngg-gallery-thumbnail-box\n\t\t\t\t\t\t\t\tngg-2-columns\t\t\t\"\n\t\t\t>\n\t\t\t\t\t\t<div class=\"ngg-gallery-thumbnail\">\n\t\t<a href=\"https:\/\/www.lesmonts.ch\/wp_fr\/wp-content\/gallery\/hautecime\/pas_encel.jpg?t=1548523654\"\n\t\t\ttitle=\"\"\n\t\t\tdata-src=\"https:\/\/www.lesmonts.ch\/wp_fr\/wp-content\/gallery\/hautecime\/pas_encel.jpg?t=1548523654\"\n\t\t\tdata-thumbnail=\"https:\/\/www.lesmonts.ch\/wp_fr\/wp-content\/gallery\/hautecime\/thumbs\/thumbs_pas_encel.jpg?t=1548523654\"\n\t\t\tdata-image-id=\"24\"\n\t\t\tdata-image-name=\"pas_encel.jpg\"\n\t\t\tdata-title=\"pas_encel\"\n\t\t\tdata-description=\"\"\n\t\t\tdata-image-slug=\"pas_encel\"\n\t\t\t\t\t\t\t\t\t\t\t\t\t\t\t\t\t\t\t\tclass='nextgen_pro_lightbox' data-nplmodal-gallery-id='a80bc0c1c8d87909a488dd6e42c85e13'>\n\t\t\t\t\t\t\t\t<img\n\t\t\t\t\ttitle=\"pas_encel\"\n\t\t\t\t\talt=\"pas_encel\"\n\t\t\t\t\tsrc=\"https:\/\/www.lesmonts.ch\/wp_fr\/wp-content\/gallery\/hautecime\/thumbs\/thumbs_pas_encel.jpg?t=1548523654\"\n\t\t\t\t\twidth=\"120\"\n\t\t\t\t\theight=\"90\"\n\t\t\t\t\tstyle=\"max-width:100%;\"\n\t\t\t\t\/>\n\t\t\t<\/a>\n\t\t<\/div>\n\t\t\t\t\t\t\t<\/div>\n\t\t\t\n\t\t\t\t<div id=\"ngg-image-4\" class=\"ngg-gallery-thumbnail-box\n\t\t\t\t\t\t\t\tngg-2-columns\t\t\t\"\n\t\t\t>\n\t\t\t\t\t\t<div class=\"ngg-gallery-thumbnail\">\n\t\t<a href=\"https:\/\/www.lesmonts.ch\/wp_fr\/wp-content\/gallery\/hautecime\/salanfe.jpg?t=1548523654\"\n\t\t\ttitle=\"\"\n\t\t\tdata-src=\"https:\/\/www.lesmonts.ch\/wp_fr\/wp-content\/gallery\/hautecime\/salanfe.jpg?t=1548523654\"\n\t\t\tdata-thumbnail=\"https:\/\/www.lesmonts.ch\/wp_fr\/wp-content\/gallery\/hautecime\/thumbs\/thumbs_salanfe.jpg?t=1548523654\"\n\t\t\tdata-image-id=\"25\"\n\t\t\tdata-image-name=\"salanfe.jpg\"\n\t\t\tdata-title=\"salanfe\"\n\t\t\tdata-description=\"\"\n\t\t\tdata-image-slug=\"salanfe\"\n\t\t\t\t\t\t\t\t\t\t\t\t\t\t\t\t\t\t\t\tclass='nextgen_pro_lightbox' data-nplmodal-gallery-id='a80bc0c1c8d87909a488dd6e42c85e13'>\n\t\t\t\t\t\t\t\t<img\n\t\t\t\t\ttitle=\"salanfe\"\n\t\t\t\t\talt=\"salanfe\"\n\t\t\t\t\tsrc=\"https:\/\/www.lesmonts.ch\/wp_fr\/wp-content\/gallery\/hautecime\/thumbs\/thumbs_salanfe.jpg?t=1548523654\"\n\t\t\t\t\twidth=\"120\"\n\t\t\t\t\theight=\"90\"\n\t\t\t\t\tstyle=\"max-width:100%;\"\n\t\t\t\t\/>\n\t\t\t<\/a>\n\t\t<\/div>\n\t\t\t\t\t\t\t<\/div>\n\t\t\t\n\t\t\t\t<div id=\"ngg-image-5\" class=\"ngg-gallery-thumbnail-box\n\t\t\t\t\t\t\t\tngg-2-columns\t\t\t\"\n\t\t\t>\n\t\t\t\t\t\t<div class=\"ngg-gallery-thumbnail\">\n\t\t<a href=\"https:\/\/www.lesmonts.ch\/wp_fr\/wp-content\/gallery\/hautecime\/sommet.jpg?t=1548523654\"\n\t\t\ttitle=\"\"\n\t\t\tdata-src=\"https:\/\/www.lesmonts.ch\/wp_fr\/wp-content\/gallery\/hautecime\/sommet.jpg?t=1548523654\"\n\t\t\tdata-thumbnail=\"https:\/\/www.lesmonts.ch\/wp_fr\/wp-content\/gallery\/hautecime\/thumbs\/thumbs_sommet.jpg?t=1548523654\"\n\t\t\tdata-image-id=\"26\"\n\t\t\tdata-image-name=\"sommet.jpg\"\n\t\t\tdata-title=\"sommet\"\n\t\t\tdata-description=\"\"\n\t\t\tdata-image-slug=\"sommet\"\n\t\t\t\t\t\t\t\t\t\t\t\t\t\t\t\t\t\t\t\tclass='nextgen_pro_lightbox' data-nplmodal-gallery-id='a80bc0c1c8d87909a488dd6e42c85e13'>\n\t\t\t\t\t\t\t\t<img\n\t\t\t\t\ttitle=\"sommet\"\n\t\t\t\t\talt=\"sommet\"\n\t\t\t\t\tsrc=\"https:\/\/www.lesmonts.ch\/wp_fr\/wp-content\/gallery\/hautecime\/thumbs\/thumbs_sommet.jpg?t=1548523654\"\n\t\t\t\t\twidth=\"120\"\n\t\t\t\t\theight=\"90\"\n\t\t\t\t\tstyle=\"max-width:100%;\"\n\t\t\t\t\/>\n\t\t\t<\/a>\n\t\t<\/div>\n\t\t\t\t\t\t\t<\/div>\n\t\t\t\n\t\t\t\t<div id=\"ngg-image-6\" class=\"ngg-gallery-thumbnail-box\n\t\t\t\t\t\t\t\tngg-2-columns\t\t\t\"\n\t\t\t>\n\t\t\t\t\t\t<div class=\"ngg-gallery-thumbnail\">\n\t\t<a href=\"https:\/\/www.lesmonts.ch\/wp_fr\/wp-content\/gallery\/hautecime\/susanfe.jpg?t=1548523655\"\n\t\t\ttitle=\"\"\n\t\t\tdata-src=\"https:\/\/www.lesmonts.ch\/wp_fr\/wp-content\/gallery\/hautecime\/susanfe.jpg?t=1548523655\"\n\t\t\tdata-thumbnail=\"https:\/\/www.lesmonts.ch\/wp_fr\/wp-content\/gallery\/hautecime\/thumbs\/thumbs_susanfe.jpg?t=1548523655\"\n\t\t\tdata-image-id=\"27\"\n\t\t\tdata-image-name=\"susanfe.jpg\"\n\t\t\tdata-title=\"susanfe\"\n\t\t\tdata-description=\"\"\n\t\t\tdata-image-slug=\"susanfe\"\n\t\t\t\t\t\t\t\t\t\t\t\t\t\t\t\t\t\t\t\tclass='nextgen_pro_lightbox' data-nplmodal-gallery-id='a80bc0c1c8d87909a488dd6e42c85e13'>\n\t\t\t\t\t\t\t\t<img\n\t\t\t\t\ttitle=\"susanfe\"\n\t\t\t\t\talt=\"susanfe\"\n\t\t\t\t\tsrc=\"https:\/\/www.lesmonts.ch\/wp_fr\/wp-content\/gallery\/hautecime\/thumbs\/thumbs_susanfe.jpg?t=1548523655\"\n\t\t\t\t\twidth=\"120\"\n\t\t\t\t\theight=\"90\"\n\t\t\t\t\tstyle=\"max-width:100%;\"\n\t\t\t\t\/>\n\t\t\t<\/a>\n\t\t<\/div>\n\t\t\t\t\t\t\t<\/div>\n\t\t\t\n\t\n\t<br style=\"clear: both\" \/>\n\n\t\t<div class=\"slideshowlink\">\n\t\t<a href='https:\/\/www.lesmonts.ch\/wp_fr\/randonnees\/randonnees-estivales\/haute-cime-des-dents-du-midi\/nggallery\/slideshow'>[Show slideshow]<\/a>\n\n\t<\/div>\n\t\n\t\t<!-- Pagination -->\n\t\t<div class='ngg-clear'><\/div>\t<\/div>\n<\/p>\n","protected":false},"excerpt":{"rendered":"<p>Une superbe randonn\u00e9e; mais qui s&rsquo;adresse \u00e0 des personnes exp\u00e9riment\u00e9es, capables de se d\u00e9placer avec assurance dans des pierriers escarp\u00e9s et sur des chemins parfois tr\u00e8s d\u00e9lit\u00e9s. Mais quel bel objectif que ce point culminant de la cha\u00eene embl\u00e9matique des Dents du Midi. La course est faisable en un jour, en aller-retour depuis Champ\u00e9ry; mais &hellip; <a href=\"https:\/\/www.lesmonts.ch\/wp_fr\/randonnees\/randonnees-estivales\/haute-cime-des-dents-du-midi\/\" class=\"more-link\">Continuer la lecture de <span class=\"screen-reader-text\">Haute Cime des Dents du Midi<\/span>  <span class=\"meta-nav\">&rarr;<\/span><\/a><\/p>\n","protected":false},"author":1,"featured_media":0,"parent":40,"menu_order":0,"comment_status":"open","ping_status":"open","template":"","meta":{"_crdt_document":"","ngg_post_thumbnail":0,"footnotes":""},"class_list":["post-125","page","type-page","status-publish","hentry"],"_links":{"self":[{"href":"https:\/\/www.lesmonts.ch\/wp_fr\/wp-json\/wp\/v2\/pages\/125","targetHints":{"allow":["GET"]}}],"collection":[{"href":"https:\/\/www.lesmonts.ch\/wp_fr\/wp-json\/wp\/v2\/pages"}],"about":[{"href":"https:\/\/www.lesmonts.ch\/wp_fr\/wp-json\/wp\/v2\/types\/page"}],"author":[{"embeddable":true,"href":"https:\/\/www.lesmonts.ch\/wp_fr\/wp-json\/wp\/v2\/users\/1"}],"replies":[{"embeddable":true,"href":"https:\/\/www.lesmonts.ch\/wp_fr\/wp-json\/wp\/v2\/comments?post=125"}],"version-history":[{"count":5,"href":"https:\/\/www.lesmonts.ch\/wp_fr\/wp-json\/wp\/v2\/pages\/125\/revisions"}],"predecessor-version":[{"id":150,"href":"https:\/\/www.lesmonts.ch\/wp_fr\/wp-json\/wp\/v2\/pages\/125\/revisions\/150"}],"up":[{"embeddable":true,"href":"https:\/\/www.lesmonts.ch\/wp_fr\/wp-json\/wp\/v2\/pages\/40"}],"wp:attachment":[{"href":"https:\/\/www.lesmonts.ch\/wp_fr\/wp-json\/wp\/v2\/media?parent=125"}],"curies":[{"name":"wp","href":"https:\/\/api.w.org\/{rel}","templated":true}]}}