{"id":12289,"date":"2024-11-22T10:26:22","date_gmt":"2024-11-22T09:26:22","guid":{"rendered":"https:\/\/www.lesmonts.ch\/wp_fr\/?page_id=12289"},"modified":"2025-02-09T21:38:14","modified_gmt":"2025-02-09T20:38:14","slug":"calendrier-2025","status":"publish","type":"page","link":"https:\/\/www.lesmonts.ch\/wp_fr\/calendrier-2025\/","title":{"rendered":"Calendrier 2025"},"content":{"rendered":"\n<p class=\"wp-block-paragraph\"><strong><em>Ambiances animales<\/em><\/strong><\/p>\n\n\n\n<p class=\"wp-block-paragraph\">Je vous propose quelques images d&rsquo;ambiance de nature, avec des animaux sauvages, qui vous apporteront leurs voeux chaque mois de cette ann\u00e9e.<\/p>\n\n\n\n<figure class=\"wp-block-image size-large\"><a href=\"https:\/\/www.lesmonts.ch\/wp_fr\/wp-content\/uploads\/2024\/11\/DSC_1183-scaled.jpg\"><img loading=\"lazy\" decoding=\"async\" width=\"1024\" height=\"680\" src=\"https:\/\/www.lesmonts.ch\/wp_fr\/wp-content\/uploads\/2024\/11\/DSC_1183-1024x680.jpg\" alt=\"\" class=\"wp-image-12293\" srcset=\"https:\/\/www.lesmonts.ch\/wp_fr\/wp-content\/uploads\/2024\/11\/DSC_1183-1024x680.jpg 1024w, https:\/\/www.lesmonts.ch\/wp_fr\/wp-content\/uploads\/2024\/11\/DSC_1183-300x199.jpg 300w, https:\/\/www.lesmonts.ch\/wp_fr\/wp-content\/uploads\/2024\/11\/DSC_1183-768x510.jpg 768w, https:\/\/www.lesmonts.ch\/wp_fr\/wp-content\/uploads\/2024\/11\/DSC_1183-1536x1020.jpg 1536w, https:\/\/www.lesmonts.ch\/wp_fr\/wp-content\/uploads\/2024\/11\/DSC_1183-2048x1360.jpg 2048w\" sizes=\"auto, (max-width: 1024px) 100vw, 1024px\" \/><\/a><figcaption class=\"wp-element-caption\"><strong>Janvier<\/strong> ; Un aigle p\u00eacheur \u00e0 l&rsquo;aff\u00fbt de proies, Afrique du Sud<\/figcaption><\/figure>\n\n\n\n<figure class=\"wp-block-image size-large\"><a href=\"https:\/\/www.lesmonts.ch\/wp_fr\/wp-content\/uploads\/2024\/11\/DSC_1038_DxO-scaled.jpg\"><img loading=\"lazy\" decoding=\"async\" width=\"1024\" height=\"680\" src=\"https:\/\/www.lesmonts.ch\/wp_fr\/wp-content\/uploads\/2024\/11\/DSC_1038_DxO-1024x680.jpg\" alt=\"\" class=\"wp-image-12294\" srcset=\"https:\/\/www.lesmonts.ch\/wp_fr\/wp-content\/uploads\/2024\/11\/DSC_1038_DxO-1024x680.jpg 1024w, https:\/\/www.lesmonts.ch\/wp_fr\/wp-content\/uploads\/2024\/11\/DSC_1038_DxO-300x199.jpg 300w, https:\/\/www.lesmonts.ch\/wp_fr\/wp-content\/uploads\/2024\/11\/DSC_1038_DxO-768x510.jpg 768w, https:\/\/www.lesmonts.ch\/wp_fr\/wp-content\/uploads\/2024\/11\/DSC_1038_DxO-1536x1020.jpg 1536w, https:\/\/www.lesmonts.ch\/wp_fr\/wp-content\/uploads\/2024\/11\/DSC_1038_DxO-2048x1360.jpg 2048w\" sizes=\"auto, (max-width: 1024px) 100vw, 1024px\" \/><\/a><figcaption class=\"wp-element-caption\"><strong>F\u00e9vrier<\/strong> : Une \u00e9chasse blanche explore un banc de sable en Afrique du Sud (et non un go\u00ebland comme \u00e9crit par erreur sur la page de f\u00e9vrier !)<\/figcaption><\/figure>\n\n\n\n<figure class=\"wp-block-image size-large\"><a href=\"https:\/\/www.lesmonts.ch\/wp_fr\/wp-content\/uploads\/2024\/11\/DSC_5045_DxO-scaled.jpg\"><img loading=\"lazy\" decoding=\"async\" width=\"1024\" height=\"680\" src=\"https:\/\/www.lesmonts.ch\/wp_fr\/wp-content\/uploads\/2024\/11\/DSC_5045_DxO-1024x680.jpg\" alt=\"\" class=\"wp-image-12295\" srcset=\"https:\/\/www.lesmonts.ch\/wp_fr\/wp-content\/uploads\/2024\/11\/DSC_5045_DxO-1024x680.jpg 1024w, https:\/\/www.lesmonts.ch\/wp_fr\/wp-content\/uploads\/2024\/11\/DSC_5045_DxO-300x199.jpg 300w, https:\/\/www.lesmonts.ch\/wp_fr\/wp-content\/uploads\/2024\/11\/DSC_5045_DxO-768x510.jpg 768w, https:\/\/www.lesmonts.ch\/wp_fr\/wp-content\/uploads\/2024\/11\/DSC_5045_DxO-1536x1020.jpg 1536w, https:\/\/www.lesmonts.ch\/wp_fr\/wp-content\/uploads\/2024\/11\/DSC_5045_DxO-2048x1360.jpg 2048w\" sizes=\"auto, (max-width: 1024px) 100vw, 1024px\" \/><\/a><figcaption class=\"wp-element-caption\">Mars : Flamants roses en Camargue<\/figcaption><\/figure>\n\n\n\n<figure class=\"wp-block-image size-large\"><a href=\"https:\/\/www.lesmonts.ch\/wp_fr\/wp-content\/uploads\/2024\/11\/DSC_0768_DxO-1-scaled.jpg\"><img loading=\"lazy\" decoding=\"async\" width=\"1024\" height=\"680\" src=\"https:\/\/www.lesmonts.ch\/wp_fr\/wp-content\/uploads\/2024\/11\/DSC_0768_DxO-1-1024x680.jpg\" alt=\"\" class=\"wp-image-12297\" srcset=\"https:\/\/www.lesmonts.ch\/wp_fr\/wp-content\/uploads\/2024\/11\/DSC_0768_DxO-1-1024x680.jpg 1024w, https:\/\/www.lesmonts.ch\/wp_fr\/wp-content\/uploads\/2024\/11\/DSC_0768_DxO-1-300x199.jpg 300w, https:\/\/www.lesmonts.ch\/wp_fr\/wp-content\/uploads\/2024\/11\/DSC_0768_DxO-1-768x510.jpg 768w, https:\/\/www.lesmonts.ch\/wp_fr\/wp-content\/uploads\/2024\/11\/DSC_0768_DxO-1-1536x1020.jpg 1536w, https:\/\/www.lesmonts.ch\/wp_fr\/wp-content\/uploads\/2024\/11\/DSC_0768_DxO-1-2048x1360.jpg 2048w\" sizes=\"auto, (max-width: 1024px) 100vw, 1024px\" \/><\/a><figcaption class=\"wp-element-caption\"><strong>Avril<\/strong> : Le h\u00e9ron et sa proie, Afrique du Sud<\/figcaption><\/figure>\n\n\n\n<figure class=\"wp-block-image size-large\"><a href=\"https:\/\/www.lesmonts.ch\/wp_fr\/wp-content\/uploads\/2024\/11\/DSC_0866_DxO-scaled.jpg\"><img loading=\"lazy\" decoding=\"async\" width=\"1024\" height=\"680\" src=\"https:\/\/www.lesmonts.ch\/wp_fr\/wp-content\/uploads\/2024\/11\/DSC_0866_DxO-1024x680.jpg\" alt=\"\" class=\"wp-image-12299\" srcset=\"https:\/\/www.lesmonts.ch\/wp_fr\/wp-content\/uploads\/2024\/11\/DSC_0866_DxO-1024x680.jpg 1024w, https:\/\/www.lesmonts.ch\/wp_fr\/wp-content\/uploads\/2024\/11\/DSC_0866_DxO-300x199.jpg 300w, https:\/\/www.lesmonts.ch\/wp_fr\/wp-content\/uploads\/2024\/11\/DSC_0866_DxO-768x510.jpg 768w, https:\/\/www.lesmonts.ch\/wp_fr\/wp-content\/uploads\/2024\/11\/DSC_0866_DxO-1536x1020.jpg 1536w, https:\/\/www.lesmonts.ch\/wp_fr\/wp-content\/uploads\/2024\/11\/DSC_0866_DxO-2048x1360.jpg 2048w\" sizes=\"auto, (max-width: 1024px) 100vw, 1024px\" \/><\/a><figcaption class=\"wp-element-caption\"><strong>Mai<\/strong> : Une grande aigrette dans son mar\u00e9cage, Afrique du Sud<\/figcaption><\/figure>\n\n\n\n<figure class=\"wp-block-image size-large\"><a href=\"https:\/\/www.lesmonts.ch\/wp_fr\/wp-content\/uploads\/2024\/11\/DSC_6179_DxO-scaled.jpg\"><img loading=\"lazy\" decoding=\"async\" width=\"1024\" height=\"681\" src=\"https:\/\/www.lesmonts.ch\/wp_fr\/wp-content\/uploads\/2024\/11\/DSC_6179_DxO-1024x681.jpg\" alt=\"\" class=\"wp-image-12313\" srcset=\"https:\/\/www.lesmonts.ch\/wp_fr\/wp-content\/uploads\/2024\/11\/DSC_6179_DxO-1024x681.jpg 1024w, https:\/\/www.lesmonts.ch\/wp_fr\/wp-content\/uploads\/2024\/11\/DSC_6179_DxO-300x199.jpg 300w, https:\/\/www.lesmonts.ch\/wp_fr\/wp-content\/uploads\/2024\/11\/DSC_6179_DxO-768x510.jpg 768w, https:\/\/www.lesmonts.ch\/wp_fr\/wp-content\/uploads\/2024\/11\/DSC_6179_DxO-1536x1021.jpg 1536w, https:\/\/www.lesmonts.ch\/wp_fr\/wp-content\/uploads\/2024\/11\/DSC_6179_DxO-2048x1361.jpg 2048w\" sizes=\"auto, (max-width: 1024px) 100vw, 1024px\" \/><\/a><figcaption class=\"wp-element-caption\">Juin : Colonie de Fous de Bassan, \u00eele de Bonaventure, Qu\u00e9bec<\/figcaption><\/figure>\n\n\n\n<figure class=\"wp-block-image size-large\"><a href=\"https:\/\/www.lesmonts.ch\/wp_fr\/wp-content\/uploads\/2024\/11\/DSC_3491_DxO-scaled.jpg\"><img loading=\"lazy\" decoding=\"async\" width=\"1024\" height=\"681\" src=\"https:\/\/www.lesmonts.ch\/wp_fr\/wp-content\/uploads\/2024\/11\/DSC_3491_DxO-1024x681.jpg\" alt=\"\" class=\"wp-image-12301\" srcset=\"https:\/\/www.lesmonts.ch\/wp_fr\/wp-content\/uploads\/2024\/11\/DSC_3491_DxO-1024x681.jpg 1024w, https:\/\/www.lesmonts.ch\/wp_fr\/wp-content\/uploads\/2024\/11\/DSC_3491_DxO-300x200.jpg 300w, https:\/\/www.lesmonts.ch\/wp_fr\/wp-content\/uploads\/2024\/11\/DSC_3491_DxO-768x511.jpg 768w, https:\/\/www.lesmonts.ch\/wp_fr\/wp-content\/uploads\/2024\/11\/DSC_3491_DxO-1536x1021.jpg 1536w, https:\/\/www.lesmonts.ch\/wp_fr\/wp-content\/uploads\/2024\/11\/DSC_3491_DxO-2048x1362.jpg 2048w\" sizes=\"auto, (max-width: 1024px) 100vw, 1024px\" \/><\/a><figcaption class=\"wp-element-caption\"><strong>Juillet<\/strong> : La colonie de maacareux d&rsquo;Egilstadir, Islande<\/figcaption><\/figure>\n\n\n\n<figure class=\"wp-block-image size-large\"><a href=\"https:\/\/www.lesmonts.ch\/wp_fr\/wp-content\/uploads\/2024\/11\/DSC_5052_Nik_DxO-scaled.jpg\"><img loading=\"lazy\" decoding=\"async\" width=\"1024\" height=\"680\" src=\"https:\/\/www.lesmonts.ch\/wp_fr\/wp-content\/uploads\/2024\/11\/DSC_5052_Nik_DxO-1024x680.jpg\" alt=\"\" class=\"wp-image-12302\" srcset=\"https:\/\/www.lesmonts.ch\/wp_fr\/wp-content\/uploads\/2024\/11\/DSC_5052_Nik_DxO-1024x680.jpg 1024w, https:\/\/www.lesmonts.ch\/wp_fr\/wp-content\/uploads\/2024\/11\/DSC_5052_Nik_DxO-300x199.jpg 300w, https:\/\/www.lesmonts.ch\/wp_fr\/wp-content\/uploads\/2024\/11\/DSC_5052_Nik_DxO-768x510.jpg 768w, https:\/\/www.lesmonts.ch\/wp_fr\/wp-content\/uploads\/2024\/11\/DSC_5052_Nik_DxO-1536x1020.jpg 1536w, https:\/\/www.lesmonts.ch\/wp_fr\/wp-content\/uploads\/2024\/11\/DSC_5052_Nik_DxO-2048x1360.jpg 2048w\" sizes=\"auto, (max-width: 1024px) 100vw, 1024px\" \/><\/a><figcaption class=\"wp-element-caption\"><strong>Ao\u00fbt<\/strong> : Echasse \u00e0 la recherche de nourriture, Siantes-Maries de la Mer<\/figcaption><\/figure>\n\n\n\n<figure class=\"wp-block-image size-large\"><a href=\"https:\/\/www.lesmonts.ch\/wp_fr\/wp-content\/uploads\/2024\/11\/DSC_6229_DxO-scaled.jpg\"><img loading=\"lazy\" decoding=\"async\" width=\"1024\" height=\"683\" src=\"https:\/\/www.lesmonts.ch\/wp_fr\/wp-content\/uploads\/2024\/11\/DSC_6229_DxO-1024x683.jpg\" alt=\"\" class=\"wp-image-12309\" srcset=\"https:\/\/www.lesmonts.ch\/wp_fr\/wp-content\/uploads\/2024\/11\/DSC_6229_DxO-1024x683.jpg 1024w, https:\/\/www.lesmonts.ch\/wp_fr\/wp-content\/uploads\/2024\/11\/DSC_6229_DxO-300x200.jpg 300w, https:\/\/www.lesmonts.ch\/wp_fr\/wp-content\/uploads\/2024\/11\/DSC_6229_DxO-768x512.jpg 768w, https:\/\/www.lesmonts.ch\/wp_fr\/wp-content\/uploads\/2024\/11\/DSC_6229_DxO-1536x1024.jpg 1536w, https:\/\/www.lesmonts.ch\/wp_fr\/wp-content\/uploads\/2024\/11\/DSC_6229_DxO-2048x1365.jpg 2048w\" sizes=\"auto, (max-width: 1024px) 100vw, 1024px\" \/><\/a><figcaption class=\"wp-element-caption\"><strong>Septembre <\/strong>: Phoques au repos, Perc\u00e9, Qu\u00e9bec<\/figcaption><\/figure>\n\n\n\n<figure class=\"wp-block-image size-large\"><a href=\"https:\/\/www.lesmonts.ch\/wp_fr\/wp-content\/uploads\/2024\/11\/DSC_0874_DxO-scaled.jpg\"><img loading=\"lazy\" decoding=\"async\" width=\"1024\" height=\"680\" src=\"https:\/\/www.lesmonts.ch\/wp_fr\/wp-content\/uploads\/2024\/11\/DSC_0874_DxO-1024x680.jpg\" alt=\"\" class=\"wp-image-12303\" srcset=\"https:\/\/www.lesmonts.ch\/wp_fr\/wp-content\/uploads\/2024\/11\/DSC_0874_DxO-1024x680.jpg 1024w, https:\/\/www.lesmonts.ch\/wp_fr\/wp-content\/uploads\/2024\/11\/DSC_0874_DxO-300x199.jpg 300w, https:\/\/www.lesmonts.ch\/wp_fr\/wp-content\/uploads\/2024\/11\/DSC_0874_DxO-768x510.jpg 768w, https:\/\/www.lesmonts.ch\/wp_fr\/wp-content\/uploads\/2024\/11\/DSC_0874_DxO-1536x1020.jpg 1536w, https:\/\/www.lesmonts.ch\/wp_fr\/wp-content\/uploads\/2024\/11\/DSC_0874_DxO-2048x1360.jpg 2048w\" sizes=\"auto, (max-width: 1024px) 100vw, 1024px\" \/><\/a><figcaption class=\"wp-element-caption\"><strong>Octobre<\/strong> : La plage aux El\u00e9phants, Parc Kr\u00fcger, Afrique du Sud<\/figcaption><\/figure>\n\n\n\n<figure class=\"wp-block-image size-large\"><a href=\"https:\/\/www.lesmonts.ch\/wp_fr\/wp-content\/uploads\/2024\/11\/DSC_0680_DxO-scaled.jpg\"><img loading=\"lazy\" decoding=\"async\" width=\"1024\" height=\"680\" src=\"https:\/\/www.lesmonts.ch\/wp_fr\/wp-content\/uploads\/2024\/11\/DSC_0680_DxO-1024x680.jpg\" alt=\"\" class=\"wp-image-12304\" srcset=\"https:\/\/www.lesmonts.ch\/wp_fr\/wp-content\/uploads\/2024\/11\/DSC_0680_DxO-1024x680.jpg 1024w, https:\/\/www.lesmonts.ch\/wp_fr\/wp-content\/uploads\/2024\/11\/DSC_0680_DxO-300x199.jpg 300w, https:\/\/www.lesmonts.ch\/wp_fr\/wp-content\/uploads\/2024\/11\/DSC_0680_DxO-768x510.jpg 768w, https:\/\/www.lesmonts.ch\/wp_fr\/wp-content\/uploads\/2024\/11\/DSC_0680_DxO-1536x1020.jpg 1536w, https:\/\/www.lesmonts.ch\/wp_fr\/wp-content\/uploads\/2024\/11\/DSC_0680_DxO-2048x1361.jpg 2048w\" sizes=\"auto, (max-width: 1024px) 100vw, 1024px\" \/><\/a><figcaption class=\"wp-element-caption\"><strong>Novembre<\/strong> :  Couple de gu\u00e9piers dans les taillis qu&rsquo;ils adorent. Afrique du Sud<\/figcaption><\/figure>\n\n\n\n<figure class=\"wp-block-image size-large\"><a href=\"https:\/\/www.lesmonts.ch\/wp_fr\/wp-content\/uploads\/2024\/11\/DSC_0553_DxO-scaled.jpg\"><img loading=\"lazy\" decoding=\"async\" width=\"1024\" height=\"680\" src=\"https:\/\/www.lesmonts.ch\/wp_fr\/wp-content\/uploads\/2024\/11\/DSC_0553_DxO-1024x680.jpg\" alt=\"\" class=\"wp-image-12305\" srcset=\"https:\/\/www.lesmonts.ch\/wp_fr\/wp-content\/uploads\/2024\/11\/DSC_0553_DxO-1024x680.jpg 1024w, https:\/\/www.lesmonts.ch\/wp_fr\/wp-content\/uploads\/2024\/11\/DSC_0553_DxO-300x199.jpg 300w, https:\/\/www.lesmonts.ch\/wp_fr\/wp-content\/uploads\/2024\/11\/DSC_0553_DxO-768x510.jpg 768w, https:\/\/www.lesmonts.ch\/wp_fr\/wp-content\/uploads\/2024\/11\/DSC_0553_DxO-1536x1020.jpg 1536w, https:\/\/www.lesmonts.ch\/wp_fr\/wp-content\/uploads\/2024\/11\/DSC_0553_DxO-2048x1361.jpg 2048w\" sizes=\"auto, (max-width: 1024px) 100vw, 1024px\" \/><\/a><figcaption class=\"wp-element-caption\"><strong>D\u00e9cembre<\/strong> : Hippopotames, Afrique du Sud<\/figcaption><\/figure>\n","protected":false},"excerpt":{"rendered":"<p>Ambiances animales Je vous propose quelques images d&rsquo;ambiance de nature, avec des animaux sauvages, qui vous apporteront leurs voeux chaque mois de cette ann\u00e9e.<\/p>\n","protected":false},"author":1,"featured_media":0,"parent":0,"menu_order":0,"comment_status":"closed","ping_status":"closed","template":"","meta":{"_crdt_document":"","ngg_post_thumbnail":0,"footnotes":""},"class_list":["post-12289","page","type-page","status-publish","hentry"],"_links":{"self":[{"href":"https:\/\/www.lesmonts.ch\/wp_fr\/wp-json\/wp\/v2\/pages\/12289","targetHints":{"allow":["GET"]}}],"collection":[{"href":"https:\/\/www.lesmonts.ch\/wp_fr\/wp-json\/wp\/v2\/pages"}],"about":[{"href":"https:\/\/www.lesmonts.ch\/wp_fr\/wp-json\/wp\/v2\/types\/page"}],"author":[{"embeddable":true,"href":"https:\/\/www.lesmonts.ch\/wp_fr\/wp-json\/wp\/v2\/users\/1"}],"replies":[{"embeddable":true,"href":"https:\/\/www.lesmonts.ch\/wp_fr\/wp-json\/wp\/v2\/comments?post=12289"}],"version-history":[{"count":7,"href":"https:\/\/www.lesmonts.ch\/wp_fr\/wp-json\/wp\/v2\/pages\/12289\/revisions"}],"predecessor-version":[{"id":12418,"href":"https:\/\/www.lesmonts.ch\/wp_fr\/wp-json\/wp\/v2\/pages\/12289\/revisions\/12418"}],"wp:attachment":[{"href":"https:\/\/www.lesmonts.ch\/wp_fr\/wp-json\/wp\/v2\/media?parent=12289"}],"curies":[{"name":"wp","href":"https:\/\/api.w.org\/{rel}","templated":true}]}}