{"id":11592,"date":"2023-03-11T16:48:01","date_gmt":"2023-03-11T15:48:01","guid":{"rendered":"https:\/\/www.lesmonts.ch\/wp_fr\/?page_id=11592"},"modified":"2023-03-11T16:48:02","modified_gmt":"2023-03-11T15:48:02","slug":"elucubrations-en-2022","status":"publish","type":"page","link":"https:\/\/www.lesmonts.ch\/wp_fr\/elucubrations-en-2022\/","title":{"rendered":"Elucubrations en 2022"},"content":{"rendered":"\n<p class=\"wp-block-paragraph\"><\/p>\n\n\n\n<p class=\"wp-block-paragraph\"><a href=\"https:\/\/www.lesmonts.ch\/wp_fr\/sporty-new-year\/\">SPORTY NEW YEAR<\/a> ! (6 janvier 2022)<\/p>\n\n\n\n<p class=\"wp-block-paragraph\"><a href=\"https:\/\/www.lesmonts.ch\/wp_fr\/climate-strike\/\">CLIMATE STRIKE<\/a> (19 f\u00e9vrier 2022)<\/p>\n\n\n\n<p class=\"wp-block-paragraph\"><a href=\"https:\/\/www.lesmonts.ch\/wp_fr\/le-clown-et-le-dictateur\/\">LE CLOWN ET LE DICTATEUR<\/a> (13 mars 2022)<\/p>\n\n\n\n<p class=\"wp-block-paragraph\"><a href=\"https:\/\/www.lesmonts.ch\/wp_fr\/crime-de-guerre\/\">CRIME DE GUERRE<\/a> (15 avril 2022)<\/p>\n\n\n\n<p class=\"wp-block-paragraph\"><a href=\"https:\/\/www.lesmonts.ch\/wp_fr\/obsolescence-programmee\/\">OBSOLESCENCE PROGRAMM\u00c9E<\/a> (5 mai 2022)<\/p>\n\n\n\n<p class=\"wp-block-paragraph\"><a href=\"https:\/\/www.lesmonts.ch\/wp_fr\/chf-2-000-000-000\/\">CHF 2 000 000 000<\/a> (22 mai 2022)<\/p>\n\n\n\n<p class=\"wp-block-paragraph\"><a href=\"https:\/\/www.lesmonts.ch\/wp_fr\/bien-sur-mais\/\">BIEN S\u00dbR, MAIS\u2026<\/a> (22 juin 2022)<\/p>\n\n\n\n<p class=\"wp-block-paragraph\"><a href=\"https:\/\/www.lesmonts.ch\/wp_fr\/les-femmes-de-stepford\/\">LES FEMMES DE STEPFORD <\/a>(30 juin 2022)<\/p>\n\n\n\n<p class=\"wp-block-paragraph\"><a href=\"https:\/\/www.lesmonts.ch\/wp_fr\/qr-prune\/\">QR-PRUNE<\/a> (7 juillet 2022)<\/p>\n\n\n\n<p class=\"wp-block-paragraph\"><a href=\"https:\/\/www.lesmonts.ch\/wp_fr\/saas-fee-clair-obscur\/\">SAAS FEE, CLAIR\/OBSCUR<\/a> (24 juillet 2022)<\/p>\n\n\n\n<p class=\"wp-block-paragraph\"><a href=\"https:\/\/www.lesmonts.ch\/wp_fr\/nice-nancy\/\">NICE NANCY<\/a> (19 ao\u00fbt 2022)<\/p>\n\n\n\n<p class=\"wp-block-paragraph\"><a href=\"https:\/\/www.lesmonts.ch\/wp_fr\/penuries\/\">P\u00c9NURIES !<\/a> (14 septembre 2022)<\/p>\n\n\n\n<p class=\"wp-block-paragraph\"><a href=\"https:\/\/www.lesmonts.ch\/wp_fr\/les-salauds-vont-ils-en-enfer\/\">LES SALAUDS VONT-ILS EN ENFER ?<\/a> (21 septembre 2022)<\/p>\n\n\n\n<p class=\"wp-block-paragraph\"><a href=\"https:\/\/www.lesmonts.ch\/wp_fr\/barre-a-tribord\/\">BARRE \u00c0 TRIBORD ! <\/a>(4 octobre 2022)<\/p>\n\n\n\n<p class=\"wp-block-paragraph\"><a href=\"https:\/\/www.lesmonts.ch\/wp_fr\/vieux-moi\/\">VIEUX ? MOI ? <\/a>(19 octobre 2022)<\/p>\n\n\n\n<p class=\"wp-block-paragraph\"><a href=\"https:\/\/www.lesmonts.ch\/wp_fr\/qa-marre\/\">QA-MARRE !<\/a> (12 novembre 2022)<\/p>\n\n\n\n<p class=\"wp-block-paragraph\"><a href=\"https:\/\/www.lesmonts.ch\/wp_fr\/eco-sceptiques\/\">ECO SCEPTIQUES<\/a> (23 novembre 2022)<\/p>\n\n\n\n<p class=\"wp-block-paragraph\"><a href=\"https:\/\/www.lesmonts.ch\/wp_fr\/le-petit-chaperon-rouge-2-0\/\">LE PETIT CHAPERON ROUGE 2.0<\/a> (17 d\u00e9cembre 2022)<\/p>\n\n\n\n<p class=\"wp-block-paragraph\"><\/p>\n\n\n\n<p class=\"wp-block-paragraph\"><\/p>\n\n\n\n<p class=\"wp-block-paragraph\"><\/p>\n\n\n\n<p class=\"wp-block-paragraph\"><\/p>\n\n\n\n<p class=\"wp-block-paragraph\"><\/p>\n\n\n\n<p class=\"wp-block-paragraph\"><\/p>\n","protected":false},"excerpt":{"rendered":"<p>SPORTY NEW YEAR ! (6 janvier 2022) CLIMATE STRIKE (19 f\u00e9vrier 2022) LE CLOWN ET LE DICTATEUR (13 mars 2022) CRIME DE GUERRE (15 avril 2022) OBSOLESCENCE PROGRAMM\u00c9E (5 mai 2022) CHF 2 000 000 000 (22 mai 2022) BIEN S\u00dbR, MAIS\u2026 (22 juin 2022) LES FEMMES DE STEPFORD (30 juin 2022) QR-PRUNE (7 juillet &hellip; <a href=\"https:\/\/www.lesmonts.ch\/wp_fr\/elucubrations-en-2022\/\" class=\"more-link\">Continuer la lecture de <span class=\"screen-reader-text\">Elucubrations en 2022<\/span>  <span class=\"meta-nav\">&rarr;<\/span><\/a><\/p>\n","protected":false},"author":1,"featured_media":0,"parent":0,"menu_order":0,"comment_status":"closed","ping_status":"closed","template":"","meta":{"_crdt_document":"","ngg_post_thumbnail":0,"footnotes":""},"class_list":["post-11592","page","type-page","status-publish","hentry"],"_links":{"self":[{"href":"https:\/\/www.lesmonts.ch\/wp_fr\/wp-json\/wp\/v2\/pages\/11592","targetHints":{"allow":["GET"]}}],"collection":[{"href":"https:\/\/www.lesmonts.ch\/wp_fr\/wp-json\/wp\/v2\/pages"}],"about":[{"href":"https:\/\/www.lesmonts.ch\/wp_fr\/wp-json\/wp\/v2\/types\/page"}],"author":[{"embeddable":true,"href":"https:\/\/www.lesmonts.ch\/wp_fr\/wp-json\/wp\/v2\/users\/1"}],"replies":[{"embeddable":true,"href":"https:\/\/www.lesmonts.ch\/wp_fr\/wp-json\/wp\/v2\/comments?post=11592"}],"version-history":[{"count":2,"href":"https:\/\/www.lesmonts.ch\/wp_fr\/wp-json\/wp\/v2\/pages\/11592\/revisions"}],"predecessor-version":[{"id":11594,"href":"https:\/\/www.lesmonts.ch\/wp_fr\/wp-json\/wp\/v2\/pages\/11592\/revisions\/11594"}],"wp:attachment":[{"href":"https:\/\/www.lesmonts.ch\/wp_fr\/wp-json\/wp\/v2\/media?parent=11592"}],"curies":[{"name":"wp","href":"https:\/\/api.w.org\/{rel}","templated":true}]}}