{"id":1156,"date":"2014-08-11T16:27:42","date_gmt":"2014-08-11T15:27:42","guid":{"rendered":"http:\/\/www.lesmonts.ch\/wp_fr\/?page_id=1156"},"modified":"2019-01-28T18:10:01","modified_gmt":"2019-01-28T17:10:01","slug":"las-vegas","status":"publish","type":"page","link":"https:\/\/www.lesmonts.ch\/wp_fr\/voyages\/etats-unis-parcs-nationaux\/las-vegas\/","title":{"rendered":"Las Vegas"},"content":{"rendered":"<p>Je n&rsquo;aurais pas choisi de visiter Las Vegas; il fallait rendre le camping car, et prendre l&rsquo;avion, deux opportunit\u00e9s offertes par Las Vegas. Alors&#8230; Et c&rsquo;\u00e9tait finalement tr\u00e8s bien ainsi. Passer du Yellowstone \u00e0 Las Vegas illustre mieux que n&rsquo;importe quel article de presse ou essai les contradictions des Etats-Unis d&rsquo;Am\u00e9rique. Las Vegas est une ville hors norme. Si chacun consommait comme le fait le citoyen moyen de Las Vegas, il faudrait une bonne dizaine de plan\u00e8tes Terre pour nous supporter tous. Parmi les dix plus grands h\u00f4tels de la plan\u00e8te, cinq sont \u00e0 Las Vegas ! Encore que dans les Emirats, on soit \u00e9galement en train d&rsquo;essayer de battre des records d&rsquo;absurdit\u00e9&#8230;<\/p>\n<p>Dans les h\u00f4tels de Las Vegas, vous trouverez des panneaux vous incitant \u00e0 \u00e9conomiser l&rsquo;eau, pr\u00e9cieuse dans le d\u00e9sert; on vous incite \u00e0 ne pas faire laver vos linges-\u00e9ponge inutilement. Ceci n&rsquo;est apparemment pas en contradiction avec les <a title=\"Golfs Las Vegas\" href=\"http:\/\/www.golf.com\/courses-and-travel\/best-golf-courses-las-vegas-nevada\" target=\"_blank\" rel=\"noopener\">nombreux golfs<\/a> autour de Las Vegas (situ\u00e9s en plein d\u00e9sert de l&rsquo;Arizona, ils sont irrigu\u00e9s par le lac Mead), ni avec les magnifiques fontaines et jeux d&rsquo;eau des grands h\u00f4tels comme le Venezian, o\u00f9 la seule \u00e9vaporation en \u00e9t\u00e9 doit repr\u00e9senter le volume d&rsquo;une honn\u00eate rivi\u00e8re&#8230;<\/p>\n<p>Ceci n&#8217;emp\u00eache toutefois pas de visiter la ville et d&rsquo;y jeter un regard incr\u00e9dule et tout de m\u00eame un peu \u00e9merveill\u00e9&#8230; A partir d&rsquo;un certain degr\u00e9, m\u00eame l&rsquo;absurdit\u00e9 devient admirable.<\/p>\nngg_shortcode_0_placeholder\n","protected":false},"excerpt":{"rendered":"<p>Je n&rsquo;aurais pas choisi de visiter Las Vegas; il fallait rendre le camping car, et prendre l&rsquo;avion, deux opportunit\u00e9s offertes par Las Vegas. Alors&#8230; Et c&rsquo;\u00e9tait finalement tr\u00e8s bien ainsi. Passer du Yellowstone \u00e0 Las Vegas illustre mieux que n&rsquo;importe quel article de presse ou essai les contradictions des Etats-Unis d&rsquo;Am\u00e9rique. Las Vegas est une &hellip; <a href=\"https:\/\/www.lesmonts.ch\/wp_fr\/voyages\/etats-unis-parcs-nationaux\/las-vegas\/\" class=\"more-link\">Continuer la lecture de <span class=\"screen-reader-text\">Las Vegas<\/span>  <span class=\"meta-nav\">&rarr;<\/span><\/a><\/p>\n","protected":false},"author":1,"featured_media":0,"parent":1004,"menu_order":0,"comment_status":"open","ping_status":"open","template":"","meta":{"_crdt_document":"","ngg_post_thumbnail":0,"footnotes":""},"class_list":["post-1156","page","type-page","status-publish","hentry"],"_links":{"self":[{"href":"https:\/\/www.lesmonts.ch\/wp_fr\/wp-json\/wp\/v2\/pages\/1156","targetHints":{"allow":["GET"]}}],"collection":[{"href":"https:\/\/www.lesmonts.ch\/wp_fr\/wp-json\/wp\/v2\/pages"}],"about":[{"href":"https:\/\/www.lesmonts.ch\/wp_fr\/wp-json\/wp\/v2\/types\/page"}],"author":[{"embeddable":true,"href":"https:\/\/www.lesmonts.ch\/wp_fr\/wp-json\/wp\/v2\/users\/1"}],"replies":[{"embeddable":true,"href":"https:\/\/www.lesmonts.ch\/wp_fr\/wp-json\/wp\/v2\/comments?post=1156"}],"version-history":[{"count":4,"href":"https:\/\/www.lesmonts.ch\/wp_fr\/wp-json\/wp\/v2\/pages\/1156\/revisions"}],"predecessor-version":[{"id":6224,"href":"https:\/\/www.lesmonts.ch\/wp_fr\/wp-json\/wp\/v2\/pages\/1156\/revisions\/6224"}],"up":[{"embeddable":true,"href":"https:\/\/www.lesmonts.ch\/wp_fr\/wp-json\/wp\/v2\/pages\/1004"}],"wp:attachment":[{"href":"https:\/\/www.lesmonts.ch\/wp_fr\/wp-json\/wp\/v2\/media?parent=1156"}],"curies":[{"name":"wp","href":"https:\/\/api.w.org\/{rel}","templated":true}]}}