{"id":1153,"date":"2014-08-11T16:19:08","date_gmt":"2014-08-11T15:19:08","guid":{"rendered":"http:\/\/www.lesmonts.ch\/wp_fr\/?page_id=1153"},"modified":"2014-08-12T09:18:36","modified_gmt":"2014-08-12T08:18:36","slug":"lake-mead-et-le-colorado","status":"publish","type":"page","link":"https:\/\/www.lesmonts.ch\/wp_fr\/voyages\/etats-unis-parcs-nationaux\/lake-mead-et-le-colorado\/","title":{"rendered":"Le Lake Mead et le Colorado"},"content":{"rendered":"<p>Le lake Mead est le r\u00e9sultat de l&rsquo;un des premiers grands barrages hydro-\u00e9lectrique (<a title=\"Barrage Hoover\" href=\"http:\/\/fr.wikipedia.org\/wiki\/Barrage_Hoover\" target=\"_blank\">Hoover Dam<\/a>)\u00a0 jamais \u00e9rig\u00e9; \u00e0 l&rsquo;\u00e9poque, il alimentait en eau et en \u00e9lectricit\u00e9 presque toute la Californie. B\u00e2ti entre1931 et 1936, durant la Grande D\u00e9pression, il fut inaugur\u00e9 par Roposevelt en 1936; la ville de Boulder City fut construite pour h\u00e9berger les ouvriers.<\/p>\n<p>Il repr\u00e9sente aussi actuellement un exemple des dangers que rec\u00e8le une exploitation incontr\u00f4l\u00e9e des ressources en eau. Situ\u00e9 dans une contr\u00e9e d\u00e9sertique, il a accru l&rsquo;\u00e9vaporation naturelle de l&rsquo;eau du Colorado (aid\u00e9 en cela par les autres barrages, comme le lake Powell) de mani\u00e8re drastique. L&rsquo;utilisation de l&rsquo;eau par las Vegas ainsi que le d\u00e9tournement de l&rsquo;eau par des canaux pour arroser Phoenix et d&rsquo;autres villes ont eu finalement raison du grand fleuve, qui ne parvient plus au golfe du Mexique, ou alors sous la forme d&rsquo;un filet d&rsquo;eau inutilisable par les riverains.<\/p>\n<p><a href=\"http:\/\/www.lesmonts.ch\/wp_fr\/wp-content\/uploads\/2014\/08\/DSC_9881.jpg\"><img loading=\"lazy\" decoding=\"async\" class=\"aligncenter size-medium wp-image-1406\" src=\"http:\/\/www.lesmonts.ch\/wp_fr\/wp-content\/uploads\/2014\/08\/DSC_9881-300x199.jpg\" alt=\"DSC_9881\" width=\"300\" height=\"199\" srcset=\"https:\/\/www.lesmonts.ch\/wp_fr\/wp-content\/uploads\/2014\/08\/DSC_9881-300x199.jpg 300w, https:\/\/www.lesmonts.ch\/wp_fr\/wp-content\/uploads\/2014\/08\/DSC_9881-1024x680.jpg 1024w, https:\/\/www.lesmonts.ch\/wp_fr\/wp-content\/uploads\/2014\/08\/DSC_9881.jpg 1400w\" sizes=\"auto, (max-width: 300px) 100vw, 300px\" \/><\/a><\/p>\n<p><a href=\"http:\/\/www.lesmonts.ch\/wp_fr\/wp-content\/uploads\/2014\/08\/DSC_9881F.jpg\"><img loading=\"lazy\" decoding=\"async\" class=\"aligncenter size-medium wp-image-1407\" src=\"http:\/\/www.lesmonts.ch\/wp_fr\/wp-content\/uploads\/2014\/08\/DSC_9881F-300x168.jpg\" alt=\"DSC_9881F\" width=\"300\" height=\"168\" srcset=\"https:\/\/www.lesmonts.ch\/wp_fr\/wp-content\/uploads\/2014\/08\/DSC_9881F-300x168.jpg 300w, https:\/\/www.lesmonts.ch\/wp_fr\/wp-content\/uploads\/2014\/08\/DSC_9881F-1024x574.jpg 1024w, https:\/\/www.lesmonts.ch\/wp_fr\/wp-content\/uploads\/2014\/08\/DSC_9881F.jpg 1400w\" sizes=\"auto, (max-width: 300px) 100vw, 300px\" \/><\/a><\/p>\n<p>&nbsp;<\/p>\n<p>Quand le camping o\u00f9 nous avons pass\u00e9 la nuit a \u00e9t\u00e9 construit, il \u00e9tait au bord du lac Mead; en 2012, il fallait marcher un bon kilom\u00e8tre pour atteindre le bord du lac ! Par ailleurs, l&rsquo;\u00e9vaporation et l&rsquo;abaissement du niveau du lac sont visibles sur les berges : le niveau a baiss\u00e9 d&rsquo;une trentaine de m\u00e8tres en quelques ann\u00e9es.<\/p>\n<p>&nbsp;<\/p>\n<p><a href=\"http:\/\/www.lesmonts.ch\/wp_fr\/wp-content\/uploads\/2014\/08\/DSC_9896.jpg\"><img loading=\"lazy\" decoding=\"async\" class=\"aligncenter size-medium wp-image-1408\" src=\"http:\/\/www.lesmonts.ch\/wp_fr\/wp-content\/uploads\/2014\/08\/DSC_9896-300x199.jpg\" alt=\"DSC_9896\" width=\"300\" height=\"199\" srcset=\"https:\/\/www.lesmonts.ch\/wp_fr\/wp-content\/uploads\/2014\/08\/DSC_9896-300x199.jpg 300w, https:\/\/www.lesmonts.ch\/wp_fr\/wp-content\/uploads\/2014\/08\/DSC_9896-1024x680.jpg 1024w, https:\/\/www.lesmonts.ch\/wp_fr\/wp-content\/uploads\/2014\/08\/DSC_9896.jpg 1400w\" sizes=\"auto, (max-width: 300px) 100vw, 300px\" \/><\/a><\/p>\n","protected":false},"excerpt":{"rendered":"<p>Le lake Mead est le r\u00e9sultat de l&rsquo;un des premiers grands barrages hydro-\u00e9lectrique (Hoover Dam)\u00a0 jamais \u00e9rig\u00e9; \u00e0 l&rsquo;\u00e9poque, il alimentait en eau et en \u00e9lectricit\u00e9 presque toute la Californie. B\u00e2ti entre1931 et 1936, durant la Grande D\u00e9pression, il fut inaugur\u00e9 par Roposevelt en 1936; la ville de Boulder City fut construite pour h\u00e9berger les &hellip; <a href=\"https:\/\/www.lesmonts.ch\/wp_fr\/voyages\/etats-unis-parcs-nationaux\/lake-mead-et-le-colorado\/\" class=\"more-link\">Continuer la lecture de <span class=\"screen-reader-text\">Le Lake Mead et le Colorado<\/span>  <span class=\"meta-nav\">&rarr;<\/span><\/a><\/p>\n","protected":false},"author":1,"featured_media":0,"parent":1004,"menu_order":0,"comment_status":"open","ping_status":"open","template":"","meta":{"_crdt_document":"","ngg_post_thumbnail":0,"footnotes":""},"class_list":["post-1153","page","type-page","status-publish","hentry"],"_links":{"self":[{"href":"https:\/\/www.lesmonts.ch\/wp_fr\/wp-json\/wp\/v2\/pages\/1153","targetHints":{"allow":["GET"]}}],"collection":[{"href":"https:\/\/www.lesmonts.ch\/wp_fr\/wp-json\/wp\/v2\/pages"}],"about":[{"href":"https:\/\/www.lesmonts.ch\/wp_fr\/wp-json\/wp\/v2\/types\/page"}],"author":[{"embeddable":true,"href":"https:\/\/www.lesmonts.ch\/wp_fr\/wp-json\/wp\/v2\/users\/1"}],"replies":[{"embeddable":true,"href":"https:\/\/www.lesmonts.ch\/wp_fr\/wp-json\/wp\/v2\/comments?post=1153"}],"version-history":[{"count":4,"href":"https:\/\/www.lesmonts.ch\/wp_fr\/wp-json\/wp\/v2\/pages\/1153\/revisions"}],"predecessor-version":[{"id":1409,"href":"https:\/\/www.lesmonts.ch\/wp_fr\/wp-json\/wp\/v2\/pages\/1153\/revisions\/1409"}],"up":[{"embeddable":true,"href":"https:\/\/www.lesmonts.ch\/wp_fr\/wp-json\/wp\/v2\/pages\/1004"}],"wp:attachment":[{"href":"https:\/\/www.lesmonts.ch\/wp_fr\/wp-json\/wp\/v2\/media?parent=1153"}],"curies":[{"name":"wp","href":"https:\/\/api.w.org\/{rel}","templated":true}]}}