{"id":1151,"date":"2014-08-11T16:11:22","date_gmt":"2014-08-11T15:11:22","guid":{"rendered":"http:\/\/www.lesmonts.ch\/wp_fr\/?page_id=1151"},"modified":"2019-01-28T18:08:55","modified_gmt":"2019-01-28T17:08:55","slug":"grand-canyon-du-colorado","status":"publish","type":"page","link":"https:\/\/www.lesmonts.ch\/wp_fr\/voyages\/etats-unis-parcs-nationaux\/grand-canyon-du-colorado\/","title":{"rendered":"Grand Canyon du Colorado"},"content":{"rendered":"<p>L&rsquo;un des embl\u00e8mes nationaux des Etats-Unis. Certainement pas le plus beau site des USA, mais tellement incontournable. Le point d&rsquo;observation Sud est le plus fr\u00e9quent\u00e9, et aussi le plus spectaculaire; en venant du Nord, il vaut la peine de passer par Lee&rsquo;s Ferry (un peu au Sud de Page, Lake Powell) pour visiter le passage historique du fleuve \u00e0 l&rsquo;\u00e9poque des pionniers de la conqu\u00eate de l&rsquo;Ouest : c&rsquo;est en effet le seul endroit \u00e0 plusieurs centaines de milles en amont ou en aval o\u00f9 l&rsquo;on pouvait \u00e0 l&rsquo;\u00e9poque atteindre les rives du Colorado et le traverser. C&rsquo;est aujourd&rsquo;hui encore le seul pont en amont du Hoover Dam.<\/p>\n<p>On atteint le Grand Canyon par l&rsquo;Est, \u00e0 Desert Point, avant d&rsquo;atteindre la station de Grand Canyon proprement dite et ses milliers de cars de touristes provenant de Las Vegas et de la c\u00f4te Ouest.<\/p>\n<p>La petite excursion en h\u00e9licopt\u00e8re au-dessus du Canyon est chaudement recommand\u00e9e.<\/p>\nngg_shortcode_0_placeholder\n","protected":false},"excerpt":{"rendered":"<p>L&rsquo;un des embl\u00e8mes nationaux des Etats-Unis. Certainement pas le plus beau site des USA, mais tellement incontournable. Le point d&rsquo;observation Sud est le plus fr\u00e9quent\u00e9, et aussi le plus spectaculaire; en venant du Nord, il vaut la peine de passer par Lee&rsquo;s Ferry (un peu au Sud de Page, Lake Powell) pour visiter le passage &hellip; <a href=\"https:\/\/www.lesmonts.ch\/wp_fr\/voyages\/etats-unis-parcs-nationaux\/grand-canyon-du-colorado\/\" class=\"more-link\">Continuer la lecture de <span class=\"screen-reader-text\">Grand Canyon du Colorado<\/span>  <span class=\"meta-nav\">&rarr;<\/span><\/a><\/p>\n","protected":false},"author":1,"featured_media":0,"parent":1004,"menu_order":0,"comment_status":"open","ping_status":"open","template":"","meta":{"_crdt_document":"","ngg_post_thumbnail":0,"footnotes":""},"class_list":["post-1151","page","type-page","status-publish","hentry"],"_links":{"self":[{"href":"https:\/\/www.lesmonts.ch\/wp_fr\/wp-json\/wp\/v2\/pages\/1151","targetHints":{"allow":["GET"]}}],"collection":[{"href":"https:\/\/www.lesmonts.ch\/wp_fr\/wp-json\/wp\/v2\/pages"}],"about":[{"href":"https:\/\/www.lesmonts.ch\/wp_fr\/wp-json\/wp\/v2\/types\/page"}],"author":[{"embeddable":true,"href":"https:\/\/www.lesmonts.ch\/wp_fr\/wp-json\/wp\/v2\/users\/1"}],"replies":[{"embeddable":true,"href":"https:\/\/www.lesmonts.ch\/wp_fr\/wp-json\/wp\/v2\/comments?post=1151"}],"version-history":[{"count":3,"href":"https:\/\/www.lesmonts.ch\/wp_fr\/wp-json\/wp\/v2\/pages\/1151\/revisions"}],"predecessor-version":[{"id":6223,"href":"https:\/\/www.lesmonts.ch\/wp_fr\/wp-json\/wp\/v2\/pages\/1151\/revisions\/6223"}],"up":[{"embeddable":true,"href":"https:\/\/www.lesmonts.ch\/wp_fr\/wp-json\/wp\/v2\/pages\/1004"}],"wp:attachment":[{"href":"https:\/\/www.lesmonts.ch\/wp_fr\/wp-json\/wp\/v2\/media?parent=1151"}],"curies":[{"name":"wp","href":"https:\/\/api.w.org\/{rel}","templated":true}]}}