{"id":1149,"date":"2014-08-11T16:07:23","date_gmt":"2014-08-11T15:07:23","guid":{"rendered":"http:\/\/www.lesmonts.ch\/wp_fr\/?page_id=1149"},"modified":"2019-01-28T18:07:58","modified_gmt":"2019-01-28T17:07:58","slug":"mesa-verde","status":"publish","type":"page","link":"https:\/\/www.lesmonts.ch\/wp_fr\/voyages\/etats-unis-parcs-nationaux\/mesa-verde\/","title":{"rendered":"Mesa Verde"},"content":{"rendered":"<p>Mesa Verde est un site t\u00e9moignant de l&rsquo;activit\u00e9 des indiens des pueblos. Situ\u00e9 dans une r\u00e9gion d\u00e9sertique, la Mesa est \u00e0 une altitude moyenne sup\u00e9rieure \u00e0 2000 m\u00e8tres. Comme souvent dans ces conditions, certaines pr\u00e9cautions doivent \u00eatre envisag\u00e9es lors de visites, ou de randonn\u00e9es, entre autres se munir imp\u00e9rativement de boissons.<\/p>\nngg_shortcode_0_placeholder\n","protected":false},"excerpt":{"rendered":"<p>Mesa Verde est un site t\u00e9moignant de l&rsquo;activit\u00e9 des indiens des pueblos. Situ\u00e9 dans une r\u00e9gion d\u00e9sertique, la Mesa est \u00e0 une altitude moyenne sup\u00e9rieure \u00e0 2000 m\u00e8tres. Comme souvent dans ces conditions, certaines pr\u00e9cautions doivent \u00eatre envisag\u00e9es lors de visites, ou de randonn\u00e9es, entre autres se munir imp\u00e9rativement de boissons.<\/p>\n","protected":false},"author":1,"featured_media":0,"parent":1004,"menu_order":0,"comment_status":"open","ping_status":"open","template":"","meta":{"_crdt_document":"","ngg_post_thumbnail":0,"footnotes":""},"class_list":["post-1149","page","type-page","status-publish","hentry"],"_links":{"self":[{"href":"https:\/\/www.lesmonts.ch\/wp_fr\/wp-json\/wp\/v2\/pages\/1149","targetHints":{"allow":["GET"]}}],"collection":[{"href":"https:\/\/www.lesmonts.ch\/wp_fr\/wp-json\/wp\/v2\/pages"}],"about":[{"href":"https:\/\/www.lesmonts.ch\/wp_fr\/wp-json\/wp\/v2\/types\/page"}],"author":[{"embeddable":true,"href":"https:\/\/www.lesmonts.ch\/wp_fr\/wp-json\/wp\/v2\/users\/1"}],"replies":[{"embeddable":true,"href":"https:\/\/www.lesmonts.ch\/wp_fr\/wp-json\/wp\/v2\/comments?post=1149"}],"version-history":[{"count":3,"href":"https:\/\/www.lesmonts.ch\/wp_fr\/wp-json\/wp\/v2\/pages\/1149\/revisions"}],"predecessor-version":[{"id":6222,"href":"https:\/\/www.lesmonts.ch\/wp_fr\/wp-json\/wp\/v2\/pages\/1149\/revisions\/6222"}],"up":[{"embeddable":true,"href":"https:\/\/www.lesmonts.ch\/wp_fr\/wp-json\/wp\/v2\/pages\/1004"}],"wp:attachment":[{"href":"https:\/\/www.lesmonts.ch\/wp_fr\/wp-json\/wp\/v2\/media?parent=1149"}],"curies":[{"name":"wp","href":"https:\/\/api.w.org\/{rel}","templated":true}]}}