{"id":1145,"date":"2014-08-11T15:59:09","date_gmt":"2014-08-11T14:59:09","guid":{"rendered":"http:\/\/www.lesmonts.ch\/wp_fr\/?page_id=1145"},"modified":"2019-01-28T17:59:43","modified_gmt":"2019-01-28T16:59:43","slug":"lake-powell","status":"publish","type":"page","link":"https:\/\/www.lesmonts.ch\/wp_fr\/voyages\/etats-unis-parcs-nationaux\/lake-powell\/","title":{"rendered":"Lake Powell"},"content":{"rendered":"<p>Le lake Powell n&rsquo;est pas \u00e0 proprement parler un parc national, mais situ\u00e9 sur le Colorado, c&rsquo;est un lieu de d\u00e9couverte impressionant. Le seul Antelope canyon m\u00e9riterait le d\u00e9placement; mais il y a beaucoup plus \u00e0 voir autour du lake Powell.<\/p>\nngg_shortcode_0_placeholder\n","protected":false},"excerpt":{"rendered":"<p>Le lake Powell n&rsquo;est pas \u00e0 proprement parler un parc national, mais situ\u00e9 sur le Colorado, c&rsquo;est un lieu de d\u00e9couverte impressionant. Le seul Antelope canyon m\u00e9riterait le d\u00e9placement; mais il y a beaucoup plus \u00e0 voir autour du lake Powell. &nbsp;<\/p>\n","protected":false},"author":1,"featured_media":0,"parent":1004,"menu_order":0,"comment_status":"open","ping_status":"open","template":"","meta":{"_crdt_document":"","ngg_post_thumbnail":0,"footnotes":""},"class_list":["post-1145","page","type-page","status-publish","hentry"],"_links":{"self":[{"href":"https:\/\/www.lesmonts.ch\/wp_fr\/wp-json\/wp\/v2\/pages\/1145","targetHints":{"allow":["GET"]}}],"collection":[{"href":"https:\/\/www.lesmonts.ch\/wp_fr\/wp-json\/wp\/v2\/pages"}],"about":[{"href":"https:\/\/www.lesmonts.ch\/wp_fr\/wp-json\/wp\/v2\/types\/page"}],"author":[{"embeddable":true,"href":"https:\/\/www.lesmonts.ch\/wp_fr\/wp-json\/wp\/v2\/users\/1"}],"replies":[{"embeddable":true,"href":"https:\/\/www.lesmonts.ch\/wp_fr\/wp-json\/wp\/v2\/comments?post=1145"}],"version-history":[{"count":3,"href":"https:\/\/www.lesmonts.ch\/wp_fr\/wp-json\/wp\/v2\/pages\/1145\/revisions"}],"predecessor-version":[{"id":6218,"href":"https:\/\/www.lesmonts.ch\/wp_fr\/wp-json\/wp\/v2\/pages\/1145\/revisions\/6218"}],"up":[{"embeddable":true,"href":"https:\/\/www.lesmonts.ch\/wp_fr\/wp-json\/wp\/v2\/pages\/1004"}],"wp:attachment":[{"href":"https:\/\/www.lesmonts.ch\/wp_fr\/wp-json\/wp\/v2\/media?parent=1145"}],"curies":[{"name":"wp","href":"https:\/\/api.w.org\/{rel}","templated":true}]}}