{"id":1142,"date":"2014-08-11T15:55:21","date_gmt":"2014-08-11T14:55:21","guid":{"rendered":"http:\/\/www.lesmonts.ch\/wp_fr\/?page_id=1142"},"modified":"2019-01-28T18:07:07","modified_gmt":"2019-01-28T17:07:07","slug":"arches","status":"publish","type":"page","link":"https:\/\/www.lesmonts.ch\/wp_fr\/voyages\/etats-unis-parcs-nationaux\/arches\/","title":{"rendered":"Arches"},"content":{"rendered":"<p>Arches est situ\u00e9 pr\u00e8s de Moab, la cit\u00e9 des sports extr\u00eames des Etats-Unis. Ce parc national c\u00f4toie le parc de Canyonlands, et se trouve le long du cours sup\u00e9rieur du fleuve Colorado.<\/p>\n<p>Arches est une immense sculpture de pierre, dont le plus c\u00e9l\u00e8bre \u00e9l\u00e9ment est sans doute Delicate Arch, qui constitue aussi l\u2019embl\u00e8me de l&rsquo;\u00e9tat de l&rsquo;Utah.<\/p>\nngg_shortcode_0_placeholder\n","protected":false},"excerpt":{"rendered":"<p>Arches est situ\u00e9 pr\u00e8s de Moab, la cit\u00e9 des sports extr\u00eames des Etats-Unis. Ce parc national c\u00f4toie le parc de Canyonlands, et se trouve le long du cours sup\u00e9rieur du fleuve Colorado. Arches est une immense sculpture de pierre, dont le plus c\u00e9l\u00e8bre \u00e9l\u00e9ment est sans doute Delicate Arch, qui constitue aussi l\u2019embl\u00e8me de l&rsquo;\u00e9tat &hellip; <a href=\"https:\/\/www.lesmonts.ch\/wp_fr\/voyages\/etats-unis-parcs-nationaux\/arches\/\" class=\"more-link\">Continuer la lecture de <span class=\"screen-reader-text\">Arches<\/span>  <span class=\"meta-nav\">&rarr;<\/span><\/a><\/p>\n","protected":false},"author":1,"featured_media":0,"parent":1004,"menu_order":0,"comment_status":"open","ping_status":"open","template":"","meta":{"_crdt_document":"","ngg_post_thumbnail":0,"footnotes":""},"class_list":["post-1142","page","type-page","status-publish","hentry"],"_links":{"self":[{"href":"https:\/\/www.lesmonts.ch\/wp_fr\/wp-json\/wp\/v2\/pages\/1142","targetHints":{"allow":["GET"]}}],"collection":[{"href":"https:\/\/www.lesmonts.ch\/wp_fr\/wp-json\/wp\/v2\/pages"}],"about":[{"href":"https:\/\/www.lesmonts.ch\/wp_fr\/wp-json\/wp\/v2\/types\/page"}],"author":[{"embeddable":true,"href":"https:\/\/www.lesmonts.ch\/wp_fr\/wp-json\/wp\/v2\/users\/1"}],"replies":[{"embeddable":true,"href":"https:\/\/www.lesmonts.ch\/wp_fr\/wp-json\/wp\/v2\/comments?post=1142"}],"version-history":[{"count":3,"href":"https:\/\/www.lesmonts.ch\/wp_fr\/wp-json\/wp\/v2\/pages\/1142\/revisions"}],"predecessor-version":[{"id":6221,"href":"https:\/\/www.lesmonts.ch\/wp_fr\/wp-json\/wp\/v2\/pages\/1142\/revisions\/6221"}],"up":[{"embeddable":true,"href":"https:\/\/www.lesmonts.ch\/wp_fr\/wp-json\/wp\/v2\/pages\/1004"}],"wp:attachment":[{"href":"https:\/\/www.lesmonts.ch\/wp_fr\/wp-json\/wp\/v2\/media?parent=1142"}],"curies":[{"name":"wp","href":"https:\/\/api.w.org\/{rel}","templated":true}]}}