{"id":10564,"date":"2022-04-18T13:17:35","date_gmt":"2022-04-18T11:17:35","guid":{"rendered":"https:\/\/www.lesmonts.ch\/wp_fr\/?page_id=10564"},"modified":"2022-04-18T13:17:36","modified_gmt":"2022-04-18T11:17:36","slug":"elucubrations-en-2021","status":"publish","type":"page","link":"https:\/\/www.lesmonts.ch\/wp_fr\/elucubrations-en-2021\/","title":{"rendered":"ELUCUBRATIONS EN 2021"},"content":{"rendered":"\n<p class=\"wp-block-paragraph\"><a href=\"https:\/\/www.lesmonts.ch\/wp_fr\/?p=8896\">ZONE DE NON-DROIT<\/a> (17 janvier 2021)<\/p>\n\n\n\n<p class=\"wp-block-paragraph\"><a href=\"https:\/\/www.lesmonts.ch\/wp_fr\/?p=8901\">BURQA BLUES <\/a>(21 janvier 2021)<\/p>\n\n\n\n<p class=\"wp-block-paragraph\"><a href=\"https:\/\/www.lesmonts.ch\/wp_fr\/?p=9144\">(SUPER-) MARCH\u00c9<\/a> (15 f\u00e9vrier 2021)<\/p>\n\n\n\n<p class=\"wp-block-paragraph\"><a href=\"https:\/\/www.lesmonts.ch\/wp_fr\/?p=8894\">HISTOIRES DE VACCINS <\/a>(25 f\u00e9vrier 2021)<\/p>\n\n\n\n<p class=\"wp-block-paragraph\"><a href=\"https:\/\/www.lesmonts.ch\/wp_fr\/?p=8810\">POLLUEUR PAYEUR<\/a>\u2026 (28 avril 2021)<\/p>\n\n\n\n<p class=\"wp-block-paragraph\"><a href=\"https:\/\/www.lesmonts.ch\/wp_fr\/?p=8737\">AI\u2026E<\/a> (10 juin 2021)<\/p>\n\n\n\n<p class=\"wp-block-paragraph\"><a href=\"https:\/\/www.lesmonts.ch\/wp_fr\/?p=9283\">AUTOGOAL <\/a>(3 juillet 2021)<\/p>\n\n\n\n<p class=\"wp-block-paragraph\"><a href=\"https:\/\/www.lesmonts.ch\/wp_fr\/?p=9297\">EVALUATIONS <\/a>(26 juillet 2021)<\/p>\n\n\n\n<p class=\"wp-block-paragraph\"><a href=\"https:\/\/www.lesmonts.ch\/wp_fr\/?p=9328\">EXPLOIT <\/a>(29 juillet 2021)<\/p>\n\n\n\n<p class=\"wp-block-paragraph\"><a href=\"https:\/\/www.lesmonts.ch\/wp_fr\/?p=9268\">D\u00c9MOCRATIE ET \u00c9COLOGIE <\/a>(8 ao\u00fbt 2021)<\/p>\n\n\n\n<p class=\"wp-block-paragraph\"><a href=\"https:\/\/www.lesmonts.ch\/wp_fr\/?p=9377\">R\u00c9P\u00c9TITION <\/a>(19 ao\u00fbt 2021)<\/p>\n\n\n\n<p class=\"wp-block-paragraph\"><a href=\"https:\/\/www.lesmonts.ch\/wp_fr\/?p=9409\">SI DYLAN\u2026<\/a> (20 septembre 2021)<\/p>\n\n\n\n<p class=\"wp-block-paragraph\"><a href=\"https:\/\/www.lesmonts.ch\/wp_fr\/?p=9439\">BITCOINS <\/a>(28 septembre 2021)<\/p>\n\n\n\n<p class=\"wp-block-paragraph\"><a href=\"https:\/\/www.lesmonts.ch\/wp_fr\/?p=9441\">DUMMHEITSTRYCHLER <\/a>(1 octobre 2021)<\/p>\n\n\n\n<p class=\"wp-block-paragraph\"><a href=\"https:\/\/www.lesmonts.ch\/wp_fr\/?p=9465\">PAS TOUT COMPRIS\u2026<\/a> (21 octobre 2021)<\/p>\n\n\n\n<p class=\"wp-block-paragraph\"><a href=\"https:\/\/www.lesmonts.ch\/wp_fr\/?p=9494\">ANTICIPATION<\/a> (11 novembre 2021)<\/p>\n\n\n\n<p class=\"wp-block-paragraph\"><a href=\"https:\/\/www.lesmonts.ch\/wp_fr\/?p=9596\">FONDATION <\/a>(18 novembre 2021)<\/p>\n\n\n\n<p class=\"wp-block-paragraph\"><a href=\"https:\/\/www.lesmonts.ch\/wp_fr\/?p=9689\">TRANSITION \u00c9NERG\u00c9TIQUE<\/a> (16 d\u00e9cembre 2021)<\/p>\n\n\n\n<p class=\"wp-block-paragraph\"><a href=\"https:\/\/www.lesmonts.ch\/wp_fr\/?p=9949\">M\u00c9TAVERS <\/a>(19 d\u00e9cembre 2021)<\/p>\n","protected":false},"excerpt":{"rendered":"<p>ZONE DE NON-DROIT (17 janvier 2021) BURQA BLUES (21 janvier 2021) (SUPER-) MARCH\u00c9 (15 f\u00e9vrier 2021) HISTOIRES DE VACCINS (25 f\u00e9vrier 2021) POLLUEUR PAYEUR\u2026 (28 avril 2021) AI\u2026E (10 juin 2021) AUTOGOAL (3 juillet 2021) EVALUATIONS (26 juillet 2021) EXPLOIT (29 juillet 2021) D\u00c9MOCRATIE ET \u00c9COLOGIE (8 ao\u00fbt 2021) R\u00c9P\u00c9TITION (19 ao\u00fbt 2021) SI DYLAN\u2026 &hellip; <a href=\"https:\/\/www.lesmonts.ch\/wp_fr\/elucubrations-en-2021\/\" class=\"more-link\">Continuer la lecture de <span class=\"screen-reader-text\">ELUCUBRATIONS EN 2021<\/span>  <span class=\"meta-nav\">&rarr;<\/span><\/a><\/p>\n","protected":false},"author":1,"featured_media":0,"parent":0,"menu_order":0,"comment_status":"closed","ping_status":"closed","template":"","meta":{"_crdt_document":"","ngg_post_thumbnail":0,"footnotes":""},"class_list":["post-10564","page","type-page","status-publish","hentry"],"_links":{"self":[{"href":"https:\/\/www.lesmonts.ch\/wp_fr\/wp-json\/wp\/v2\/pages\/10564","targetHints":{"allow":["GET"]}}],"collection":[{"href":"https:\/\/www.lesmonts.ch\/wp_fr\/wp-json\/wp\/v2\/pages"}],"about":[{"href":"https:\/\/www.lesmonts.ch\/wp_fr\/wp-json\/wp\/v2\/types\/page"}],"author":[{"embeddable":true,"href":"https:\/\/www.lesmonts.ch\/wp_fr\/wp-json\/wp\/v2\/users\/1"}],"replies":[{"embeddable":true,"href":"https:\/\/www.lesmonts.ch\/wp_fr\/wp-json\/wp\/v2\/comments?post=10564"}],"version-history":[{"count":2,"href":"https:\/\/www.lesmonts.ch\/wp_fr\/wp-json\/wp\/v2\/pages\/10564\/revisions"}],"predecessor-version":[{"id":10566,"href":"https:\/\/www.lesmonts.ch\/wp_fr\/wp-json\/wp\/v2\/pages\/10564\/revisions\/10566"}],"wp:attachment":[{"href":"https:\/\/www.lesmonts.ch\/wp_fr\/wp-json\/wp\/v2\/media?parent=10564"}],"curies":[{"name":"wp","href":"https:\/\/api.w.org\/{rel}","templated":true}]}}