{"id":1016,"date":"2014-08-11T14:34:45","date_gmt":"2014-08-11T13:34:45","guid":{"rendered":"http:\/\/www.lesmonts.ch\/wp_fr\/?page_id=1016"},"modified":"2019-01-28T18:02:10","modified_gmt":"2019-01-28T17:02:10","slug":"yellowstone","status":"publish","type":"page","link":"https:\/\/www.lesmonts.ch\/wp_fr\/voyages\/etats-unis-parcs-nationaux\/yellowstone\/","title":{"rendered":"Yellowstone"},"content":{"rendered":"<p>Le Yellowstone est le plus ancien, mais aussi l&rsquo;un des plus spectaculaires parcs nationaux des Etats-Unis. Enti\u00e8rement situ\u00e9 dans la caldera d&rsquo;un ancien super-volcan dont d&rsquo;aucuns pr\u00e9disent le r\u00e9veil prochain, il fourmille de sites exceptionnels par l&rsquo;\u00e9tranget\u00e9 des images qu&rsquo;ils nous proposent. Arriver au Yellowstone par l&rsquo;entr\u00e9e Ouest, depuis Salt Lake City (Utah), est sans doute une bonne id\u00e9e, qui permet d&rsquo;admirer au passage le grand Lac Sal\u00e9.<\/p>\n<p><a href=\"http:\/\/www.lesmonts.ch\/wp_fr\/wp-content\/uploads\/2014\/08\/SaltLakesm.jpg\"><img loading=\"lazy\" decoding=\"async\" class=\"aligncenter size-medium wp-image-1017\" src=\"http:\/\/www.lesmonts.ch\/wp_fr\/wp-content\/uploads\/2014\/08\/SaltLakesm-300x64.jpg\" alt=\"SaltLakesm\" width=\"300\" height=\"64\" srcset=\"https:\/\/www.lesmonts.ch\/wp_fr\/wp-content\/uploads\/2014\/08\/SaltLakesm-300x64.jpg 300w, https:\/\/www.lesmonts.ch\/wp_fr\/wp-content\/uploads\/2014\/08\/SaltLakesm-1024x221.jpg 1024w\" sizes=\"auto, (max-width: 300px) 100vw, 300px\" \/><\/a>D\u00e9s Madison, le parcours dans le Yellowstone est plus ou moins impos\u00e9 par la route et les emplacements de camping. Octobre est une excellente saison pour visiter les parcs, mais au Yellowstone, certains emplacements de camping ont des disponibilit\u00e9s limit\u00e9es en raison de l&rsquo;hiver approchant.<\/p>\n<p><a href=\"http:\/\/www.lesmonts.ch\/wp_fr\/wp-content\/uploads\/2014\/08\/Bisonssm.jpg\"><img loading=\"lazy\" decoding=\"async\" class=\"aligncenter size-medium wp-image-1018\" src=\"http:\/\/www.lesmonts.ch\/wp_fr\/wp-content\/uploads\/2014\/08\/Bisonssm-300x32.jpg\" alt=\"Bisonssm\" width=\"300\" height=\"32\" srcset=\"https:\/\/www.lesmonts.ch\/wp_fr\/wp-content\/uploads\/2014\/08\/Bisonssm-300x32.jpg 300w, https:\/\/www.lesmonts.ch\/wp_fr\/wp-content\/uploads\/2014\/08\/Bisonssm-1024x109.jpg 1024w\" sizes=\"auto, (max-width: 300px) 100vw, 300px\" \/><\/a>Autre inconv\u00e9nient en octobre, si les bisons sont nombreux, les chances d&rsquo;apercevoir un grizzly sont faibles : la plupart se pr\u00e9parent \u00e0 l&rsquo;hibernation. Pour compenser, les moustiques et les visiteurs sont eux aussi beaucoup moins nombreux, ce qui est appr\u00e9ciable !<\/p>\n<p><a href=\"http:\/\/www.lesmonts.ch\/wp_fr\/wp-content\/uploads\/2014\/08\/LakeYellowStonesm.jpg\"><img loading=\"lazy\" decoding=\"async\" class=\"aligncenter size-medium wp-image-1019\" src=\"http:\/\/www.lesmonts.ch\/wp_fr\/wp-content\/uploads\/2014\/08\/LakeYellowStonesm-300x75.jpg\" alt=\"LakeYellowStonesm\" width=\"300\" height=\"75\" srcset=\"https:\/\/www.lesmonts.ch\/wp_fr\/wp-content\/uploads\/2014\/08\/LakeYellowStonesm-300x75.jpg 300w, https:\/\/www.lesmonts.ch\/wp_fr\/wp-content\/uploads\/2014\/08\/LakeYellowStonesm-1024x259.jpg 1024w, https:\/\/www.lesmonts.ch\/wp_fr\/wp-content\/uploads\/2014\/08\/LakeYellowStonesm.jpg 2000w\" sizes=\"auto, (max-width: 300px) 100vw, 300px\" \/><\/a>Un lac recouvre le fond de la caldera; en fin de saison, certaines routes ferment en raison de l&rsquo;approche de la neige, en particulier la route du Mont Washburn (portion du Grand Loop Road) que l&rsquo;on atteint en remontant Hayden Valley. Cette route m\u00eane directement \u00e0 Lamar Valley, ou \u00e0 Mammoth Hot Springs.<\/p>\n<p><a href=\"http:\/\/www.lesmonts.ch\/wp_fr\/wp-content\/uploads\/2014\/08\/HaydenValleysm.jpg\"><img loading=\"lazy\" decoding=\"async\" class=\"aligncenter size-medium wp-image-1020\" src=\"http:\/\/www.lesmonts.ch\/wp_fr\/wp-content\/uploads\/2014\/08\/HaydenValleysm-300x53.jpg\" alt=\"HaydenValleysm\" width=\"300\" height=\"53\" srcset=\"https:\/\/www.lesmonts.ch\/wp_fr\/wp-content\/uploads\/2014\/08\/HaydenValleysm-300x53.jpg 300w, https:\/\/www.lesmonts.ch\/wp_fr\/wp-content\/uploads\/2014\/08\/HaydenValleysm-1024x182.jpg 1024w, https:\/\/www.lesmonts.ch\/wp_fr\/wp-content\/uploads\/2014\/08\/HaydenValleysm.jpg 2000w\" sizes=\"auto, (max-width: 300px) 100vw, 300px\" \/><\/a>Au Nord du parc se trouvent les Mammoth Hot Springs; spectaculaires sources d&rsquo;eau chaude, leur aspect varie avec le temps; elles \u00e9taient d&rsquo;un d\u00e9bit tr\u00e8s r\u00e9duit en 2012.<\/p>\n<p><a href=\"http:\/\/www.lesmonts.ch\/wp_fr\/wp-content\/uploads\/2014\/08\/Mammothsm.jpg\"><img loading=\"lazy\" decoding=\"async\" class=\"aligncenter size-medium wp-image-1021\" src=\"http:\/\/www.lesmonts.ch\/wp_fr\/wp-content\/uploads\/2014\/08\/Mammothsm-300x85.jpg\" alt=\"Mammothsm\" width=\"300\" height=\"85\" srcset=\"https:\/\/www.lesmonts.ch\/wp_fr\/wp-content\/uploads\/2014\/08\/Mammothsm-300x85.jpg 300w, https:\/\/www.lesmonts.ch\/wp_fr\/wp-content\/uploads\/2014\/08\/Mammothsm-1024x292.jpg 1024w, https:\/\/www.lesmonts.ch\/wp_fr\/wp-content\/uploads\/2014\/08\/Mammothsm.jpg 2000w\" sizes=\"auto, (max-width: 300px) 100vw, 300px\" \/><\/a>Une possibilit\u00e9 int\u00e9ressante est de sortir par le sud du parc pour encha\u00eener avec le parc national des Grand Teton; mais l\u00e0 aussi, il faut compter avec la neige possible en fin de saison.<\/p>\nngg_shortcode_0_placeholder\n","protected":false},"excerpt":{"rendered":"<p>Le Yellowstone est le plus ancien, mais aussi l&rsquo;un des plus spectaculaires parcs nationaux des Etats-Unis. Enti\u00e8rement situ\u00e9 dans la caldera d&rsquo;un ancien super-volcan dont d&rsquo;aucuns pr\u00e9disent le r\u00e9veil prochain, il fourmille de sites exceptionnels par l&rsquo;\u00e9tranget\u00e9 des images qu&rsquo;ils nous proposent. Arriver au Yellowstone par l&rsquo;entr\u00e9e Ouest, depuis Salt Lake City (Utah), est sans &hellip; <a href=\"https:\/\/www.lesmonts.ch\/wp_fr\/voyages\/etats-unis-parcs-nationaux\/yellowstone\/\" class=\"more-link\">Continuer la lecture de <span class=\"screen-reader-text\">Yellowstone<\/span>  <span class=\"meta-nav\">&rarr;<\/span><\/a><\/p>\n","protected":false},"author":1,"featured_media":0,"parent":1004,"menu_order":0,"comment_status":"open","ping_status":"open","template":"","meta":{"_crdt_document":"","ngg_post_thumbnail":0,"footnotes":""},"class_list":["post-1016","page","type-page","status-publish","hentry"],"_links":{"self":[{"href":"https:\/\/www.lesmonts.ch\/wp_fr\/wp-json\/wp\/v2\/pages\/1016","targetHints":{"allow":["GET"]}}],"collection":[{"href":"https:\/\/www.lesmonts.ch\/wp_fr\/wp-json\/wp\/v2\/pages"}],"about":[{"href":"https:\/\/www.lesmonts.ch\/wp_fr\/wp-json\/wp\/v2\/types\/page"}],"author":[{"embeddable":true,"href":"https:\/\/www.lesmonts.ch\/wp_fr\/wp-json\/wp\/v2\/users\/1"}],"replies":[{"embeddable":true,"href":"https:\/\/www.lesmonts.ch\/wp_fr\/wp-json\/wp\/v2\/comments?post=1016"}],"version-history":[{"count":4,"href":"https:\/\/www.lesmonts.ch\/wp_fr\/wp-json\/wp\/v2\/pages\/1016\/revisions"}],"predecessor-version":[{"id":6220,"href":"https:\/\/www.lesmonts.ch\/wp_fr\/wp-json\/wp\/v2\/pages\/1016\/revisions\/6220"}],"up":[{"embeddable":true,"href":"https:\/\/www.lesmonts.ch\/wp_fr\/wp-json\/wp\/v2\/pages\/1004"}],"wp:attachment":[{"href":"https:\/\/www.lesmonts.ch\/wp_fr\/wp-json\/wp\/v2\/media?parent=1016"}],"curies":[{"name":"wp","href":"https:\/\/api.w.org\/{rel}","templated":true}]}}