{"id":1007,"date":"2014-08-11T10:40:16","date_gmt":"2014-08-11T09:40:16","guid":{"rendered":"http:\/\/www.lesmonts.ch\/wp_fr\/?page_id=1007"},"modified":"2014-10-04T16:16:30","modified_gmt":"2014-10-04T15:16:30","slug":"le-parc-kruger","status":"publish","type":"page","link":"https:\/\/www.lesmonts.ch\/wp_fr\/voyages\/le-parc-kruger\/","title":{"rendered":"Le parc Kr\u00fcger"},"content":{"rendered":"<p><a href=\"http:\/\/www.lesmonts.ch\/wp_fr\/wp-content\/uploads\/2014\/08\/RSA.png\"><img loading=\"lazy\" decoding=\"async\" class=\"aligncenter size-full wp-image-3535\" src=\"http:\/\/www.lesmonts.ch\/wp_fr\/wp-content\/uploads\/2014\/08\/RSA.png\" alt=\"RSA\" width=\"110\" height=\"73\" \/><\/a>Un parc magnifique en Afrique du Sud, o\u00f9 il vaut la peine pour les passionn\u00e9s d&rsquo;animaux, de passer un peu de temps (au moins deux semaines, je pense). Pour utiliser les camps officiels du parc, il faut r\u00e9server longtemps \u00e0 l&rsquo;avance; mais il existe des camps priv\u00e9s, situ\u00e9s autour du parc ou \u00e0 l&rsquo;int\u00e9rieur du parc, qui offrent \u00e9galement la prise en charge compl\u00e8te avec guides, et un confort parfois sup\u00e9rieur (\u00e0 un prix en proportion d&rsquo;ailleurs). Par ailleurs, les camps officiels sont tout \u00e0 fait confortables et tr\u00e8s bien situ\u00e9s pour la plupart d&rsquo;entre eux.<\/p>\n<p>Les camps fr\u00e9quent\u00e9s dans le parc lors de notre visite en 2013 furent <a title=\"BergAndDal\" href=\"http:\/\/www.lesmonts.ch\/wp_fr\/?page_id=1500\">Berg-En-Dal<\/a>, <a title=\"Lower Sabie\" href=\"http:\/\/www.lesmonts.ch\/wp_fr\/?page_id=1502\">Lower Sabie<\/a>, <a title=\"Olifants\" href=\"http:\/\/www.lesmonts.ch\/wp_fr\/?page_id=1504\">Olifants<\/a>, <a title=\"Mopani\" href=\"http:\/\/www.lesmonts.ch\/wp_fr\/?page_id=1506\">Mopani<\/a>, <a title=\"Satara\" href=\"http:\/\/www.lesmonts.ch\/wp_fr\/?page_id=1508\">Satara<\/a>, <a title=\"Pretoriuskop\" href=\"http:\/\/www.lesmonts.ch\/wp_fr\/?page_id=1510\">Pretoriuskop <\/a>et <a title=\"Skukuza\" href=\"http:\/\/www.lesmonts.ch\/wp_fr\/?page_id=1512\">Skukuza<\/a>.<\/p>\n<p>La carte suivante est la <a title=\"Kr\u00fcger Park : Map\" href=\"http:\/\/www.sanparks.org\/parks\/kruger\/tourism\/map.php\" target=\"_blank\">carte officielle du parc Kr\u00fcger<\/a> et a \u00e9t\u00e9 t\u00e9l\u00e9charg\u00e9e du <a title=\"Kr\u00fcger National Park\" href=\"http:\/\/www.sanparks.org\/parks\/kruger\/\" target=\"_blank\">site officiel<\/a>.<\/p>\n<p><a href=\"http:\/\/www.lesmonts.ch\/wp_fr\/wp-content\/uploads\/2014\/08\/Kruger.png\"><img loading=\"lazy\" decoding=\"async\" class=\"aligncenter size-medium wp-image-1516\" src=\"http:\/\/www.lesmonts.ch\/wp_fr\/wp-content\/uploads\/2014\/08\/Kruger-115x300.png\" alt=\"Kruger\" width=\"115\" height=\"300\" srcset=\"https:\/\/www.lesmonts.ch\/wp_fr\/wp-content\/uploads\/2014\/08\/Kruger-115x300.png 115w, https:\/\/www.lesmonts.ch\/wp_fr\/wp-content\/uploads\/2014\/08\/Kruger-394x1024.png 394w, https:\/\/www.lesmonts.ch\/wp_fr\/wp-content\/uploads\/2014\/08\/Kruger.png 834w\" sizes=\"auto, (max-width: 115px) 100vw, 115px\" \/><\/a><\/p>\n<p>Pour ceux qui envisagent un tel voyage, en 2013, \u00e0 huit personnes,\u00a0 sur trois semaines, en louant un minibus pour les d\u00e9placements dans le parc et sans trop se pr\u00e9occuper d&rsquo;\u00e9conomies, on arrive \u00e0 un budget (arrondi vers le haut) d&rsquo;environ CHF 5000.- par personne, y compris une visite de une semaine au Sud, au Cap de Bonne-Esp\u00e9rance et \u00e0 Capetown et environs.<\/p>\n","protected":false},"excerpt":{"rendered":"<p>Un parc magnifique en Afrique du Sud, o\u00f9 il vaut la peine pour les passionn\u00e9s d&rsquo;animaux, de passer un peu de temps (au moins deux semaines, je pense). Pour utiliser les camps officiels du parc, il faut r\u00e9server longtemps \u00e0 l&rsquo;avance; mais il existe des camps priv\u00e9s, situ\u00e9s autour du parc ou \u00e0 l&rsquo;int\u00e9rieur du &hellip; <a href=\"https:\/\/www.lesmonts.ch\/wp_fr\/voyages\/le-parc-kruger\/\" class=\"more-link\">Continuer la lecture de <span class=\"screen-reader-text\">Le parc Kr\u00fcger<\/span>  <span class=\"meta-nav\">&rarr;<\/span><\/a><\/p>\n","protected":false},"author":1,"featured_media":0,"parent":369,"menu_order":0,"comment_status":"closed","ping_status":"closed","template":"","meta":{"_crdt_document":"","ngg_post_thumbnail":0,"footnotes":""},"class_list":["post-1007","page","type-page","status-publish","hentry"],"_links":{"self":[{"href":"https:\/\/www.lesmonts.ch\/wp_fr\/wp-json\/wp\/v2\/pages\/1007","targetHints":{"allow":["GET"]}}],"collection":[{"href":"https:\/\/www.lesmonts.ch\/wp_fr\/wp-json\/wp\/v2\/pages"}],"about":[{"href":"https:\/\/www.lesmonts.ch\/wp_fr\/wp-json\/wp\/v2\/types\/page"}],"author":[{"embeddable":true,"href":"https:\/\/www.lesmonts.ch\/wp_fr\/wp-json\/wp\/v2\/users\/1"}],"replies":[{"embeddable":true,"href":"https:\/\/www.lesmonts.ch\/wp_fr\/wp-json\/wp\/v2\/comments?post=1007"}],"version-history":[{"count":7,"href":"https:\/\/www.lesmonts.ch\/wp_fr\/wp-json\/wp\/v2\/pages\/1007\/revisions"}],"predecessor-version":[{"id":4102,"href":"https:\/\/www.lesmonts.ch\/wp_fr\/wp-json\/wp\/v2\/pages\/1007\/revisions\/4102"}],"up":[{"embeddable":true,"href":"https:\/\/www.lesmonts.ch\/wp_fr\/wp-json\/wp\/v2\/pages\/369"}],"wp:attachment":[{"href":"https:\/\/www.lesmonts.ch\/wp_fr\/wp-json\/wp\/v2\/media?parent=1007"}],"curies":[{"name":"wp","href":"https:\/\/api.w.org\/{rel}","templated":true}]}}