{"id":1004,"date":"2014-08-11T10:32:38","date_gmt":"2014-08-11T09:32:38","guid":{"rendered":"http:\/\/www.lesmonts.ch\/wp_fr\/?page_id=1004"},"modified":"2014-08-13T16:29:46","modified_gmt":"2014-08-13T15:29:46","slug":"etats-unis-parcs-nationaux","status":"publish","type":"page","link":"https:\/\/www.lesmonts.ch\/wp_fr\/voyages\/etats-unis-parcs-nationaux\/","title":{"rendered":"Etats-Unis (parcs nationaux)"},"content":{"rendered":"<p><a href=\"http:\/\/www.lesmonts.ch\/wp_fr\/wp-content\/uploads\/2014\/08\/usa.png\"><img loading=\"lazy\" decoding=\"async\" class=\"aligncenter size-full wp-image-1488\" src=\"http:\/\/www.lesmonts.ch\/wp_fr\/wp-content\/uploads\/2014\/08\/usa.png\" alt=\"usa\" width=\"110\" height=\"70\" \/><\/a>Les Etats-Unis n&rsquo;ont jamais craint les contradictions. A la fois plus grand pollueur de la plan\u00e8te et pionnier dans la protection de la nature (le premier parc national au monde, cr\u00e9e en 1872, est le parc national du Yellowstone), le pays n&rsquo;a aucun scrupule \u00e0 juxtaposer les extr\u00eames en mati\u00e8re de pollution et d&rsquo;\u00e9cologie.<\/p>\n<p>L&rsquo;immensit\u00e9 du pays rec\u00e8le des sites incroyables; les distances ne sont pas un gros probl\u00e8me, dans la mesure o\u00f9 l&rsquo;on dispose d&rsquo;un v\u00e9hicule. Un camping-car constitue une solution id\u00e9ale pour un voyage de trois semaines dans diff\u00e9rents parcs nationaux. Un \u00ab\u00a0petit\u00a0\u00bb camper (petit \u00e0 l&rsquo;\u00e9chelle des Etats-Unis, voir ci-dessous, c&rsquo;est le plus petit mod\u00e8le chez <a title=\"Cruise America (french)\" href=\"http:\/\/www.french.cruiseamerica.com\/\" target=\"_blank\">Cruise America<\/a>) co\u00fbte environ $3000.- sur trois semaines (assurances comprises en 2012 !), et est tout \u00e0 fait confortable pour deux personnes.<\/p>\n<p><a href=\"http:\/\/www.lesmonts.ch\/wp_fr\/wp-content\/uploads\/2014\/08\/CampingCar.jpg\"><img loading=\"lazy\" decoding=\"async\" class=\"aligncenter size-medium wp-image-1163\" src=\"http:\/\/www.lesmonts.ch\/wp_fr\/wp-content\/uploads\/2014\/08\/CampingCar-300x191.jpg\" alt=\"CampingCar\" width=\"300\" height=\"191\" srcset=\"https:\/\/www.lesmonts.ch\/wp_fr\/wp-content\/uploads\/2014\/08\/CampingCar-300x191.jpg 300w, https:\/\/www.lesmonts.ch\/wp_fr\/wp-content\/uploads\/2014\/08\/CampingCar-1024x651.jpg 1024w, https:\/\/www.lesmonts.ch\/wp_fr\/wp-content\/uploads\/2014\/08\/CampingCar.jpg 1200w\" sizes=\"auto, (max-width: 300px) 100vw, 300px\" \/><\/a><\/p>\n<p>L&rsquo;option h\u00f4tel est peut-\u00eatre plus confortable, mais beaucoup plus contraignante, surtout dans des parcs comme le Yellowstone. Les services de Cruise America sont raisonnablement efficaces, m\u00eame si l&rsquo;on perd parfois pas mal de temps lors de la prise en charge du v\u00e9hicule (\u00e9videmment, tout le monde arrive g\u00e9n\u00e9ralement en m\u00eame temps, et le ou la pr\u00e9pos\u00e9e va se pr\u00e9occuper d&rsquo;abord des grands mod\u00e8les !). <strong>N&rsquo;oubliez pas de faire une assurance compl\u00e9mentaire en cas d&rsquo;hospitalisation<\/strong> avant de vous rendre aux Etats-Unis !<\/p>\n<p>Les images propos\u00e9es ici concernent le <a title=\"Yellowstone\" href=\"http:\/\/www.lesmonts.ch\/wp_fr\/?page_id=1016\">Yellowstone<\/a>, <a title=\"Arches\" href=\"http:\/\/www.lesmonts.ch\/wp_fr\/?page_id=1142\">Arches<\/a>, <a title=\"Mesa Verde\" href=\"http:\/\/www.lesmonts.ch\/wp_fr\/?page_id=1149\">Mesa Verde<\/a>, <a title=\"Lake Powell\" href=\"http:\/\/www.lesmonts.ch\/wp_fr\/?page_id=1145\">Page <\/a>(lake Powell et Antelope Canyon), <a title=\"Bryce Canyon\" href=\"http:\/\/www.lesmonts.ch\/wp_fr\/?page_id=1147\">Bryce Canyon<\/a>, <a title=\"Grand Canyon du Colorado\" href=\"http:\/\/www.lesmonts.ch\/wp_fr\/?page_id=1151\">Grand Canyon du Colorado<\/a>, <a title=\"Le Lake Mead et le Colorado\" href=\"http:\/\/www.lesmonts.ch\/wp_fr\/?page_id=1153\">Lake Mead<\/a>, et <a title=\"Las Vegas\" href=\"http:\/\/www.lesmonts.ch\/wp_fr\/?page_id=1156\">Las Vegas<\/a>.<\/p>\n\r\n            \r\n            \r\n            \r\n            <a name='map6'><\/a>\r\n            \r\n            \r\n            \r\n            \r\n            <div class=\"wpgmza_map \"  id=\"wpgmza_map_6\" style=\"display:block; overflow:auto; width:600px; height:400px; float:left;\" data-settings='{\"id\":\"6\",\"map_title\":\"Parcs nationaux des Etats-Unis\",\"map_width\":\"600\",\"map_height\":\"400\",\"map_start_lat\":\"39.785277\",\"map_start_lng\":\"-111.333851\",\"map_start_location\":\"39.78527681966486,-111.33385081250003\",\"map_start_zoom\":\"5\",\"default_marker\":\"0\",\"type\":\"1\",\"alignment\":\"1\",\"directions_enabled\":\"1\",\"styling_enabled\":\"0\",\"styling_json\":\"\",\"active\":\"0\",\"kml\":\"\",\"bicycle\":\"0\",\"traffic\":\"0\",\"dbox\":\"1\",\"dbox_width\":\"500\",\"listmarkers\":\"0\",\"listmarkers_advanced\":\"0\",\"filterbycat\":\"0\",\"ugm_enabled\":\"0\",\"ugm_category_enabled\":\"0\",\"fusion\":\"\",\"map_width_type\":\"px\",\"map_height_type\":\"px\",\"mass_marker_support\":\"0\",\"ugm_access\":\"0\",\"order_markers_by\":\"1\",\"order_markers_choice\":\"2\",\"show_user_location\":\"2\",\"default_to\":\"\",\"other_settings\":{\"store_locator_enabled\":2,\"store_locator_distance\":2,\"store_locator_category\":2,\"sl_stroke_color\":\"FF0000\",\"sl_stroke_opacity\":\"0.25\",\"sl_fill_color\":\"FF0000\",\"sl_fill_opacity\":\"0.15\",\"weather_layer\":2,\"cloud_layer\":2,\"transport_layer\":0,\"shortcodeAttributes\":{\"id\":\"6\"}}}' data-map-id='6' data-shortcode-attributes='{\"id\":\"6\"}'> <\/div>\r\n            \r\n               \r\n        <div style=\"display:block; width:100%;\">\r\n\t\t\t\t\r\n\t\t\t\t<div class=\"wpgmza-directions-box wpgmaps_directions_outer_div\" data-map-id=\"6\" style=\"width:500%;display:none;clear:both;\" id=\"wpgmaps_directions_edit_6\">\n\t<h2 class=\"wpgmza-directions-box__title\">Obtenir un itin\u00e9raire<\/h2>\n\t\n\t<div class=\"wpgmza-directions-box-inner\" id=\"wpgmaps_directions_editbox_6\">\n\t\t<div class=\"wpgmza-directions-actions wpgmza-form-field\">\n\t\t\t<div class=\"wpgmza-directions__travel-mode\">\n\t\t\t\t<span class=\"wpgmza-travel-mode-option wpgmza-travel-option__selected\" data-mode=\"driving\">\n\t\t\t\t\t<img decoding=\"async\" src=\"https:\/\/www.lesmonts.ch\/wp_fr\/wp-content\/plugins\/wp-google-maps-pro\/images\/icons\/directions_car.png\">\n\t\t\t\t<\/span>\n\t\t\t\t<span class=\"wpgmza-travel-mode-option\" data-mode=\"walking\">\n\t\t\t\t\t<img decoding=\"async\" src=\"https:\/\/www.lesmonts.ch\/wp_fr\/wp-content\/plugins\/wp-google-maps-pro\/images\/icons\/directions_walking.png\">\n\t\t\t\t<\/span>\n\t\t\t\t<span class=\"wpgmza-travel-mode-option\" data-mode=\"transit\">\n\t\t\t\t\t<img decoding=\"async\" src=\"https:\/\/www.lesmonts.ch\/wp_fr\/wp-content\/plugins\/wp-google-maps-pro\/images\/icons\/directions_transit.png\">\n\t\t\t\t<\/span>\n\t\t\t\t<span class=\"wpgmza-travel-mode-option\" data-mode=\"bicycling\">\n\t\t\t\t\t<img decoding=\"async\" src=\"https:\/\/www.lesmonts.ch\/wp_fr\/wp-content\/plugins\/wp-google-maps-pro\/images\/icons\/directions_bike.png\">\n\t\t\t\t<\/span>\n\t\t\t<\/div>\n\n\t\t\t<div class=\"wpgmza-directions-locations\">\n\t\t\t\t<div class=\"wpgmza-directions-from wpgmza-form-field\">\n\n\t\t\t\t\t<i class=\"wpgmza-directions-from__icon fa fa-circle\"><\/i>\n\t\t\t\n\t\t\t\t\t<label class=\"wpgmza-form-field__label\" for=\"wpgmza_input_from_6\">\n\t\t\t\t\t\tDepuis\t\t\t\t\t<\/label>\n\t\t\t\t\t\n\t\t\t\t\t<input class=\"wpgmza-address wpgmza-directions-from wpgmza-form-field__input\" type=\"text\" placeholder=\"Depuis\" value=\"\" id=\"wpgmza_input_from_6\" aria-label=\"Depuis\">\n\t\t\t\t\n\t\t\t\t<\/div>\n\n\t\t\t\t<div class=\"wpgmza-directions-to wpgmza-form-field wpgmaps_to_row\">\n\n\t\t\t\t\t<i class=\"wpgmza-directions-to__icon fa fas fa-map-marker\"><\/i>\n\n\t\t\t\t\t<label class=\"wpgmza-form-field__label\" for=\"wpgmza_input_to_6\">\n\t\t\t\t\t\t\u00c0\t\t\t\t\t<\/label>\n\t\t\t\t\t<input class=\"wpgmza-address wpgmza-form-field__input wpgmza-directions-to\" type=\"text\" placeholder=\"\u00c0\" value=\"\" id=\"wpgmza_input_to_6\" aria-label=\"\u00c0\">\n\t\t\t\t<\/div>\n\t\t\t\t\n\t\t\t\t<div class=\"wpgmza-waypoint-via wpgmza-form-field wpgmza-form-field--no-pad wpgmaps_via wpgmaps_template\">\n\n\t\t\t\t\t<i class=\"wpgmza-directions-from__icon fa fa-circle\"><\/i>\n\t\t\t\t\n\t\t\t\t\t<input class=\"wpgmza-waypoint-via wpgmza-form-field__input wpgmaps_via\" type=\"text\" placeholder=\"Via\">\n\t\t\t\t\t\n\t\t\t\t\t<button href=\"javascript:%20;\" class=\"wpgmza_remove_via\">\n\t\t\t\t\t\t<i class=\"fa fa-times\"><\/i>\n\t\t\t\t\t<\/button>\n\t\t\t\t\t\n\t\t\t\t<\/div>\n\t\t\t\t\n\t\t\t\t<div class=\"wpgmza-add-waypoint wpgmza-form-field wpgmza-form-field--no-pad wpgmaps_add_waypoint\">\n\t\t\t\t\t<div class=\"wpgmaps_add_waypoint\">\n\t\t\t\t\t\t<a href=\"javascript:%20;\" class=\"wpgmaps_add_waypoint\" mapid=\"6\">\n\t\t\t\t\t\t\t<i class=\"fa fa-plus-circle\" aria-hidden=\"true\"><\/i>\n\t\t\t\t\t\t\tAjouter un point de cheminement\t\t\t\t\t\t<\/a>\n\t\t\t\t\t<\/div>\n\t\t\t\t<\/div>\n\t\t\t<\/div>\n\n\t\t\t<div class=\"wpgmza-hidden\">\n\t\t\t<label class=\"wpgmza-travel-mode wpgmza-form-field__label\" for=\"wpgmza_dir_type_6\">\n\t\t\t\tPour\t\t\t<\/label>\n\t\t\t<select class=\"wpgmza-travel-mode wpgmza-form-field__input\" name=\"wpgmza_dir_type_6\" id=\"wpgmza_dir_type_6\" aria-label=\"Pour\">\n\t\t\t\t<option value=\"driving\">\n\t\t\t\t\tConduite\t\t\t\t<\/option>\n\t\t\t\t<option value=\"walking\">\n\t\t\t\t\tMarche\t\t\t\t<\/option>\n\t\t\t\t<option value=\"transit\">\n\t\t\t\t\tTransit\t\t\t\t<\/option>\n\t\t\t\t<option value=\"bicycling\">\n\t\t\t\t\tV\u00e9lo\t\t\t\t<\/option>\n\t\t\t<\/select>\n\t\t\t<\/div>\n\t\t<\/div>\n\t\t\t\n\t\t<div class=\"wpgmza-directions-options__section\">\n\t\t\t<a href=\"javascript:;\" class=\"wpgmza-show-directions-options\" id=\"wpgmza_show_options_6\" mapid=\"6\">\n\t\t\t\tafficher les options\t\t\t<\/a>\n\t\t\t\n\t\t\t<a href=\"javascript:;\" class=\"wpgmza-hide-directions-options\" id=\"wpgmza_hide_options_6\" mapid=\"6\">\n\t\t\t\tmasquer les options\t\t\t<\/a>\n\t\t\t\n\t\t\t<div class=\"wpgmza-directions-options wpgmza-form-field wpgmza-form-field--no-pad wpgmza_dir_options\">\n\t\t\t\t<label class=\"class\">\n\t\t\t\t\t<input type=\"checkbox\" class=\"wpgmza-avoid-tolls\" value=\"tolls\" name=\"wpgmza_tolls_6\" id=\"wpgmza_tolls_6\">\n\t\t\t\t\t\u00c9vitez les p\u00e9ages\t\t\t\t<\/label>\n\t\t\t\t<label class=\"class\">\n\t\t\t\t\t<input type=\"checkbox\" class=\"wpgmza-avoid-highways\" value=\"highways\" name=\"wpgmza_highways_6\" id=\"wpgmza_highways_6\">\n\t\t\t\t\t\u00c9vitez les autoroutes\t\t\t\t<\/label>\n\t\t\t\t<label class=\"class\">\n\t\t\t\t\t<input type=\"checkbox\" class=\"wpgmza-avoid-ferries\" value=\"ferries\" name=\"wpgmza_ferries_6\" id=\"wpgmza_ferries_6\">\n\t\t\t\t\t\u00c9vitez les ferries\t\t\t\t<\/label>\n\t\t\t<\/div>\n\t\t<\/div>\n\t\t\n\t<\/div>\n\t\n\t<div class=\"wpgmza-directions-buttons wpgmza-form-field wpgmaps_to_row\">\n\t\t<input class=\"wpgmza-get-directions wpgmaps_get_directions\" onclick=\"javascript: ;\" type=\"button\" value=\"Aller\" id=\"6\">\n\t\t\n\t\t<span class=\"wpgmza-directions-result__buttons\">\n\t\t\t<a class=\"wpgmza-print-directions\" style=\"display: none;\" onclick=\"javascript: ;\" mapid=\"6\">\n\t\t\t\tImprimer les itin\u00e9raires\t\t\t<\/a>\n\t\t\t\n\t\t\t<a class=\"wpgmza-reset-directions\" style=\"display: none;\" onclick=\"javascript: ;\" mapid=\"6\">\n\t\t\t\tR\u00e9initialiser les itin\u00e9raires\t\t\t<\/a>\n\t\t<\/span>\n\t<\/div>\n<\/div>\r\n\t\t\t\t\r\n\t\t\t\t<div id=\"wpgmaps_directions_notification_6\" style=\"display:none;\">R\u00e9cup\u00e9ration d'itin\u00e9raire......<\/div>\r\n\t\t\t\t\r\n\t\t\t\t<div id=\"wpgmaps_directions_reset_6\" style=\"display:none;\">\r\n\r\n\t\t\t\t\t<a href='javascript:void(0)' onclick='wpgmza_reset_directions(6);' id='wpgmaps_reset_directions' title='R\u00e9initialiser les itin\u00e9raires'>R\u00e9initialiser les itin\u00e9raires<\/a>\r\n\t\t\t\t\t<br \/>\r\n\t\t\t\t\t<a href='javascript: ;' id='wpgmaps_print_directions_6' target='_blank' title='Imprimer les itin\u00e9raires'>Imprimer les itin\u00e9raires<\/a>\r\n\t\t\t\t<\/div>\r\n\t\t\t\t\r\n\t\t\t\t<div id=\"directions_panel_6\"><\/div>\r\n\r\n\t\t\t<\/div>\n<p>&nbsp;<\/p>\n","protected":false},"excerpt":{"rendered":"<p>Les Etats-Unis n&rsquo;ont jamais craint les contradictions. A la fois plus grand pollueur de la plan\u00e8te et pionnier dans la protection de la nature (le premier parc national au monde, cr\u00e9e en 1872, est le parc national du Yellowstone), le pays n&rsquo;a aucun scrupule \u00e0 juxtaposer les extr\u00eames en mati\u00e8re de pollution et d&rsquo;\u00e9cologie. L&rsquo;immensit\u00e9 &hellip; <a href=\"https:\/\/www.lesmonts.ch\/wp_fr\/voyages\/etats-unis-parcs-nationaux\/\" class=\"more-link\">Continuer la lecture de <span class=\"screen-reader-text\">Etats-Unis (parcs nationaux)<\/span>  <span class=\"meta-nav\">&rarr;<\/span><\/a><\/p>\n","protected":false},"author":1,"featured_media":0,"parent":369,"menu_order":0,"comment_status":"open","ping_status":"open","template":"","meta":{"_crdt_document":"","ngg_post_thumbnail":0,"footnotes":""},"class_list":["post-1004","page","type-page","status-publish","hentry"],"_links":{"self":[{"href":"https:\/\/www.lesmonts.ch\/wp_fr\/wp-json\/wp\/v2\/pages\/1004","targetHints":{"allow":["GET"]}}],"collection":[{"href":"https:\/\/www.lesmonts.ch\/wp_fr\/wp-json\/wp\/v2\/pages"}],"about":[{"href":"https:\/\/www.lesmonts.ch\/wp_fr\/wp-json\/wp\/v2\/types\/page"}],"author":[{"embeddable":true,"href":"https:\/\/www.lesmonts.ch\/wp_fr\/wp-json\/wp\/v2\/users\/1"}],"replies":[{"embeddable":true,"href":"https:\/\/www.lesmonts.ch\/wp_fr\/wp-json\/wp\/v2\/comments?post=1004"}],"version-history":[{"count":5,"href":"https:\/\/www.lesmonts.ch\/wp_fr\/wp-json\/wp\/v2\/pages\/1004\/revisions"}],"predecessor-version":[{"id":1489,"href":"https:\/\/www.lesmonts.ch\/wp_fr\/wp-json\/wp\/v2\/pages\/1004\/revisions\/1489"}],"up":[{"embeddable":true,"href":"https:\/\/www.lesmonts.ch\/wp_fr\/wp-json\/wp\/v2\/pages\/369"}],"wp:attachment":[{"href":"https:\/\/www.lesmonts.ch\/wp_fr\/wp-json\/wp\/v2\/media?parent=1004"}],"curies":[{"name":"wp","href":"https:\/\/api.w.org\/{rel}","templated":true}]}}